{"id":28662,"date":"2020-09-10T05:50:14","date_gmt":"2020-09-10T05:50:14","guid":{"rendered":"http:\/\/demo-install.wpestate.org\/?page_id=28662"},"modified":"2020-09-10T05:50:14","modified_gmt":"2020-09-10T05:50:14","slug":"demo-property-template-1-elementor","status":"publish","type":"page","link":"https:\/\/uptrendhomesgroup.com\/pl\/demo-property-template-1-elementor\/","title":{"rendered":"Szablon w\u0142a\u015bciwo\u015bci demonstracyjnych 1 Elementor"},"content":{"rendered":"<div data-elementor-type=\"wp-page\" data-elementor-id=\"28662\" class=\"elementor elementor-28662\">\n\t\t\t\t\t\t<section class=\"elementor-section elementor-top-section elementor-element elementor-element-17ec413a elementor-section-full_width elementor-section-stretched elementor-section-height-default elementor-section-height-default\" data-id=\"17ec413a\" data-element_type=\"section\" data-settings=\"{&quot;stretch_section&quot;:&quot;section-stretched&quot;}\">\n\t\t\t\t\t\t<div class=\"elementor-container elementor-column-gap-no\">\n\t\t\t\t\t<div class=\"elementor-column elementor-col-100 elementor-top-column elementor-element elementor-element-3f578225\" data-id=\"3f578225\" data-element_type=\"column\">\n\t\t\t<div class=\"elementor-widget-wrap elementor-element-populated\">\n\t\t\t\t\t\t<section class=\"elementor-section elementor-inner-section elementor-element elementor-element-6525b8a6 elementor-section-content-top elementor-section-boxed elementor-section-height-default elementor-section-height-default\" data-id=\"6525b8a6\" data-element_type=\"section\">\n\t\t\t\t\t\t<div class=\"elementor-container elementor-column-gap-default\">\n\t\t\t\t\t<div class=\"elementor-column elementor-col-100 elementor-inner-column elementor-element elementor-element-6f90037e\" data-id=\"6f90037e\" data-element_type=\"column\">\n\t\t\t<div class=\"elementor-widget-wrap\">\n\t\t\t\t\t\t\t<\/div>\n\t\t<\/div>\n\t\t\t\t\t<\/div>\n\t\t<\/section>\n\t\t\t\t\t<\/div>\n\t\t<\/div>\n\t\t\t\t\t<\/div>\n\t\t<\/section>\n\t\t\t\t<section class=\"elementor-section elementor-top-section elementor-element elementor-element-18a44ab7 elementor-section-boxed elementor-section-height-default elementor-section-height-default\" data-id=\"18a44ab7\" data-element_type=\"section\">\n\t\t\t\t\t\t<div class=\"elementor-container elementor-column-gap-default\">\n\t\t\t\t\t<div class=\"elementor-column elementor-col-100 elementor-top-column elementor-element elementor-element-18e17ab6\" data-id=\"18e17ab6\" data-element_type=\"column\">\n\t\t\t<div class=\"elementor-widget-wrap\">\n\t\t\t\t\t\t\t<\/div>\n\t\t<\/div>\n\t\t\t\t\t<\/div>\n\t\t<\/section>\n\t\t\t\t<section class=\"elementor-section elementor-top-section elementor-element elementor-element-11085762 elementor-section-boxed elementor-section-height-default elementor-section-height-default\" data-id=\"11085762\" data-element_type=\"section\">\n\t\t\t\t\t\t<div class=\"elementor-container elementor-column-gap-default\">\n\t\t\t\t\t<div class=\"elementor-column elementor-col-100 elementor-top-column elementor-element elementor-element-a859a8c\" data-id=\"a859a8c\" data-element_type=\"column\">\n\t\t\t<div class=\"elementor-widget-wrap\">\n\t\t\t\t\t\t\t<\/div>\n\t\t<\/div>\n\t\t\t\t\t<\/div>\n\t\t<\/section>\n\t\t\t\t<section class=\"elementor-section elementor-top-section elementor-element elementor-element-2236f804 elementor-section-boxed elementor-section-height-default elementor-section-height-default\" data-id=\"2236f804\" data-element_type=\"section\">\n\t\t\t\t\t\t<div class=\"elementor-container elementor-column-gap-default\">\n\t\t\t\t\t<div class=\"elementor-column elementor-col-50 elementor-top-column elementor-element elementor-element-6bf69e41\" data-id=\"6bf69e41\" data-element_type=\"column\">\n\t\t\t<div class=\"elementor-widget-wrap\">\n\t\t\t\t\t\t\t<\/div>\n\t\t<\/div>\n\t\t\t\t<div class=\"elementor-column elementor-col-50 elementor-top-column elementor-element elementor-element-15183b38\" data-id=\"15183b38\" data-element_type=\"column\">\n\t\t\t<div class=\"elementor-widget-wrap\">\n\t\t\t\t\t\t\t<\/div>\n\t\t<\/div>\n\t\t\t\t\t<\/div>\n\t\t<\/section>\n\t\t\t\t<section class=\"elementor-section elementor-top-section elementor-element elementor-element-65f8614a elementor-section-boxed elementor-section-height-default elementor-section-height-default\" data-id=\"65f8614a\" data-element_type=\"section\">\n\t\t\t\t\t\t<div class=\"elementor-container elementor-column-gap-default\">\n\t\t\t\t\t<div class=\"elementor-column elementor-col-100 elementor-top-column elementor-element elementor-element-14ed8865\" data-id=\"14ed8865\" data-element_type=\"column\">\n\t\t\t<div class=\"elementor-widget-wrap\">\n\t\t\t\t\t\t\t<\/div>\n\t\t<\/div>\n\t\t\t\t\t<\/div>\n\t\t<\/section>\n\t\t\t\t<section class=\"elementor-section elementor-top-section elementor-element elementor-element-2fa5ed59 elementor-section-boxed elementor-section-height-default elementor-section-height-default\" data-id=\"2fa5ed59\" data-element_type=\"section\">\n\t\t\t\t\t\t<div class=\"elementor-container elementor-column-gap-default\">\n\t\t\t\t\t<div class=\"elementor-column elementor-col-100 elementor-top-column elementor-element elementor-element-64fcc519\" data-id=\"64fcc519\" data-element_type=\"column\">\n\t\t\t<div class=\"elementor-widget-wrap\">\n\t\t\t\t\t\t\t<\/div>\n\t\t<\/div>\n\t\t\t\t\t<\/div>\n\t\t<\/section>\n\t\t\t\t<\/div>","protected":false},"excerpt":{"rendered":"<p>Overview Updated On: September 10, 2020 Rooms Bedrooms Demo Property Template 1 Elementor Facebook Twitter Pinterest WhatsApp Email Share Favorite Print Property Address Open In Google Maps Description Overview Updated On: September 10, 2020 Rooms Bedrooms Demo Property Template 1 Elementor Facebook Twitter Pinterest WhatsApp Email Share Favorite Print Property Address Open In Google Maps Description Overview Updated On: September 10, 2020 Rooms Bedrooms &#8230;<\/p>","protected":false},"author":13,"featured_media":0,"parent":0,"menu_order":0,"comment_status":"closed","ping_status":"closed","template":"page_property_design.php","meta":{"_acf_changed":false,"om_disable_all_campaigns":false,"inline_featured_image":false,"_monsterinsights_skip_tracking":false,"_monsterinsights_sitenote_active":false,"_monsterinsights_sitenote_note":"","_monsterinsights_sitenote_category":0,"footnotes":""},"class_list":["post-28662","page","type-page","status-publish","hentry"],"acf":[],"aioseo_notices":[],"_links":{"self":[{"href":"https:\/\/uptrendhomesgroup.com\/pl\/wp-json\/wp\/v2\/pages\/28662","targetHints":{"allow":["GET"]}}],"collection":[{"href":"https:\/\/uptrendhomesgroup.com\/pl\/wp-json\/wp\/v2\/pages"}],"about":[{"href":"https:\/\/uptrendhomesgroup.com\/pl\/wp-json\/wp\/v2\/types\/page"}],"author":[{"embeddable":true,"href":"https:\/\/uptrendhomesgroup.com\/pl\/wp-json\/wp\/v2\/users\/13"}],"replies":[{"embeddable":true,"href":"https:\/\/uptrendhomesgroup.com\/pl\/wp-json\/wp\/v2\/comments?post=28662"}],"version-history":[{"count":0,"href":"https:\/\/uptrendhomesgroup.com\/pl\/wp-json\/wp\/v2\/pages\/28662\/revisions"}],"wp:attachment":[{"href":"https:\/\/uptrendhomesgroup.com\/pl\/wp-json\/wp\/v2\/media?parent=28662"}],"curies":[{"name":"wp","href":"https:\/\/api.w.org\/{rel}","templated":true}]}}