{"id":2972,"date":"2014-10-22T12:36:54","date_gmt":"2014-10-22T12:36:54","guid":{"rendered":"http:\/\/wpresidence.net\/?page_id=2972"},"modified":"2025-06-19T22:34:20","modified_gmt":"2025-06-19T19:34:20","slug":"terms-and-coditions","status":"publish","type":"page","link":"https:\/\/uptrendhomesgroup.com\/pl\/terms-and-coditions\/","title":{"rendered":"Warunki korzystania"},"content":{"rendered":"<p>Niniejsza Polityka prywatno\u015bci reguluje spos\u00f3b, w jaki Uptrendhomesgroup gromadzi, wykorzystuje, przechowuje i ujawnia informacje zebrane od u\u017cytkownik\u00f3w (ka\u017cdy z nich zwany \u201eU\u017cytkownikiem\u201d) witryny internetowej <a href=\"https:\/\/uptrendhomesgroup.com\/pl\/\">https:\/\/uptrendhomesgroup.com\/<\/a> (\u201eStrona\u201d). Niniejsza polityka prywatno\u015bci ma zastosowanie do Strony oraz wszystkich produkt\u00f3w i us\u0142ug oferowanych przez motyw WordPress Real Estate.<\/p>\n<p>Informacje identyfikacyjne<\/p>\n<p>Mo\u017cemy gromadzi\u0107 dane osobowe U\u017cytkownik\u00f3w na r\u00f3\u017cne sposoby w zwi\u0105zku z dzia\u0142aniami, us\u0142ugami, funkcjami lub zasobami, kt\u00f3re udost\u0119pniamy w naszej Witrynie. U\u017cytkownicy mog\u0105 odwiedza\u0107 nasz\u0105 Witryn\u0119 anonimowo. Gromadzimy dane osobowe U\u017cytkownik\u00f3w tylko wtedy, gdy dobrowolnie nam je przeka\u017c\u0105. U\u017cytkownicy mog\u0105 zawsze odm\u00f3wi\u0107 podania danych osobowych, z tym \u017ce mo\u017ce to uniemo\u017cliwi\u0107 im udzia\u0142 w niekt\u00f3rych dzia\u0142aniach zwi\u0105zanych z Witryn\u0105.<\/p>\n<p>Informacje identyfikacyjne nieosobowe<\/p>\n<p>Mo\u017cemy gromadzi\u0107 nieosobowe dane identyfikacyjne U\u017cytkownik\u00f3w za ka\u017cdym razem, gdy wchodz\u0105 oni w interakcj\u0119 z nasz\u0105 Stron\u0105. Nieosobowe dane identyfikacyjne mog\u0105 obejmowa\u0107 nazw\u0119 przegl\u0105darki, typ komputera oraz informacje techniczne dotycz\u0105ce sposobu po\u0142\u0105czenia U\u017cytkownik\u00f3w z nasz\u0105 Stron\u0105, takie jak system operacyjny i dostawcy us\u0142ug internetowych, z kt\u00f3rych korzystaj\u0105, a tak\u017ce inne podobne informacje.<\/p>\n<p>Pliki cookie przegl\u0105darki internetowej<\/p>\n<p>Nasza Witryna mo\u017ce wykorzystywa\u0107 pliki \u201ecookie\u201d w celu poprawy komfortu u\u017cytkowania. Przegl\u0105darka internetowa umieszcza pliki cookie na dysku twardym w celu prowadzenia ewidencji, a czasami w celu \u015bledzenia informacji o u\u017cytkowniku. Mo\u017cesz ustawi\u0107 przegl\u0105dark\u0119 tak, aby odrzuca\u0142a pliki cookie lub powiadamia\u0142a o ich wysy\u0142aniu. W takim przypadku pami\u0119taj, \u017ce niekt\u00f3re cz\u0119\u015bci Witryny mog\u0105 nie dzia\u0142a\u0107 poprawnie.<\/p>\n<p>Jak chronimy Twoje dane<\/p>\n<p>Stosujemy odpowiednie praktyki gromadzenia, przechowywania i przetwarzania danych oraz \u015brodki bezpiecze\u0144stwa w celu ochrony przed nieautoryzowanym dost\u0119pem, zmian\u0105, ujawnieniem lub zniszczeniem Twoich danych osobowych, nazwy u\u017cytkownika, has\u0142a, informacji o transakcjach i danych przechowywanych w naszej Witrynie.<\/p>\n<p>Podawanie swoich danych osobowych<\/p>\n<p>Nie sprzedajemy, nie wymieniamy ani nie wynajmujemy danych osobowych U\u017cytkownik\u00f3w innym podmiotom. Mo\u017cemy udost\u0119pnia\u0107 naszym partnerom biznesowym, zaufanym podmiotom stowarzyszonym i reklamodawcom og\u00f3lne, zagregowane dane demograficzne, niepowi\u0105zane z \u017cadnymi danymi osobowymi dotycz\u0105cymi odwiedzaj\u0105cych i u\u017cytkownik\u00f3w, w celach okre\u015blonych powy\u017cej.<\/p>\n<p>Zmiany w niniejszej polityce prywatno\u015bci<\/p>\n<p>Motyw WordPress Real Estate zastrzega sobie prawo do aktualizacji niniejszej polityki prywatno\u015bci w dowolnym momencie. W takim przypadku zaktualizujemy dat\u0119 aktualizacji na dole tej strony. Zach\u0119camy U\u017cytkownik\u00f3w do cz\u0119stego sprawdzania tej strony pod k\u0105tem zmian, aby by\u0107 na bie\u017c\u0105co z tym, jak pomagamy chroni\u0107 gromadzone przez nas dane osobowe. U\u017cytkownik przyjmuje do wiadomo\u015bci i zgadza si\u0119, \u017ce jego obowi\u0105zkiem jest okresowe przegl\u0105danie niniejszej polityki prywatno\u015bci i zapoznawanie si\u0119 z jej zmianami.<\/p>\n<p>Twoja zgoda na niniejsze warunki<\/p>\n<p>Korzystaj\u0105c z tej Witryny, wyra\u017casz zgod\u0119 na niniejsz\u0105 polityk\u0119. Je\u015bli nie zgadzasz si\u0119 z t\u0105 polityk\u0105, prosimy o niekorzystanie z naszej Witryny. Dalsze korzystanie z Witryny po opublikowaniu zmian w niniejszej polityce b\u0119dzie r\u00f3wnoznaczne z akceptacj\u0105 tych zmian.<\/p>\n<p>Zmiany w niniejszej polityce prywatno\u015bci<\/p>\n<p>Motyw WordPress dla Nieruchomo\u015bci ma prawo do aktualizacji niniejszej polityki prywatno\u015bci w dowolnym momencie. W takim przypadku zmienimy dat\u0119 aktualizacji na dole tej strony. Zach\u0119camy U\u017cytkownik\u00f3w do cz\u0119stego sprawdzania tej strony pod k\u0105tem zmian, aby by\u0107 na bie\u017c\u0105co z tym, jak pomagamy chroni\u0107 gromadzone przez nas dane osobowe. U\u017cytkownik przyjmuje do wiadomo\u015bci i zgadza si\u0119, \u017ce jego obowi\u0105zkiem jest okresowe przegl\u0105danie niniejszej polityki prywatno\u015bci i zapoznawanie si\u0119 z jej zmianami.<\/p>\n<p>Twoja akceptacja tych warunk\u00f3w<\/p>\n<p>Korzystaj\u0105c z tej Witryny, wyra\u017casz zgod\u0119 na niniejsz\u0105 polityk\u0119. Je\u015bli nie zgadzasz si\u0119 z t\u0105 polityk\u0105, prosimy o niekorzystanie z naszej Witryny. Dalsze korzystanie z Witryny po opublikowaniu zmian w niniejszej polityce b\u0119dzie r\u00f3wnoznaczne z akceptacj\u0105 tych zmian.<\/p>","protected":false},"excerpt":{"rendered":"<p>Niniejsza Polityka Prywatno\u015bci reguluje spos\u00f3b, w jaki Uptrendhomesgroup gromadzi, wykorzystuje, przechowuje i ujawnia informacje zebrane od u\u017cytkownik\u00f3w (ka\u017cdy z osobna \u201eU\u017cytkownik\u201d) witryny https:\/\/uptrendhomesgroup.com\/ (\u201eWitryna\u201d). Niniejsza polityka prywatno\u015bci ma zastosowanie do Witryny oraz wszystkich produkt\u00f3w i us\u0142ug oferowanych przez motyw WordPress Real Estate. Dane osobowe Mo\u017cemy gromadzi\u0107 dane osobowe od U\u017cytkownik\u00f3w na r\u00f3\u017cne sposoby w zwi\u0105zku z dzia\u0142aniami, us\u0142ugami, funkcjami lub zasobami, kt\u00f3re\u2026<\/p>","protected":false},"author":13,"featured_media":0,"parent":0,"menu_order":0,"comment_status":"closed","ping_status":"closed","template":"terms_conditions.php","meta":{"_acf_changed":false,"om_disable_all_campaigns":false,"inline_featured_image":false,"_monsterinsights_skip_tracking":false,"_monsterinsights_sitenote_active":false,"_monsterinsights_sitenote_note":"","_monsterinsights_sitenote_category":0,"footnotes":""},"class_list":["post-2972","page","type-page","status-publish","hentry"],"acf":[],"aioseo_notices":[],"_links":{"self":[{"href":"https:\/\/uptrendhomesgroup.com\/pl\/wp-json\/wp\/v2\/pages\/2972","targetHints":{"allow":["GET"]}}],"collection":[{"href":"https:\/\/uptrendhomesgroup.com\/pl\/wp-json\/wp\/v2\/pages"}],"about":[{"href":"https:\/\/uptrendhomesgroup.com\/pl\/wp-json\/wp\/v2\/types\/page"}],"author":[{"embeddable":true,"href":"https:\/\/uptrendhomesgroup.com\/pl\/wp-json\/wp\/v2\/users\/13"}],"replies":[{"embeddable":true,"href":"https:\/\/uptrendhomesgroup.com\/pl\/wp-json\/wp\/v2\/comments?post=2972"}],"version-history":[{"count":4,"href":"https:\/\/uptrendhomesgroup.com\/pl\/wp-json\/wp\/v2\/pages\/2972\/revisions"}],"predecessor-version":[{"id":38799,"href":"https:\/\/uptrendhomesgroup.com\/pl\/wp-json\/wp\/v2\/pages\/2972\/revisions\/38799"}],"wp:attachment":[{"href":"https:\/\/uptrendhomesgroup.com\/pl\/wp-json\/wp\/v2\/media?parent=2972"}],"curies":[{"name":"wp","href":"https:\/\/api.w.org\/{rel}","templated":true}]}}