{"id":31234,"date":"2023-10-05T01:26:45","date_gmt":"2023-10-04T22:26:45","guid":{"rendered":"https:\/\/uptrendhomesgroup.com\/?page_id=31234"},"modified":"2026-02-27T16:15:30","modified_gmt":"2026-02-27T13:15:30","slug":"calisma-turu","status":"publish","type":"page","link":"https:\/\/uptrendhomesgroup.com\/pl\/calisma-turu\/","title":{"rendered":"Wycieczka wprowadzaj\u0105ca"},"content":{"rendered":"<p style=\"text-align: justify;\"><img fetchpriority=\"high\" decoding=\"async\" class=\"wp-image-42479 alignright\" src=\"https:\/\/uptrendhomesgroup.com\/wp-content\/uploads\/2026\/01\/tur-1-1024x683.jpg\" alt=\"\" width=\"578\" height=\"386\" srcset=\"https:\/\/uptrendhomesgroup.com\/wp-content\/uploads\/2026\/01\/tur-1-1024x683.jpg 1024w, https:\/\/uptrendhomesgroup.com\/wp-content\/uploads\/2026\/01\/tur-1-300x200.jpg 300w, https:\/\/uptrendhomesgroup.com\/wp-content\/uploads\/2026\/01\/tur-1-768x512.jpg 768w, https:\/\/uptrendhomesgroup.com\/wp-content\/uploads\/2026\/01\/tur-1-18x12.jpg 18w, https:\/\/uptrendhomesgroup.com\/wp-content\/uploads\/2026\/01\/tur-1-105x70.jpg 105w, https:\/\/uptrendhomesgroup.com\/wp-content\/uploads\/2026\/01\/tur-1.jpg 1536w\" sizes=\"(max-width: 578px) 100vw, 578px\" \/>Je\u015bli ju\u017c podj\u0105\u0142e\u015b decyzj\u0119 i chcesz kupi\u0107 nieruchomo\u015b\u0107 w Turcji, to najlepiej przyjecha\u0107 i zobaczy\u0107 wszystko na w\u0142asne oczy \u2013 zobaczy\u0107, dotkn\u0105\u0107 i poczu\u0107. U\u015bmiechnij si\u0119 do s\u0142o\u0144ca, poczuj morsk\u0105 bryz\u0119, poczuj rytm \u017cycia miasta, jego tempo i charakter \u2013 to niepor\u00f3wnywalne z wyborem domu na podstawie zdj\u0119\u0107 i film\u00f3w w internecie!<\/p>\n<p style=\"text-align: justify;\">Wycieczka zapoznawcza UPTREND HOMES obejmuje:<\/p>\n<ul style=\"list-style-type: circle;\">\n<li style=\"text-align: justify;\">spotkanie na lotnisku i transfer do hotelu oraz powr\u00f3t na zako\u0144czenie wycieczki.<\/li>\n<li style=\"text-align: justify;\">Zakwaterowanie w luksusowych apartamentach lub w hotelu. Przy wyborze miejsca pobytu bierzemy pod uwag\u0119 Pa\u0144stwa \u017cyczenia.<\/li>\n<li style=\"text-align: justify;\">wprowadzaj\u0105ca wycieczka po mie\u015bcie z dok\u0142adnym opisem wszystkich dzielnic, ich cech, infrastruktury i perspektyw.<\/li>\n<li style=\"text-align: justify;\">wy\u015bwietlanie obiekt\u00f3w na podstawie celu zakupu, Twoich \u017cycze\u0144 i preferencji.<\/li>\n<\/ul>\n<p style=\"text-align: justify;\">Zdolno\u015b\u0107 por\u00f3wnywania i oceny kilku obszar\u00f3w i kompleks\u00f3w.<br \/>\nFachowe konsultacje w sprawach formalnych, przeprowadzki, adaptacji, otwarcia w\u0142asnej dzia\u0142alno\u015bci gospodarczej i innych interesuj\u0105cych Pa\u0144stwa kwestiach.<br \/>\nWycieczka zapoznawcza jest przewidziana na maksymalnie 7 dni. W zale\u017cno\u015bci od kwoty zakupu, UPTREND HOMES pokrywa koszty zakwaterowania, transfer\u00f3w i przelotu.<br \/>\nPrzyjd\u017a i zaufaj profesjonalistom, my zajmiemy si\u0119 Tob\u0105!<\/p>\n<div class=\"video-container\"><iframe title=\"\u0411\u0435\u0441\u043f\u043b\u0430\u0442\u043d\u0430\u044f \u043f\u043e\u0435\u0437\u0434\u043a\u0430 \u0437\u0430 \u043a\u0432\u0430\u0440\u0442\u0438\u0440\u043e\u0439 \u0432 \u0422\u0443\u0440\u0446\u0438\u044e\" width=\"1200\" height=\"675\" src=\"https:\/\/www.youtube.com\/embed\/Mrsw98SfSn0?feature=oembed\" frameborder=\"0\" allow=\"accelerometer; autoplay; clipboard-write; encrypted-media; gyroscope; picture-in-picture; web-share\" referrerpolicy=\"strict-origin-when-cross-origin\" allowfullscreen><\/iframe><\/div>","protected":false},"excerpt":{"rendered":"<p>Je\u015bli podj\u0105\u0142e\u015b ju\u017c decyzj\u0119 i chcesz kupi\u0107 nieruchomo\u015b\u0107 w Turcji, to najlepiej przyjecha\u0107 i zobaczy\u0107 wszystko na w\u0142asne oczy \u2013 zobaczy\u0107, dotkn\u0105\u0107 i poczu\u0107. U\u015bmiechnij si\u0119 do s\u0142o\u0144ca, poczuj morsk\u0105 bryz\u0119, poczuj rytm miasta, jego tempo i charakter \u2013 to niepor\u00f3wnywalne z wyborem domu na podstawie zdj\u0119\u0107 i film\u00f3w w internecie! Wycieczka zapoznawcza UPTREND HOMES obejmuje: spotkanie na lotnisku i transfer do\u2026<\/p>","protected":false},"author":13,"featured_media":0,"parent":0,"menu_order":0,"comment_status":"closed","ping_status":"closed","template":"","meta":{"_acf_changed":false,"om_disable_all_campaigns":false,"inline_featured_image":false,"_monsterinsights_skip_tracking":false,"_monsterinsights_sitenote_active":false,"_monsterinsights_sitenote_note":"","_monsterinsights_sitenote_category":0,"footnotes":""},"class_list":["post-31234","page","type-page","status-publish","hentry"],"acf":[],"aioseo_notices":[],"_links":{"self":[{"href":"https:\/\/uptrendhomesgroup.com\/pl\/wp-json\/wp\/v2\/pages\/31234","targetHints":{"allow":["GET"]}}],"collection":[{"href":"https:\/\/uptrendhomesgroup.com\/pl\/wp-json\/wp\/v2\/pages"}],"about":[{"href":"https:\/\/uptrendhomesgroup.com\/pl\/wp-json\/wp\/v2\/types\/page"}],"author":[{"embeddable":true,"href":"https:\/\/uptrendhomesgroup.com\/pl\/wp-json\/wp\/v2\/users\/13"}],"replies":[{"embeddable":true,"href":"https:\/\/uptrendhomesgroup.com\/pl\/wp-json\/wp\/v2\/comments?post=31234"}],"version-history":[{"count":84,"href":"https:\/\/uptrendhomesgroup.com\/pl\/wp-json\/wp\/v2\/pages\/31234\/revisions"}],"predecessor-version":[{"id":44918,"href":"https:\/\/uptrendhomesgroup.com\/pl\/wp-json\/wp\/v2\/pages\/31234\/revisions\/44918"}],"wp:attachment":[{"href":"https:\/\/uptrendhomesgroup.com\/pl\/wp-json\/wp\/v2\/media?parent=31234"}],"curies":[{"name":"wp","href":"https:\/\/api.w.org\/{rel}","templated":true}]}}