{"id":31241,"date":"2023-10-05T01:30:58","date_gmt":"2023-10-04T22:30:58","guid":{"rendered":"https:\/\/uptrendhomesgroup.com\/?page_id=31241"},"modified":"2026-01-24T17:27:44","modified_gmt":"2026-01-24T14:27:44","slug":"cevrimici-goruntuleme","status":"publish","type":"page","link":"https:\/\/uptrendhomesgroup.com\/pl\/cevrimici-goruntuleme\/","title":{"rendered":"Ogl\u0105danie online"},"content":{"rendered":"<h2><img fetchpriority=\"high\" decoding=\"async\" class=\"wp-image-42478 alignleft\" src=\"https:\/\/uptrendhomesgroup.com\/wp-content\/uploads\/2026\/01\/onlajn-prosmotr1-1.jpg\" alt=\"\" width=\"530\" height=\"472\" srcset=\"https:\/\/uptrendhomesgroup.com\/wp-content\/uploads\/2026\/01\/onlajn-prosmotr1-1.jpg 811w, https:\/\/uptrendhomesgroup.com\/wp-content\/uploads\/2026\/01\/onlajn-prosmotr1-1-300x267.jpg 300w, https:\/\/uptrendhomesgroup.com\/wp-content\/uploads\/2026\/01\/onlajn-prosmotr1-1-768x684.jpg 768w, https:\/\/uptrendhomesgroup.com\/wp-content\/uploads\/2026\/01\/onlajn-prosmotr1-1-13x12.jpg 13w\" sizes=\"(max-width: 530px) 100vw, 530px\" \/>Procedura prezentacji nieruchomo\u015bci online w Turcji<\/h2>\n<p style=\"text-align: justify;\">Proces wirtualnego ogl\u0105dania nieruchomo\u015bci rozpoczyna si\u0119 od zapytania potencjalnego kupuj\u0105cego. Nast\u0119pnie umawiamy spotkanie online z naszym agentem, kt\u00f3ry przeprowadzi wirtualny spacer. Uzgadniamy z Tob\u0105 dat\u0119 i godzin\u0119, a nast\u0119pnie agent udaje si\u0119 do interesuj\u0105cej Ci\u0119 nieruchomo\u015bci. Za pomoc\u0105 dowolnego komunikatora, takiego jak WhatsApp, Skype, Telegram lub innego dogodnego dla Ciebie komunikatora, skontaktuje si\u0119 z Tob\u0105 i wirtualnie oprowadzi Ci\u0119 po interesuj\u0105cym Ci\u0119 mieszkaniu lub domu. Podczas tego spaceru zobaczysz okolic\u0119, dost\u0119pn\u0105 infrastruktur\u0119 kompleksu i jego wygl\u0105d. Agent szczeg\u00f3\u0142owo przedstawi Ci poszczeg\u00f3lne pokoje, kuchni\u0119 i \u0142azienk\u0119 oraz opowie o uk\u0142adzie mieszkania. Poka\u017ce widok z okna. Ponadto agent odpowie na wszelkie pytania, kt\u00f3re mog\u0105 pojawi\u0107 si\u0119 podczas wirtualnego ogl\u0105dania.<\/p>\n<h2 style=\"text-align: center;\">Korzy\u015bci z internetowych pokaz\u00f3w nieruchomo\u015bci<\/h2>\n<p style=\"text-align: justify;\">Prezentacja nieruchomo\u015bci online w por\u00f3wnaniu z wizyt\u0105 stacjonarn\u0105 ma szereg zalet, w tym:<\/p>\n<p style=\"text-align: justify;\">- oszcz\u0119dno\u015b\u0107 pieni\u0119dzy - nie ma potrzeby p\u0142acenia za przelot i inne wydatki zwi\u0105zane z fizycznym ogl\u0105daniem nieruchomo\u015bci przed podj\u0119ciem decyzji o zakupie.<\/p>\n<p style=\"text-align: justify;\">- Oszcz\u0119dno\u015b\u0107 czasu - cyfrowe wycieczki mo\u017cna zrealizowa\u0107 szybko i sprawnie, bez konieczno\u015bci oczekiwania na transport lub wcze\u015bniejszej rezerwacji noclegu.<\/p>\n<p style=\"text-align: justify;\">\u2014 Elastyczno\u015b\u0107 \u2014 wycieczki online mog\u0105 odby\u0107 si\u0119 w dowolnym terminie dogodnym dla obu stron, bez wzgl\u0119du na miejsce zamieszkania lub r\u00f3\u017cnic\u0119 czasu, co pozwala kupuj\u0105cym z ca\u0142ego \u015bwiata na zapoznanie si\u0119 z nieruchomo\u015bciami w Turcji bez konieczno\u015bci osobistego podr\u00f3\u017cowania!<\/p>\n<p style=\"text-align: justify;\">\u2014 swoboda wyboru \u2014 nie jeste\u015b w \u017caden spos\u00f3b ograniczony podczas ogl\u0105dania, jeste\u015bmy gotowi pokaza\u0107 tyle mieszka\u0144, ile potrzebujesz, \u017ceby podj\u0105\u0107 decyzj\u0119.<\/p>\n<h3 style=\"text-align: center;\">Czego potrzebujesz do prezentacji online?<\/h3>\n<h3 style=\"text-align: center;\">Rezerwacja mieszkania do zakupu po obejrzeniu online<\/h3>\n<p style=\"text-align: justify;\">Po obejrzeniu nieruchomo\u015bci online, je\u015bli s\u0105 Pa\u0144stwo gotowi na podj\u0119cie kolejnego kroku w procesie jej zakupu, po potwierdzeniu wszystkich jej cech i samej nieruchomo\u015bci, mo\u017cemy om\u00f3wi\u0107 ostateczn\u0105 cen\u0119 sprzeda\u017cy, warunki p\u0142atno\u015bci, dokumenty itp. Sporz\u0105dzamy umow\u0119 sprzeda\u017cy i wysy\u0142amy j\u0105 do Pa\u0144stwa drog\u0105 mailow\u0105 do wgl\u0105du.<\/p>\n<div class=\"video-container\"><iframe title=\"Wszystko, co musisz wiedzie\u0107 o kupowaniu nieruchomo\u015bci online\" width=\"1200\" height=\"675\" src=\"https:\/\/www.youtube.com\/embed\/jCR2epx8AAc?feature=oembed\" frameborder=\"0\" allow=\"accelerometer; autoplay; clipboard-write; encrypted-media; gyroscope; picture-in-picture; web-share\" referrerpolicy=\"strict-origin-when-cross-origin\" allowfullscreen><\/iframe><\/div>\n<h3 style=\"text-align: center;\">Uptrendhomes oferuje us\u0142ugi przegl\u0105dania nieruchomo\u015bci w Turcji online.<\/h3>\n<p style=\"text-align: justify;\">Nasza agencja, UPTREND HOMES, specjalizuje si\u0119 w wynajmie i sprzeda\u017cy wszelkiego rodzaju nieruchomo\u015bci w ca\u0142ej Turcji. Jeste\u015bmy gotowi pom\u00f3c zar\u00f3wno w zakupie domu, jak i wyborze nieruchomo\u015bci komercyjnych lub grunt\u00f3w. Nasze wirtualne spacery po nieruchomo\u015bciach s\u0105 wykonywane z wykorzystaniem wysokiej jako\u015bci sprz\u0119tu, co pozwala nam uchwyci\u0107 ka\u017cdy szczeg\u00f3\u0142 ogl\u0105danej nieruchomo\u015bci. Opr\u00f3cz spacer\u00f3w online, zapewniamy naszym klientom dost\u0119p do wysokiej jako\u015bci film\u00f3w nagranych przez do\u015bwiadczonych specjalist\u00f3w, kt\u00f3rzy wiedz\u0105, jak uchwyci\u0107 ka\u017cdy aspekt, zapewniaj\u0105c widzom jak najpe\u0142niejszy obraz ka\u017cdej nieruchomo\u015bci przed podj\u0119ciem decyzji! Mo\u017cesz obejrze\u0107 nagrane filmy w dogodnym dla siebie czasie lub udost\u0119pni\u0107 je cz\u0142onkom rodziny. Wreszcie, ogl\u0105danie mieszka\u0144 online staje si\u0119 coraz bardziej popularne, oferuj\u0105c du\u017c\u0105 wygod\u0119 i elastyczno\u015b\u0107 zar\u00f3wno sprzedaj\u0105cym, jak i kupuj\u0105cym. Pozwala to potencjalnym w\u0142a\u015bcicielom ogl\u0105da\u0107 mieszkania i inne nieruchomo\u015bci w zaciszu w\u0142asnego domu, bez konieczno\u015bci dojazdu czy brania urlopu. Mo\u017cliwo\u015b\u0107 wirtualnego spaceru po potencjalnym domu lub przysz\u0142ej lokalizacji firmy daje kupuj\u0105cym szans\u0119 na dok\u0142adne wyobra\u017cenie sobie, jak b\u0119dzie wygl\u0105da\u0142a dana przestrze\u0144, zanim zdecyduj\u0105 si\u0119 na osobist\u0105 wizyt\u0119 lub podejm\u0105 decyzj\u0119 o zakupie. Dzi\u0119ki przegl\u0105daniu mieszka\u0144 online mo\u017cesz szybko i \u0142atwo znale\u017a\u0107 idealn\u0105 nieruchomo\u015b\u0107!<\/p>\n<div class=\"video-container\"><iframe title=\"Kupowanie w Internecie (ba\u0107 si\u0119 czy ufa\u0107?)\" width=\"1200\" height=\"675\" src=\"https:\/\/www.youtube.com\/embed\/bfSQ6AmfVvE?feature=oembed\" frameborder=\"0\" allow=\"accelerometer; autoplay; clipboard-write; encrypted-media; gyroscope; picture-in-picture; web-share\" referrerpolicy=\"strict-origin-when-cross-origin\" allowfullscreen><\/iframe><\/div>","protected":false},"excerpt":{"rendered":"<p>\u041f\u0440\u043e\u0446\u0435\u0434\u0443\u0440\u0430 \u043e\u043d\u043b\u0430\u0439\u043d-\u043f\u043e\u043a\u0430\u0437\u0430 \u043d\u0435\u0434\u0432\u0438\u0436\u0438\u043c\u043e\u0441\u0442\u0438 \u0432 \u0422\u0443\u0440\u0446\u0438\u0438 \u041f\u0440\u043e\u0446\u0435\u0441\u0441 \u043e\u043d\u043b\u0430\u0439\u043d-\u043f\u043e\u043a\u0430\u0437\u0430 \u043d\u0435\u0434\u0432\u0438\u0436\u0438\u043c\u043e\u0441\u0442\u0438 \u043d\u0430\u0447\u0438\u043d\u0430\u0435\u0442\u0441\u044f \u0441 \u0437\u0430\u043f\u0440\u043e\u0441\u0430 \u043e\u0442 \u043f\u043e\u0442\u0435\u043d\u0446\u0438\u0430\u043b\u044c\u043d\u043e\u0433\u043e \u043f\u043e\u043a\u0443\u043f\u0430\u0442\u0435\u043b\u044f. \u0417\u0430\u0442\u0435\u043c \u043c\u044b \u043d\u0430\u0437\u043d\u0430\u0447\u0430\u0435\u043c \u0432\u0430\u043c \u043e\u043d\u043b\u0430\u0439\u043d \u0432\u0441\u0442\u0440\u0435\u0447\u0443 \u0441 \u043d\u0430\u0448\u0438\u043c \u0430\u0433\u0435\u043d\u0442\u043e\u043c, \u043a\u043e\u0442\u043e\u0440\u044b\u0439 \u0431\u0443\u0434\u0435\u0442 \u043e\u0442\u0432\u0435\u0447\u0430\u0442\u044c \u0437\u0430 \u043f\u0440\u043e\u0432\u0435\u0434\u0435\u043d\u0438\u0435 \u0432\u0438\u0440\u0442\u0443\u0430\u043b\u044c\u043d\u043e\u0433\u043e \u0442\u0443\u0440\u0430. \u0421\u043e\u0433\u043b\u0430\u0441\u043e\u0432\u044b\u0432\u0430\u0435\u043c \u0441 \u0432\u0430\u043c\u0438 \u0434\u0430\u0442\u0443 \u0438 \u0432\u0440\u0435\u043c\u044f, \u0434\u0430\u043b\u0435\u0435 \u0430\u0433\u0435\u043d\u0442 \u0432\u044b\u0435\u0437\u0436\u0430\u0435\u0442 \u043d\u0430 \u0438\u043d\u0442\u0435\u0440\u0435\u0441\u0443\u044e\u0449\u0438\u0439 \u043e\u0431\u044a\u0435\u043a\u0442. \u0421 \u043f\u043e\u043c\u043e\u0449\u044c\u044e \u043b\u044e\u0431\u043e\u0433\u043e \u043c\u0435\u0441\u0441\u0435\u043d\u0434\u0436\u0435\u0440\u0430, \u043d\u0430\u043f\u0440\u0438\u043c\u0435\u0440 \u0447\u0435\u0440\u0435\u0437 \u0432\u0430\u0442\u0441\u0430\u043f, \u0441\u043a\u0430\u0439\u043f, \u0442\u0435\u043b\u0435\u0433\u0440\u0430\u043c\u043c \u0438\u043b\u0438 \u043b\u044e\u0431\u043e\u0433\u043e \u0443\u0434\u043e\u0431\u043d\u043e\u0433\u043e \u0434\u043b\u044f \u0432\u0430\u0441, \u043e\u043d \u0441\u0432\u044f\u0436\u0435\u0442\u0441\u044f \u0441 \u0432\u0430\u043c\u0438 \u0438 \u0432\u0438\u0440\u0442\u0443\u0430\u043b\u044c\u043d\u043e \u043f\u0440\u043e\u0432\u0435\u0434\u0451\u0442 \u043f\u043e &#8230;<\/p>","protected":false},"author":13,"featured_media":0,"parent":0,"menu_order":0,"comment_status":"closed","ping_status":"closed","template":"","meta":{"_acf_changed":false,"om_disable_all_campaigns":false,"inline_featured_image":false,"_monsterinsights_skip_tracking":false,"_monsterinsights_sitenote_active":false,"_monsterinsights_sitenote_note":"","_monsterinsights_sitenote_category":0,"footnotes":""},"class_list":["post-31241","page","type-page","status-publish","hentry"],"acf":[],"aioseo_notices":[],"_links":{"self":[{"href":"https:\/\/uptrendhomesgroup.com\/pl\/wp-json\/wp\/v2\/pages\/31241","targetHints":{"allow":["GET"]}}],"collection":[{"href":"https:\/\/uptrendhomesgroup.com\/pl\/wp-json\/wp\/v2\/pages"}],"about":[{"href":"https:\/\/uptrendhomesgroup.com\/pl\/wp-json\/wp\/v2\/types\/page"}],"author":[{"embeddable":true,"href":"https:\/\/uptrendhomesgroup.com\/pl\/wp-json\/wp\/v2\/users\/13"}],"replies":[{"embeddable":true,"href":"https:\/\/uptrendhomesgroup.com\/pl\/wp-json\/wp\/v2\/comments?post=31241"}],"version-history":[{"count":90,"href":"https:\/\/uptrendhomesgroup.com\/pl\/wp-json\/wp\/v2\/pages\/31241\/revisions"}],"predecessor-version":[{"id":42495,"href":"https:\/\/uptrendhomesgroup.com\/pl\/wp-json\/wp\/v2\/pages\/31241\/revisions\/42495"}],"wp:attachment":[{"href":"https:\/\/uptrendhomesgroup.com\/pl\/wp-json\/wp\/v2\/media?parent=31241"}],"curies":[{"name":"wp","href":"https:\/\/api.w.org\/{rel}","templated":true}]}}