{"id":31250,"date":"2023-10-05T01:32:52","date_gmt":"2023-10-04T22:32:52","guid":{"rendered":"https:\/\/uptrendhomesgroup.com\/?page_id=31250"},"modified":"2026-01-08T16:44:53","modified_gmt":"2026-01-08T13:44:53","slug":"satis-sonrasi-hizmet","status":"publish","type":"page","link":"https:\/\/uptrendhomesgroup.com\/pl\/satis-sonrasi-hizmet\/","title":{"rendered":"Serwis posprzeda\u017cowy"},"content":{"rendered":"<p style=\"text-align: justify;\"><img fetchpriority=\"high\" decoding=\"async\" class=\"wp-image-40496 alignright\" src=\"https:\/\/uptrendhomesgroup.com\/wp-content\/uploads\/2026\/01\/posle-prodazhnyj.jpg\" alt=\"\" width=\"539\" height=\"539\" srcset=\"https:\/\/uptrendhomesgroup.com\/wp-content\/uploads\/2026\/01\/posle-prodazhnyj.jpg 512w, https:\/\/uptrendhomesgroup.com\/wp-content\/uploads\/2026\/01\/posle-prodazhnyj-300x300.jpg 300w, https:\/\/uptrendhomesgroup.com\/wp-content\/uploads\/2026\/01\/posle-prodazhnyj-150x150.jpg 150w, https:\/\/uptrendhomesgroup.com\/wp-content\/uploads\/2026\/01\/posle-prodazhnyj-12x12.jpg 12w, https:\/\/uptrendhomesgroup.com\/wp-content\/uploads\/2026\/01\/posle-prodazhnyj-120x120.jpg 120w, https:\/\/uptrendhomesgroup.com\/wp-content\/uploads\/2026\/01\/posle-prodazhnyj-45x45.jpg 45w, https:\/\/uptrendhomesgroup.com\/wp-content\/uploads\/2026\/01\/posle-prodazhnyj-36x36.jpg 36w\" sizes=\"(max-width: 539px) 100vw, 539px\" \/>Po zakupie nieruchomo\u015bci i za\u0142atwieniu wszystkich formalno\u015bci, nie \u017cegnamy si\u0119 z Tob\u0105. Teraz sta\u0142e\u015b si\u0119 cz\u0119\u015bci\u0105 rodziny UPTREND HOMES i mo\u017cesz liczy\u0107 na \u017cyczliwe wsparcie w ramach naszego bezp\u0142atnego serwisu posprzeda\u017cowego.<\/p>\n<p style=\"text-align: justify;\">Pomoc w rejestracji numer\u00f3w abonent\u00f3w wody i pr\u0105du, pod\u0142\u0105czeniu Internetu, zakupie kart SIM, za\u0142o\u017ceniu konta w banku tureckim i pod\u0142\u0105czeniu p\u0142atno\u015bci automatycznych.<\/p>\n<ul>\n<li style=\"text-align: justify;\">Organizacja transfer\u00f3w z\/na lotnisko, wynajem samochod\u00f3w, pomoc w wyborze i zakupie transportu.<\/li>\n<li style=\"text-align: justify;\">Pomoc w zakupie mebli i sprz\u0119tu AGD, projektowaniu, remontowaniu i sprz\u0105taniu pomieszcze\u0144.<\/li>\n<li style=\"text-align: justify;\">Konsultacje w zakresie wyboru wysokiej jako\u015bci plac\u00f3wek edukacyjnych i medycznych.<\/li>\n<li style=\"text-align: justify;\">Pomoc w uzyskaniu pozwolenia na pobyt i wyborze wiarygodnej firmy ubezpieczeniowej.<\/li>\n<li style=\"text-align: justify;\">Zarz\u0105dzanie nieruchomo\u015bciami i wynajem na najkorzystniejszych dla Ciebie warunkach<\/li>\n<\/ul>\n<div class=\"video-container\"><iframe title=\"\u041a\u0430\u043a \u0432\u0430\u043c \u0434\u043e\u0432\u0435\u0440\u0438\u0442\u044c \u043f\u043e\u043a\u0443\u043f\u043a\u0443 \u043d\u0435\u0434\u0432\u0438\u0436\u0438\u043c\u043e\u0441\u0442\u0438 \u0443 \u043c\u043e\u0440\u044f? \u041f\u043e\u0436\u0438\u0437\u043d\u0435\u043d\u043d\u044b\u0439 \u041f\u043e\u0441\u043b\u0435\u043f\u0440\u043e\u0434\u0430\u0436\u043d\u044b\u0439 \u0441\u0435\u0440\u0432\u0438\u0441 \u0434\u043b\u044f \u043a\u043b\u0438\u0435\u043d\u0442\u0430\" width=\"1200\" height=\"675\" src=\"https:\/\/www.youtube.com\/embed\/_NseJGrIHjM?feature=oembed\" frameborder=\"0\" allow=\"accelerometer; autoplay; clipboard-write; encrypted-media; gyroscope; picture-in-picture; web-share\" referrerpolicy=\"strict-origin-when-cross-origin\" allowfullscreen><\/iframe><\/div>","protected":false},"excerpt":{"rendered":"<p>Po zakupie nieruchomo\u015bci i dope\u0142nieniu wszelkich formalno\u015bci, nie \u017cegnamy si\u0119 z Tob\u0105. Teraz sta\u0142e\u015b si\u0119 cz\u0119\u015bci\u0105 rodziny UPTREND HOMES i mo\u017cesz liczy\u0107 na \u017cyczliw\u0105 pomoc w ramach naszego bezp\u0142atnego serwisu posprzeda\u017cowego. Pomoc w rejestracji numer\u00f3w abonenckich wody i pr\u0105du, pod\u0142\u0105czeniu internetu, zakupie karty SIM, za\u0142o\u017ceniu konta w tureckim banku i pod\u0142\u0105czeniu p\u0142atno\u015bci automatycznych. Organizacja transfer\u00f3w z\/na lotnisko, wynajem samochodu, pomoc w wyborze i zakupie transportu. \u2026<\/p>","protected":false},"author":13,"featured_media":0,"parent":0,"menu_order":0,"comment_status":"closed","ping_status":"closed","template":"","meta":{"_acf_changed":false,"om_disable_all_campaigns":false,"inline_featured_image":false,"_monsterinsights_skip_tracking":false,"_monsterinsights_sitenote_active":false,"_monsterinsights_sitenote_note":"","_monsterinsights_sitenote_category":0,"footnotes":""},"class_list":["post-31250","page","type-page","status-publish","hentry"],"acf":[],"aioseo_notices":[],"_links":{"self":[{"href":"https:\/\/uptrendhomesgroup.com\/pl\/wp-json\/wp\/v2\/pages\/31250","targetHints":{"allow":["GET"]}}],"collection":[{"href":"https:\/\/uptrendhomesgroup.com\/pl\/wp-json\/wp\/v2\/pages"}],"about":[{"href":"https:\/\/uptrendhomesgroup.com\/pl\/wp-json\/wp\/v2\/types\/page"}],"author":[{"embeddable":true,"href":"https:\/\/uptrendhomesgroup.com\/pl\/wp-json\/wp\/v2\/users\/13"}],"replies":[{"embeddable":true,"href":"https:\/\/uptrendhomesgroup.com\/pl\/wp-json\/wp\/v2\/comments?post=31250"}],"version-history":[{"count":46,"href":"https:\/\/uptrendhomesgroup.com\/pl\/wp-json\/wp\/v2\/pages\/31250\/revisions"}],"predecessor-version":[{"id":40500,"href":"https:\/\/uptrendhomesgroup.com\/pl\/wp-json\/wp\/v2\/pages\/31250\/revisions\/40500"}],"wp:attachment":[{"href":"https:\/\/uptrendhomesgroup.com\/pl\/wp-json\/wp\/v2\/media?parent=31250"}],"curies":[{"name":"wp","href":"https:\/\/api.w.org\/{rel}","templated":true}]}}