{"id":31257,"date":"2023-10-05T01:34:27","date_gmt":"2023-10-04T22:34:27","guid":{"rendered":"https:\/\/uptrendhomesgroup.com\/?page_id=31257"},"modified":"2026-01-15T16:35:39","modified_gmt":"2026-01-15T13:35:39","slug":"hukuk-danismanligi","status":"publish","type":"page","link":"https:\/\/uptrendhomesgroup.com\/pl\/hukuk-danismanligi\/","title":{"rendered":"Porady prawne"},"content":{"rendered":"<p style=\"text-align: justify;\">Turcja, jak ka\u017cdy inny kraj, ma swoje w\u0142asne przepisy i specyfik\u0119 rejestracji. Kupuj\u0105c nieruchomo\u015b\u0107, napotkasz problemy zwi\u0105zane z rejestracj\u0105 dokument\u00f3w, zgodnie z przepisami tureckiego ustawodawstwa. Wielu kupuj\u0105cych uwa\u017ca ten etap transakcji za najtrudniejszy i najbardziej powa\u017cny ze wzgl\u0119du na nieznajomo\u015b\u0107 j\u0119zyka i specyfiki tureckiego ustawodawstwa.<\/p>\n<p style=\"text-align: justify;\">Firma UPTREND HOMES zapewnia Pa\u0144stwu pe\u0142n\u0105 profesjonaln\u0105 pomoc i wsparcie na etapie wyboru i przeniesienia w\u0142asno\u015bci nieruchomo\u015bci, rejestracji kredytu hipotecznego i obywatelstwa.<\/p>\n<p style=\"text-align: justify;\">Jeste\u015bmy gotowi odpowiedzie\u0107 na wszystkie Pa\u0144stwa pytania i udzieli\u0107 porady prawnej w ka\u017cdej sprawie.<\/p>","protected":false},"excerpt":{"rendered":"<p>Turcja, jak ka\u017cdy kraj, ma swoje w\u0142asne przepisy i specyfik\u0119 rejestracji. Kupuj\u0105c nieruchomo\u015b\u0107, napotkasz problemy zwi\u0105zane z rejestracj\u0105 dokument\u00f3w, zgodnie z przepisami tureckiego ustawodawstwa. Wielu kupuj\u0105cych uwa\u017ca ten etap transakcji za najtrudniejszy i najbardziej powa\u017cny ze wzgl\u0119du na nieznajomo\u015b\u0107 j\u0119zyka i specyfik\u0119 tureckiego ustawodawstwa. Firma UPTREND HOMES zapewnia pe\u0142n\u0105, profesjonaln\u0105 pomoc i wsparcie podczas wyboru i przeniesienia w\u0142asno\u015bci nieruchomo\u015bci, rejestracji kredytu hipotecznego i obywatelstwa. Oferujemy...<\/p>","protected":false},"author":13,"featured_media":31260,"parent":0,"menu_order":0,"comment_status":"closed","ping_status":"closed","template":"","meta":{"_acf_changed":false,"om_disable_all_campaigns":false,"inline_featured_image":false,"_monsterinsights_skip_tracking":false,"_monsterinsights_sitenote_active":false,"_monsterinsights_sitenote_note":"","_monsterinsights_sitenote_category":0,"footnotes":""},"class_list":["post-31257","page","type-page","status-publish","has-post-thumbnail","hentry"],"acf":[],"aioseo_notices":[],"_links":{"self":[{"href":"https:\/\/uptrendhomesgroup.com\/pl\/wp-json\/wp\/v2\/pages\/31257","targetHints":{"allow":["GET"]}}],"collection":[{"href":"https:\/\/uptrendhomesgroup.com\/pl\/wp-json\/wp\/v2\/pages"}],"about":[{"href":"https:\/\/uptrendhomesgroup.com\/pl\/wp-json\/wp\/v2\/types\/page"}],"author":[{"embeddable":true,"href":"https:\/\/uptrendhomesgroup.com\/pl\/wp-json\/wp\/v2\/users\/13"}],"replies":[{"embeddable":true,"href":"https:\/\/uptrendhomesgroup.com\/pl\/wp-json\/wp\/v2\/comments?post=31257"}],"version-history":[{"count":28,"href":"https:\/\/uptrendhomesgroup.com\/pl\/wp-json\/wp\/v2\/pages\/31257\/revisions"}],"predecessor-version":[{"id":41437,"href":"https:\/\/uptrendhomesgroup.com\/pl\/wp-json\/wp\/v2\/pages\/31257\/revisions\/41437"}],"wp:featuredmedia":[{"embeddable":true,"href":"https:\/\/uptrendhomesgroup.com\/pl\/wp-json\/wp\/v2\/media\/31260"}],"wp:attachment":[{"href":"https:\/\/uptrendhomesgroup.com\/pl\/wp-json\/wp\/v2\/media?parent=31257"}],"curies":[{"name":"wp","href":"https:\/\/api.w.org\/{rel}","templated":true}]}}