{"id":31264,"date":"2023-10-05T01:35:51","date_gmt":"2023-10-04T22:35:51","guid":{"rendered":"https:\/\/uptrendhomesgroup.com\/?page_id=31264"},"modified":"2026-01-15T16:41:20","modified_gmt":"2026-01-15T13:41:20","slug":"gayrimenkulunuzu-satmak","status":"publish","type":"page","link":"https:\/\/uptrendhomesgroup.com\/pl\/gayrimenkulunuzu-satmak\/","title":{"rendered":"Sprzeda\u017c nieruchomo\u015bci"},"content":{"rendered":"<p><strong style=\"text-align: center;\"><img fetchpriority=\"high\" decoding=\"async\" class=\"wp-image-41438 alignleft\" src=\"https:\/\/uptrendhomesgroup.com\/wp-content\/uploads\/2026\/01\/prodazha-vashej-nedvizhimosti.jpg\" alt=\"\" width=\"483\" height=\"232\" srcset=\"https:\/\/uptrendhomesgroup.com\/wp-content\/uploads\/2026\/01\/prodazha-vashej-nedvizhimosti.jpg 750w, https:\/\/uptrendhomesgroup.com\/wp-content\/uploads\/2026\/01\/prodazha-vashej-nedvizhimosti-300x144.jpg 300w, https:\/\/uptrendhomesgroup.com\/wp-content\/uploads\/2026\/01\/prodazha-vashej-nedvizhimosti-18x9.jpg 18w\" sizes=\"(max-width: 483px) 100vw, 483px\" \/><\/strong><\/p>\n<p style=\"text-align: center;\"><strong>Chcesz sprzeda\u0107 swoj\u0105 nieruchomo\u015b\u0107?<\/strong><\/p>\n<p style=\"text-align: justify;\">Pomo\u017ce w tym r\u00f3wnie\u017c firma UPTREND HOMES.<\/p>\n<p style=\"text-align: justify;\">Skontaktuj si\u0119 z nami, dostarcz dokumenty potwierdzaj\u0105ce prawo w\u0142asno\u015bci (TAPU), pe\u0142ne informacje o swojej nieruchomo\u015bci, a my umie\u015bcimy j\u0105 w naszej bazie danych obiekt\u00f3w.<\/p>\n<p style=\"text-align: justify;\">Warto\u015b\u0107 swojej nieruchomo\u015bci b\u0119dziesz m\u00f3g\u0142 ustali\u0107 samodzielnie, a w razie w\u0105tpliwo\u015bci przeprowadzi j\u0105 wykwalifikowany pracownik firmy.<\/p>\n<p><span style=\"text-align: justify;\">Niezale\u017cna wycena por\u00f3wna nieruchomo\u015bci w Twojej okolicy pod wzgl\u0119dem wszystkich cech i pomo\u017ce okre\u015bli\u0107 warto\u015b\u0107 rynkow\u0105 nieruchomo\u015bci.<\/span><\/p>\n<div class=\"video-container\"><iframe title=\"\u0414\u043b\u044f \u043a\u043e\u0433\u043e \u0441\u0442\u043e\u043b\u044c\u043a\u043e \u0441\u0442\u0440\u043e\u0438\u043b\u0438? \u041d\u043e\u0432\u043e\u0441\u0442\u0440\u043e\u0435\u043a \u043c\u043e\u0440\u0435 \u0430 \u043f\u043e\u043a\u0443\u043f\u0430\u0442\u0435\u043b\u0435\u0439 \u043a\u0430\u043f\u043b\u044f. \u0427\u0442\u043e \u043f\u0440\u043e\u0438\u0441\u0445\u043e\u0434\u0438\u0442 \u0432 \u0422\u0443\u0440\u0446\u0438\u0438 \u043d\u0430 \u0441\u0430\u043c\u043e\u043c \u0434\u0435\u043b\u0435\" width=\"1200\" height=\"675\" src=\"https:\/\/www.youtube.com\/embed\/AenVNNLCP24?feature=oembed\" frameborder=\"0\" allow=\"accelerometer; autoplay; clipboard-write; encrypted-media; gyroscope; picture-in-picture; web-share\" referrerpolicy=\"strict-origin-when-cross-origin\" allowfullscreen><\/iframe><\/div>","protected":false},"excerpt":{"rendered":"<p>Chcesz sprzeda\u0107 swoj\u0105 nieruchomo\u015b\u0107? UPTREND HOMES r\u00f3wnie\u017c Ci w tym pomo\u017ce. Skontaktuj si\u0119 z nami, dostarcz dokumenty potwierdzaj\u0105ce w\u0142asno\u015b\u0107 (TAPU) i pe\u0142ne informacje o swojej nieruchomo\u015bci, a my umie\u015bcimy j\u0105 w naszej bazie danych. B\u0119dziesz m\u00f3g\u0142 samodzielnie okre\u015bli\u0107 warto\u015b\u0107 swojej nieruchomo\u015bci, a w razie w\u0105tpliwo\u015bci, wykwalifikowany pracownik firmy przeprowadzi niezale\u017cn\u0105 wycen\u0119, por\u00f3wna nieruchomo\u015bci w Twojej okolicy pod wzgl\u0119dem wszystkich cech i pomo\u017ce okre\u015bli\u0107 rynek\u2026<\/p>","protected":false},"author":13,"featured_media":0,"parent":0,"menu_order":0,"comment_status":"closed","ping_status":"closed","template":"","meta":{"_acf_changed":false,"om_disable_all_campaigns":false,"inline_featured_image":false,"_monsterinsights_skip_tracking":false,"_monsterinsights_sitenote_active":false,"_monsterinsights_sitenote_note":"","_monsterinsights_sitenote_category":0,"footnotes":""},"class_list":["post-31264","page","type-page","status-publish","hentry"],"acf":[],"aioseo_notices":[],"_links":{"self":[{"href":"https:\/\/uptrendhomesgroup.com\/pl\/wp-json\/wp\/v2\/pages\/31264","targetHints":{"allow":["GET"]}}],"collection":[{"href":"https:\/\/uptrendhomesgroup.com\/pl\/wp-json\/wp\/v2\/pages"}],"about":[{"href":"https:\/\/uptrendhomesgroup.com\/pl\/wp-json\/wp\/v2\/types\/page"}],"author":[{"embeddable":true,"href":"https:\/\/uptrendhomesgroup.com\/pl\/wp-json\/wp\/v2\/users\/13"}],"replies":[{"embeddable":true,"href":"https:\/\/uptrendhomesgroup.com\/pl\/wp-json\/wp\/v2\/comments?post=31264"}],"version-history":[{"count":31,"href":"https:\/\/uptrendhomesgroup.com\/pl\/wp-json\/wp\/v2\/pages\/31264\/revisions"}],"predecessor-version":[{"id":41441,"href":"https:\/\/uptrendhomesgroup.com\/pl\/wp-json\/wp\/v2\/pages\/31264\/revisions\/41441"}],"wp:attachment":[{"href":"https:\/\/uptrendhomesgroup.com\/pl\/wp-json\/wp\/v2\/media?parent=31264"}],"curies":[{"name":"wp","href":"https:\/\/api.w.org\/{rel}","templated":true}]}}