{"id":31280,"date":"2023-10-05T01:38:23","date_gmt":"2023-10-04T22:38:23","guid":{"rendered":"https:\/\/uptrendhomesgroup.com\/?page_id=31280"},"modified":"2026-01-15T15:45:19","modified_gmt":"2026-01-15T12:45:19","slug":"turk-vatandasligi","status":"publish","type":"page","link":"https:\/\/uptrendhomesgroup.com\/pl\/turk-vatandasligi\/","title":{"rendered":"Obywatelstwo tureckie"},"content":{"rendered":"<p><img fetchpriority=\"high\" decoding=\"async\" class=\"wp-image-31284 alignleft\" src=\"https:\/\/uptrendhomesgroup.com\/wp-content\/uploads\/2023\/10\/Adsiz-tasarim-1024x576.png\" alt=\"Adsiz-tasarim\" width=\"572\" height=\"322\" srcset=\"https:\/\/uptrendhomesgroup.com\/wp-content\/uploads\/2023\/10\/Adsiz-tasarim-1024x576.png 1024w, https:\/\/uptrendhomesgroup.com\/wp-content\/uploads\/2023\/10\/Adsiz-tasarim-300x169.png 300w, https:\/\/uptrendhomesgroup.com\/wp-content\/uploads\/2023\/10\/Adsiz-tasarim-768x432.png 768w, https:\/\/uptrendhomesgroup.com\/wp-content\/uploads\/2023\/10\/Adsiz-tasarim-1536x864.png 1536w, https:\/\/uptrendhomesgroup.com\/wp-content\/uploads\/2023\/10\/Adsiz-tasarim-18x10.png 18w, https:\/\/uptrendhomesgroup.com\/wp-content\/uploads\/2023\/10\/Adsiz-tasarim-255x143.png 255w, https:\/\/uptrendhomesgroup.com\/wp-content\/uploads\/2023\/10\/Adsiz-tasarim-1110x623.png 1110w, https:\/\/uptrendhomesgroup.com\/wp-content\/uploads\/2023\/10\/Adsiz-tasarim.png 1920w\" sizes=\"(max-width: 572px) 100vw, 572px\" \/><\/p>\n<h3 style=\"text-align: center;\">Jak uzyska\u0107 obywatelstwo tureckie i co ono daje?<\/h3>\n<p style=\"text-align: justify;\">Uzyskanie obywatelstwa tureckiego otwiera szeroki wachlarz przywilej\u00f3w, w tym dost\u0119p do opieki zdrowotnej i \u015bwiadcze\u0144 socjalnych w Turcji, mo\u017cliwo\u015b\u0107 \u0142atwego za\u0142o\u017cenia dzia\u0142alno\u015bci gospodarczej oraz konta w bankach europejskich lub ameryka\u0144skich. Ponadto, turecki paszport zapewnia bezwizowy wjazd do 118 kraj\u00f3w oraz uproszczon\u0105 procedur\u0119 uzyskania wizy do Stan\u00f3w Zjednoczonych lub Wielkiej Brytanii.<\/p>\n<h3 style=\"text-align: center;\">Jak uzyska\u0107 obywatelstwo tureckie?<\/h3>\n<p style=\"text-align: justify;\">Inwestowanie w nieruchomo\u015bci to najszybszy, naj\u0142atwiejszy i najbardziej transparentny spos\u00f3b uzyskania obywatelstwa tureckiego. Jest to rodzaj podej\u015bcia inwestycyjnego, kt\u00f3ry daje mo\u017cliwo\u015b\u0107 uzyskania obywatelstwa tureckiego poprzez inwestycje w nieruchomo\u015bci.<\/p>\n<p style=\"text-align: justify;\">Warto\u015b\u0107 katastralna takiej nieruchomo\u015bci musi wynosi\u0107 co najmniej 400 000 dolar\u00f3w. Nale\u017cy pami\u0119ta\u0107, \u017ce warto\u015bci katastralne i rynkowe cz\u0119sto znacznie si\u0119 od siebie r\u00f3\u017cni\u0105: deweloperzy, aby zaoszcz\u0119dzi\u0107 na podatkach, cz\u0119sto j\u0105 zani\u017caj\u0105.<\/p>\n<p style=\"text-align: justify;\">Nieruchomo\u015bci inwestycyjne nabyte w celu uzyskania obywatelstwa tureckiego musz\u0105 by\u0107 zarejestrowane na osob\u0119 fizyczn\u0105 lub prawn\u0105 w Turcji. Nieruchomo\u015bci nale\u017c\u0105ce do cudzoziemc\u00f3w nie nadaj\u0105 si\u0119 do tego celu. Ponadto nieruchomo\u015bci, kt\u00f3re zosta\u0142y wcze\u015bniej wykorzystane do uzyskania obywatelstwa, nie mog\u0105 by\u0107 ponownie wykorzystane do ubiegania si\u0119 o ten status.<\/p>\n<p style=\"text-align: justify;\">Po zakupie nieruchomo\u015b\u0107 jest obci\u0105\u017cona: mo\u017cna w niej mieszka\u0107, wynajmowa\u0107, ale sprzeda\u0107 j\u0105 mo\u017cna dopiero po trzech latach. W przypadku zakupu nieruchomo\u015bci w trakcie budowy wa\u017cne jest, aby sprzedaj\u0105cy by\u0142 w\u0142a\u015bcicielem nieruchomo\u015bci. W przypadku zakupu gotowej nieruchomo\u015bci, nieruchomo\u015b\u0107 musi by\u0107 w\u0142asno\u015bci\u0105 sprzedaj\u0105cego przez co najmniej 3 lata, aby nadawa\u0142a si\u0119 do wykorzystania w procesie uzyskania obywatelstwa tureckiego.<\/p>\n<h3 style=\"text-align: center;\">Proces zakupu nieruchomo\u015bci w celu uzyskania obywatelstwa<\/h3>\n<ol style=\"text-align: justify;\">\n<li>Wa\u017cne jest, aby powiadomi\u0107 agencj\u0119 o zamiarze zakupu nieruchomo\u015bci w celu uzyskania obywatelstwa. Pozwoli to zarz\u0105dcy na skuteczny wyb\u00f3r nieruchomo\u015bci spe\u0142niaj\u0105cych wszystkie wymagania i kryteria programu obywatelstwa tureckiego.<\/li>\n<li>Po wybraniu interesuj\u0105cej Ci\u0119 nieruchomo\u015bci agencja przeprowadzi dodatkow\u0105 kontrol\u0119 wszystkich dokument\u00f3w, aby upewni\u0107 si\u0119, \u017ce spe\u0142niaj\u0105 one wymagania niezb\u0119dne do uzyskania obywatelstwa.<\/li>\n<li>Nast\u0119pnie umowa zostaje zawarta. P\u0142atno\u015b\u0107 jest dokonywana wy\u0142\u0105cznie poprzez przelew \u015brodk\u00f3w z konta kupuj\u0105cego na konto sprzedaj\u0105cego z odpowiednim komentarzem. Na tym etapie w proces anga\u017cuje si\u0119 prawnik z Uptrendhomes, kt\u00f3ry zajmuje si\u0119 prawn\u0105 rejestracj\u0105 obywatelstwa kupuj\u0105cego. Prawnik konsultuje ka\u017cdy szczeg\u00f3\u0142 komentarza do\u0142\u0105czonego do p\u0142atno\u015bci. Jest to konieczne, aby unikn\u0105\u0107 ewentualnych b\u0142\u0119d\u00f3w, kt\u00f3re mog\u0142yby uniemo\u017cliwi\u0107 uzyskanie tureckiego obywatelstwa dla nieruchomo\u015bci.<\/li>\n<li>Przeprowadzana jest kontrola nieruchomo\u015bci i rejestrowane jest prawo w\u0142asno\u015bci. Nast\u0119pnie nabywca mo\u017ce rozpocz\u0105\u0107 procedur\u0119 uzyskania obywatelstwa, udzielaj\u0105c pe\u0142nomocnictwa prawnikowi odpowiedzialnemu za profesjonalne przeprowadzenie tego procesu.<\/li>\n<li>Po zako\u0144czeniu procesu rejestracji tytu\u0142u w\u0142asno\u015bci nieruchomo\u015bci wydawany jest certyfikat potwierdzaj\u0105cy, \u017ce nieruchomo\u015b\u0107 spe\u0142nia wszystkie wymagane wymogi. Ten dokument rz\u0105dowy potwierdza, \u017ce transakcja zosta\u0142a przeprowadzona zgodnie z prawem i \u017ce nieruchomo\u015b\u0107 uprawnia do uzyskania obywatelstwa tureckiego.<\/li>\n<li>Adwokat na podstawie pe\u0142nomocnictwa wydaje zezwolenie na pobyt dla inwestora.<\/li>\n<li>Inwestor otrzymuje pakiet dokument\u00f3w do rozpatrzenia w sprawie o nadanie obywatelstwa tureckiego. Sprawie nadawany jest numer, kt\u00f3ry umo\u017cliwia \u015bledzenie aktualnego etapu jej rozpatrywania.<\/li>\n<li>Po up\u0142ywie 3-6 miesi\u0119cy Prezydent Republiki Tureckiej podpisuje dekret przyznaj\u0105cy inwestorowi obywatelstwo tureckie.<\/li>\n<li>Nowo uzyskany obywatel Republiki Turcji otrzymuje dow\u00f3d osobisty i paszport. Orygina\u0142y gotowych tureckich paszport\u00f3w s\u0105 dostarczane poczt\u0105 na skrzynk\u0119 pocztow\u0105 wskazan\u0105 przy sk\u0142adaniu wniosku o zezwolenie na pobyt.<\/li>\n<\/ol>\n<h3 style=\"text-align: center;\">Pakiet niezb\u0119dnych dokument\u00f3w do uzyskania obywatelstwa tureckiego<\/h3>\n<p style=\"text-align: justify;\">\u2014 paszporty i ich t\u0142umaczenia os\u00f3b ubiegaj\u0105cych si\u0119 o obywatelstwo, czyli inwestora \u2013 osoby, na kt\u00f3rej nazwisko zarejestrowana jest nieruchomo\u015b\u0107, jej ma\u0142\u017conka\/ma\u0142\u017conki oraz ich ma\u0142oletnich dzieci;<\/p>\n<p style=\"text-align: justify;\">\u2014 akty urodzenia wszystkich os\u00f3b ubiegaj\u0105cych si\u0119 o obywatelstwo. Akty musz\u0105 by\u0107 apostille i przet\u0142umaczone na j\u0119zyk turecki;<\/p>\n<p style=\"text-align: justify;\">\u2014 Akt ma\u0142\u017ce\u0144stwa. R\u00f3wnie\u017c z apostille i t\u0142umaczeniem na j\u0119zyk turecki;<\/p>\n<p style=\"text-align: justify;\">\u2014 12 fotografii biometrycznych;<\/p>\n<p>-Ubezpieczenie medyczne;<\/p>\n<p style=\"text-align: justify;\">\u2014 Za\u015bwiadczenie o sk\u0142adzie rodziny z t\u0142umaczeniem na j\u0119zyk turecki;<\/p>\n<p>\u2014 Osoby posiadaj\u0105ce obywatelstwo kilku pa\u0144stw zobowi\u0105zane s\u0105 przedstawi\u0107 kopie wszystkich paszport\u00f3w, kt\u00f3rych s\u0105 obywatelami;<\/p>\n<p style=\"text-align: justify;\">\u2014 Za\u015bwiadczenie o niekaralno\u015bci wszystkich cz\u0142onk\u00f3w rodziny powy\u017cej 16 roku \u017cycia z kraju, kt\u00f3rego obywatelem jest wnioskodawca. W przypadku zamieszkania w innym kraju wymagane b\u0119dzie r\u00f3wnie\u017c za\u015bwiadczenie o niekaralno\u015bci z kraju zamieszkania wnioskodawcy.<\/p>\n<p style=\"text-align: justify;\">Proces uzyskania obywatelstwa w ramach programu inwestycyjnego w Uptrendhomes jest perfekcyjnie usprawniony i zoptymalizowany. Nasi specjali\u015bci zajmuj\u0105 si\u0119 wszystkimi formalno\u015bciami, oszcz\u0119dzaj\u0105c inwestorom czas, wysi\u0142ek i pieni\u0105dze. Wystarczy zg\u0142osi\u0107 zamiar uzyskania obywatelstwa i dysponowa\u0107 kwot\u0105 niezb\u0119dn\u0105 do zakupu nieruchomo\u015bci, a wszystkie etapy przygotowania dokument\u00f3w b\u0119d\u0105 nadzorowane przez do\u015bwiadczonych ekspert\u00f3w.<\/p>\n<div class=\"video-container\"><iframe title=\"Obywatelstwo tureckie. Dlaczego jest potrzebne? Co musisz wiedzie\u0107?\" width=\"1200\" height=\"675\" src=\"https:\/\/www.youtube.com\/embed\/5DDfBEGuvGI?feature=oembed\" frameborder=\"0\" allow=\"accelerometer; autoplay; clipboard-write; encrypted-media; gyroscope; picture-in-picture; web-share\" referrerpolicy=\"strict-origin-when-cross-origin\" allowfullscreen><\/iframe><\/div>","protected":false},"excerpt":{"rendered":"<p>Jak uzyska\u0107 obywatelstwo tureckie i co ono daje? Uzyskanie obywatelstwa tureckiego otwiera szeroki wachlarz przywilej\u00f3w, w tym dost\u0119p do opieki zdrowotnej i \u015bwiadcze\u0144 socjalnych w Turcji, mo\u017cliwo\u015b\u0107 \u0142atwego za\u0142o\u017cenia dzia\u0142alno\u015bci gospodarczej oraz konta w bankach europejskich lub ameryka\u0144skich. Ponadto, turecki paszport zapewnia bezwizowy wjazd do 118 kraj\u00f3w oraz uproszczon\u0105 procedur\u0119 uzyskania wizy do Stan\u00f3w Zjednoczonych lub Wielkiej Brytanii. Jak uzyska\u0107 obywatelstwo tureckie? Inwestowanie w nieruchomo\u015bci...<\/p>","protected":false},"author":13,"featured_media":0,"parent":0,"menu_order":0,"comment_status":"closed","ping_status":"closed","template":"","meta":{"_acf_changed":false,"om_disable_all_campaigns":false,"inline_featured_image":false,"_monsterinsights_skip_tracking":false,"_monsterinsights_sitenote_active":false,"_monsterinsights_sitenote_note":"","_monsterinsights_sitenote_category":0,"footnotes":""},"class_list":["post-31280","page","type-page","status-publish","hentry"],"acf":[],"aioseo_notices":[],"_links":{"self":[{"href":"https:\/\/uptrendhomesgroup.com\/pl\/wp-json\/wp\/v2\/pages\/31280","targetHints":{"allow":["GET"]}}],"collection":[{"href":"https:\/\/uptrendhomesgroup.com\/pl\/wp-json\/wp\/v2\/pages"}],"about":[{"href":"https:\/\/uptrendhomesgroup.com\/pl\/wp-json\/wp\/v2\/types\/page"}],"author":[{"embeddable":true,"href":"https:\/\/uptrendhomesgroup.com\/pl\/wp-json\/wp\/v2\/users\/13"}],"replies":[{"embeddable":true,"href":"https:\/\/uptrendhomesgroup.com\/pl\/wp-json\/wp\/v2\/comments?post=31280"}],"version-history":[{"count":58,"href":"https:\/\/uptrendhomesgroup.com\/pl\/wp-json\/wp\/v2\/pages\/31280\/revisions"}],"predecessor-version":[{"id":41430,"href":"https:\/\/uptrendhomesgroup.com\/pl\/wp-json\/wp\/v2\/pages\/31280\/revisions\/41430"}],"wp:attachment":[{"href":"https:\/\/uptrendhomesgroup.com\/pl\/wp-json\/wp\/v2\/media?parent=31280"}],"curies":[{"name":"wp","href":"https:\/\/api.w.org\/{rel}","templated":true}]}}