{"id":31313,"date":"2023-10-05T01:44:28","date_gmt":"2023-10-04T22:44:28","guid":{"rendered":"https:\/\/uptrendhomesgroup.com\/?page_id=31313"},"modified":"2026-01-12T19:47:57","modified_gmt":"2026-01-12T16:47:57","slug":"gayrimenkul-satin-alma-sureci","status":"publish","type":"page","link":"https:\/\/uptrendhomesgroup.com\/pl\/gayrimenkul-satin-alma-sureci\/","title":{"rendered":"Proces zakupu nieruchomo\u015bci"},"content":{"rendered":"<p dir=\"auto\" style=\"text-align: justify;\"><img fetchpriority=\"high\" decoding=\"async\" class=\"wp-image-40875 alignleft\" src=\"https:\/\/uptrendhomesgroup.com\/wp-content\/uploads\/2026\/01\/img_5064-819x1024.jpg\" alt=\"\" width=\"428\" height=\"535\" srcset=\"https:\/\/uptrendhomesgroup.com\/wp-content\/uploads\/2026\/01\/img_5064-819x1024.jpg 819w, https:\/\/uptrendhomesgroup.com\/wp-content\/uploads\/2026\/01\/img_5064-240x300.jpg 240w, https:\/\/uptrendhomesgroup.com\/wp-content\/uploads\/2026\/01\/img_5064-768x960.jpg 768w, https:\/\/uptrendhomesgroup.com\/wp-content\/uploads\/2026\/01\/img_5064-1229x1536.jpg 1229w, https:\/\/uptrendhomesgroup.com\/wp-content\/uploads\/2026\/01\/img_5064-10x12.jpg 10w, https:\/\/uptrendhomesgroup.com\/wp-content\/uploads\/2026\/01\/img_5064.jpg 1440w\" sizes=\"(max-width: 428px) 100vw, 428px\" \/>Cze\u015b\u0107! Nazywam si\u0119 Julia i jestem szefow\u0105 agencji nieruchomo\u015bci UpTrendHomes. Od lat pracujemy na swoj\u0105 renom\u0119. Dlatego wszyscy nasi klienci staj\u0105 si\u0119 nie tylko przyjaci\u00f3\u0142mi, ale i cz\u0119\u015bci\u0105 naszej wielkiej rodziny. Zapraszam Ci\u0119 do do\u0142\u0105czenia do nas!<\/p>\n<p dir=\"auto\" style=\"text-align: justify;\">Je\u015bli chcesz otrzyma\u0107 profesjonaln\u0105 porad\u0119 od do\u015bwiadczonego managera, zadzwo\u0144 pod numer podany na ekranie.<\/p>\n<p dir=\"auto\" style=\"text-align: justify;\">Dzisiaj rozpoczynamy now\u0105 seri\u0119, w kt\u00f3rej odpowiem na Wasze pytania. Pracuj\u0119 w bran\u017cy nieruchomo\u015bci od ponad sze\u015bciu lat, mam bogate do\u015bwiadczenie i ch\u0119tnie podziel\u0119 si\u0119 z Wami swoj\u0105 wiedz\u0105.<\/p>\n<p dir=\"auto\" style=\"text-align: justify;\">Temat na dzi\u015b: jak przebiega proces zakupu nieruchomo\u015bci w Turcji od A do Z. Zacznijmy od tego, \u017ce skontaktowa\u0142e\u015b si\u0119 z nasz\u0105 agencj\u0105. Podczas pierwszej rozmowy mened\u017cer postara si\u0119 zrozumie\u0107 Twoje cele i oczekiwania zwi\u0105zane z zakupem, a tak\u017ce opowie Ci o aktualnej sytuacji na rynku nieruchomo\u015bci. Zadaj\u0105c pytania o Twoje potrzeby i \u017cyczenia, mened\u017cer rozpocznie dob\u00f3r odpowiednich dla Ciebie opcji.<\/p>\n<p style=\"text-align: justify;\"><img decoding=\"async\" class=\"wp-image-40889 alignright\" src=\"https:\/\/uptrendhomesgroup.com\/wp-content\/uploads\/2026\/01\/463171fa-ce69-4b34-868b-2150df1d4808-684x1024.jpg\" alt=\"\" width=\"471\" height=\"705\" srcset=\"https:\/\/uptrendhomesgroup.com\/wp-content\/uploads\/2026\/01\/463171fa-ce69-4b34-868b-2150df1d4808-684x1024.jpg 684w, https:\/\/uptrendhomesgroup.com\/wp-content\/uploads\/2026\/01\/463171fa-ce69-4b34-868b-2150df1d4808-200x300.jpg 200w, https:\/\/uptrendhomesgroup.com\/wp-content\/uploads\/2026\/01\/463171fa-ce69-4b34-868b-2150df1d4808-768x1151.jpg 768w, https:\/\/uptrendhomesgroup.com\/wp-content\/uploads\/2026\/01\/463171fa-ce69-4b34-868b-2150df1d4808-1025x1536.jpg 1025w, https:\/\/uptrendhomesgroup.com\/wp-content\/uploads\/2026\/01\/463171fa-ce69-4b34-868b-2150df1d4808-8x12.jpg 8w, https:\/\/uptrendhomesgroup.com\/wp-content\/uploads\/2026\/01\/463171fa-ce69-4b34-868b-2150df1d4808.jpg 1068w\" sizes=\"(max-width: 471px) 100vw, 471px\" \/><\/p>\n<p>&nbsp;<\/p>\n<p style=\"text-align: justify;\">Mened\u017cer przesy\u0142a Ci oferty, Ty je przegl\u0105dasz, komentujesz, precyzujesz swoje oczekiwania, poznajesz rynek nieruchomo\u015bci w Alanyi i lepiej rozumiesz swoje potrzeby. Na tym etapie bardzo wa\u017cny jest dialog z mened\u017cerem. Je\u015bli tylko przejrzysz oferty bez komentowania, mened\u017cerowi b\u0119dzie trudno zrozumie\u0107, co Ci odpowiada. Dlatego prosz\u0119 Ci\u0119: kiedy mened\u017cer przesy\u0142a Ci oferty, koniecznie okre\u015bl, czy nieruchomo\u015b\u0107 Ci si\u0119 podoba, czy cena jest odpowiednia, czy chcesz kupi\u0107 mieszkanie na raty. Komentuj jak najdok\u0142adniej, zadawaj pytania \u2013 to pomo\u017ce zaoszcz\u0119dzi\u0107 czas na wyborze. Mened\u017cer lepiej zrozumie Twoje preferencje i wsp\u00f3lnie szybko znajdziecie idealn\u0105 ofert\u0119.<\/p>\n<p dir=\"auto\" style=\"text-align: justify;\">Nast\u0119pnie, z regu\u0142y, rozpoczyna si\u0119 wycieczka zapoznawcza. Kupujesz bilety i podajesz nam dat\u0119 swojego przyjazdu. Organizujemy spotkanie na lotnisku, zakwaterowanie w apartamentach w Alanyi, zapoznajemy Ci\u0119 z miastem, prezentujemy nieruchomo\u015bci dostosowane do Twoich potrzeb i bud\u017cetu, a tak\u017ce pomagamy w wyborze.<\/p>\n<p dir=\"auto\" style=\"text-align: justify;\">Po wybraniu nieruchomo\u015bci, sporz\u0105dzamy tr\u00f3jstronn\u0105 umow\u0119 kupna nieruchomo\u015bci. Stronami umowy s\u0105 kupuj\u0105cy (czyli Ty), sprzedaj\u0105cy oraz nasza agencja, jako gwarant dotrzymania wszystkich warunk\u00f3w. Umowa jest sporz\u0105dzona w j\u0119zyku rosyjskim i tureckim. Okre\u015bla ona cen\u0119 nieruchomo\u015bci oraz zastrzega, \u017ce cena nie mo\u017ce ulec zmianie po jej podpisaniu. W przypadku zakupu mieszkania na raty, ustalany jest plan sp\u0142at. Je\u015bli mieszkanie jest umeblowane, umowa okre\u015bla list\u0119 mebli, kt\u00f3re pozostan\u0105 w mieszkaniu. Umowa ta w maksymalnym stopniu chroni Twoje interesy.<\/p>\n<p dir=\"auto\" style=\"text-align: justify;\"><img decoding=\"async\" class=\"wp-image-40890 alignleft\" src=\"https:\/\/uptrendhomesgroup.com\/wp-content\/uploads\/2026\/01\/cf15b701-d1f7-44d6-af57-9a9b9aebead8-684x1024.jpg\" alt=\"\" width=\"502\" height=\"751\" srcset=\"https:\/\/uptrendhomesgroup.com\/wp-content\/uploads\/2026\/01\/cf15b701-d1f7-44d6-af57-9a9b9aebead8-684x1024.jpg 684w, https:\/\/uptrendhomesgroup.com\/wp-content\/uploads\/2026\/01\/cf15b701-d1f7-44d6-af57-9a9b9aebead8-200x300.jpg 200w, https:\/\/uptrendhomesgroup.com\/wp-content\/uploads\/2026\/01\/cf15b701-d1f7-44d6-af57-9a9b9aebead8-768x1151.jpg 768w, https:\/\/uptrendhomesgroup.com\/wp-content\/uploads\/2026\/01\/cf15b701-d1f7-44d6-af57-9a9b9aebead8-1025x1536.jpg 1025w, https:\/\/uptrendhomesgroup.com\/wp-content\/uploads\/2026\/01\/cf15b701-d1f7-44d6-af57-9a9b9aebead8-8x12.jpg 8w, https:\/\/uptrendhomesgroup.com\/wp-content\/uploads\/2026\/01\/cf15b701-d1f7-44d6-af57-9a9b9aebead8.jpg 1068w\" sizes=\"(max-width: 502px) 100vw, 502px\" \/>Do rejestracji nieruchomo\u015bci potrzebny jest jedynie paszport i dwa kolorowe zdj\u0119cia. Na podstawie paszportu uzyskujemy dla Ciebie turecki numer identyfikacji podatkowej (NIP), po czym mo\u017cesz z\u0142o\u017cy\u0107 dokumenty w urz\u0119dzie katastralnym. Obecnie rejestracja dokument\u00f3w trwa od dw\u00f3ch do trzech tygodni. Mo\u017cesz by\u0107 obecny podczas rejestracji lub udzieli\u0107 pe\u0142nomocnictwa, a my zarejestrujemy wszystkie dokumenty zdalnie.<\/p>\n<h3 dir=\"auto\" style=\"text-align: justify;\">Co obejmuje dokumentacja?<\/h3>\n<p dir=\"auto\" style=\"text-align: justify;\">Zlecenie i uzyskanie wyceny nieruchomo\u015bci jest obowi\u0105zkowe w przypadku transakcji z obcokrajowcami. Nast\u0119pnie przetwarzamy i uzyskujemy tapu (akt w\u0142asno\u015bci) na Pa\u0144stwa nazwisko. Rejestrujemy r\u00f3wnie\u017c dokumenty w urz\u0119dzie miasta, aby nalicza\u0107 podatki od nieruchomo\u015bci na Pa\u0144stwa nazwisko oraz przekazywa\u0107 Pa\u0144stwu rachunki za wod\u0119 i pr\u0105d. W razie potrzeby uzyskujemy r\u00f3wnie\u017c paszport techniczny dla mieszkania.<\/p>\n<p dir=\"auto\" style=\"text-align: justify;\">Gwarantujemy pe\u0142n\u0105 przejrzysto\u015b\u0107 transakcji i towarzyszymy Pa\u0144stwu na ka\u017cdym jej etapie. Nasza firma posiada w\u0142asny dzia\u0142 prawny, dzi\u0119ki czemu wsparcie transakcyjne jest dla Pa\u0144stwa ca\u0142kowicie bezp\u0142atne.<\/p>\n<p dir=\"auto\" style=\"text-align: justify;\">Je\u015bli kupujesz nieruchomo\u015b\u0107 na etapie budowy lub przegl\u0105daj\u0105c zdj\u0119cia i filmy, zda\u0142e\u015b sobie spraw\u0119, \u017ce znalaz\u0142e\u015b wymarzone mieszkanie lub will\u0119 i boisz si\u0119 je przegapi\u0107, mo\u017cemy zawrze\u0107 umow\u0119 rezerwacyjn\u0105 online. Umowa ta stanowi, \u017ce rezerwujesz nieruchomo\u015b\u0107, wp\u0142acasz zadatek i gwarantuje, \u017ce mieszkanie lub willa b\u0119dzie czeka\u0107 na Tw\u00f3j przyjazd i nie zostanie sprzedane innemu nabywcy.<\/p>\n<p dir=\"auto\" style=\"text-align: justify;\">Przyje\u017cd\u017casz na faktyczn\u0105 rejestracj\u0119 nieruchomo\u015bci. Chcia\u0142bym zaznaczy\u0107, \u017ce mo\u017cesz po\u0142\u0105czy\u0107 wakacje z zakupem nieruchomo\u015bci. Rejestracja nie wymaga Twojej d\u0142ugiej obecno\u015bci. Potrzebujemy tylko trzech godzin Twojego czasu na skompletowanie wszystkich dokument\u00f3w. Reszt\u0119 czasu za\u0142atwiamy sami: udajemy si\u0119 do urz\u0119d\u00f3w, stoimy w kolejkach. Dajesz nam wi\u0119c trzy godziny, a reszt\u0119 czasu mo\u017cesz sp\u0119dzi\u0107 na cieszeniu si\u0119 wakacjami, morzem, s\u0142o\u0144cem i go\u015bcinno\u015bci\u0105 miasta.<\/p>\n<div class=\"video-container\"><iframe title=\"\u041f\u0440\u043e\u0446\u0435\u0441\u0441 \u043f\u043e\u043a\u0443\u043f\u043a\u0438 \u043d\u0435\u0434\u0432\u0438\u0436\u0438\u043c\u043e\u0441\u0442\u0438 \u0432 \u043a\u043e\u043c\u043f\u0430\u043d\u0438\u0438 Uptrend Homes \u043e\u0442 \u0410 \u0434\u043e \u042f\" width=\"1200\" height=\"675\" src=\"https:\/\/www.youtube.com\/embed\/Y0UAQnrfpac?feature=oembed\" frameborder=\"0\" allow=\"accelerometer; autoplay; clipboard-write; encrypted-media; gyroscope; picture-in-picture; web-share\" referrerpolicy=\"strict-origin-when-cross-origin\" allowfullscreen><\/iframe><\/div>","protected":false},"excerpt":{"rendered":"<p>Cze\u015b\u0107! Mam na imi\u0119 Julia i jestem szefow\u0105 agencji nieruchomo\u015bci UpTrendHomes. Od wielu lat pracujemy na swoj\u0105 renom\u0119. Dlatego wszyscy nasi klienci staj\u0105 si\u0119 nie tylko przyjaci\u00f3\u0142mi, ale i cz\u0119\u015bci\u0105 naszej wielkiej rodziny. Zapraszam do do\u0142\u0105czenia do niej! Je\u015bli chcesz skorzysta\u0107 z profesjonalnej porady do\u015bwiadczonego managera, zadzwo\u0144 pod numer podany na ekranie. Dzisiaj rozpoczynamy now\u0105 rubryk\u0119, w kt\u00f3rej\u2026<\/p>","protected":false},"author":13,"featured_media":0,"parent":0,"menu_order":0,"comment_status":"closed","ping_status":"closed","template":"","meta":{"_acf_changed":false,"om_disable_all_campaigns":false,"inline_featured_image":false,"_monsterinsights_skip_tracking":false,"_monsterinsights_sitenote_active":false,"_monsterinsights_sitenote_note":"","_monsterinsights_sitenote_category":0,"footnotes":""},"class_list":["post-31313","page","type-page","status-publish","hentry"],"acf":[],"aioseo_notices":[],"_links":{"self":[{"href":"https:\/\/uptrendhomesgroup.com\/pl\/wp-json\/wp\/v2\/pages\/31313","targetHints":{"allow":["GET"]}}],"collection":[{"href":"https:\/\/uptrendhomesgroup.com\/pl\/wp-json\/wp\/v2\/pages"}],"about":[{"href":"https:\/\/uptrendhomesgroup.com\/pl\/wp-json\/wp\/v2\/types\/page"}],"author":[{"embeddable":true,"href":"https:\/\/uptrendhomesgroup.com\/pl\/wp-json\/wp\/v2\/users\/13"}],"replies":[{"embeddable":true,"href":"https:\/\/uptrendhomesgroup.com\/pl\/wp-json\/wp\/v2\/comments?post=31313"}],"version-history":[{"count":49,"href":"https:\/\/uptrendhomesgroup.com\/pl\/wp-json\/wp\/v2\/pages\/31313\/revisions"}],"predecessor-version":[{"id":40982,"href":"https:\/\/uptrendhomesgroup.com\/pl\/wp-json\/wp\/v2\/pages\/31313\/revisions\/40982"}],"wp:attachment":[{"href":"https:\/\/uptrendhomesgroup.com\/pl\/wp-json\/wp\/v2\/media?parent=31313"}],"curies":[{"name":"wp","href":"https:\/\/api.w.org\/{rel}","templated":true}]}}