{"id":31319,"date":"2023-10-05T01:45:25","date_gmt":"2023-10-04T22:45:25","guid":{"rendered":"https:\/\/uptrendhomesgroup.com\/?page_id=31319"},"modified":"2026-01-13T16:34:09","modified_gmt":"2026-01-13T13:34:09","slug":"gayrimenkul-odeme-yontemleri","status":"publish","type":"page","link":"https:\/\/uptrendhomesgroup.com\/pl\/gayrimenkul-odeme-yontemleri\/","title":{"rendered":"Sposoby p\u0142atno\u015bci za nieruchomo\u015bci"},"content":{"rendered":"<p style=\"text-align: justify;\"><img fetchpriority=\"high\" decoding=\"async\" class=\"wp-image-41130 alignleft\" src=\"https:\/\/uptrendhomesgroup.com\/wp-content\/uploads\/2026\/01\/flagi-684x1024.jpg\" alt=\"\" width=\"533\" height=\"798\" srcset=\"https:\/\/uptrendhomesgroup.com\/wp-content\/uploads\/2026\/01\/flagi-684x1024.jpg 684w, https:\/\/uptrendhomesgroup.com\/wp-content\/uploads\/2026\/01\/flagi-200x300.jpg 200w, https:\/\/uptrendhomesgroup.com\/wp-content\/uploads\/2026\/01\/flagi-768x1151.jpg 768w, https:\/\/uptrendhomesgroup.com\/wp-content\/uploads\/2026\/01\/flagi-1025x1536.jpg 1025w, https:\/\/uptrendhomesgroup.com\/wp-content\/uploads\/2026\/01\/flagi-8x12.jpg 8w, https:\/\/uptrendhomesgroup.com\/wp-content\/uploads\/2026\/01\/flagi.jpg 1068w\" sizes=\"(max-width: 533px) 100vw, 533px\" \/>Planujesz przeprowadzk\u0119 do Turcji lub na Cypr P\u00f3\u0142nocny? A mo\u017ce rozwa\u017casz zakup nieruchomo\u015bci z mo\u017cliwo\u015bci\u0105 jej p\u00f3\u017aniejszej odsprzeda\u017cy? W takim razie z pewno\u015bci\u0105 przydatne oka\u017c\u0105 si\u0119 informacje o najpopularniejszych i najcz\u0119\u015bciej stosowanych metodach p\u0142atno\u015bci.<\/p>\n<h2 style=\"text-align: center;\">Przelew bankowy<\/h2>\n<p style=\"text-align: justify;\">Przy zakupie nieruchomo\u015bci zawierana jest tr\u00f3jstronna umowa pomi\u0119dzy kupuj\u0105cym, sprzedaj\u0105cym i agencj\u0105, kt\u00f3ra jest gwarantem wykonania zobowi\u0105za\u0144. Do przelewu \u015brodk\u00f3w na rachunek sprzedaj\u0105cego wskazany w umowie wykorzystywany jest mi\u0119dzynarodowy system p\u0142atniczy SWIFT.<\/p>\n<p style=\"text-align: justify;\">Chocia\u017c nie wszystkie rosyjskie banki obs\u0142uguj\u0105 przelewy SWIFT, ta metoda p\u0142atno\u015bci jest nadal w pe\u0142ni dost\u0119pna. Na przyk\u0142ad Raiffeisenbank oferuje us\u0142ug\u0119 przelew\u00f3w SWIFT w euro. Ponadto, z regu\u0142y, p\u0142atno\u015bci mog\u0105 realizowa\u0107 r\u00f3wnie\u017c banki regionalne.<\/p>\n<p style=\"text-align: justify;\">Mo\u017cliwe jest r\u00f3wnie\u017c dokonywanie przelew\u00f3w w rublach. Prawie wszyscy tureccy deweloperzy posiadaj\u0105 konta rublowe w tureckich bankach, co pozwala na dokonywanie p\u0142atno\u015bci w rublach za zakup nieruchomo\u015bci. W ten sam spos\u00f3b mo\u017cna dokonywa\u0107 przelew\u00f3w w lirach tureckich, na przyk\u0142ad wysy\u0142aj\u0105c \u015brodki na konto w Gazprombanku.<\/p>\n<p style=\"text-align: justify;\">Niestety, obywatele Ukrainy nie mog\u0105 dokonywa\u0107 przelew\u00f3w z powodu zako\u0144czenia korzystania z systemu SWIFT w tym kraju. Obywatele innych kraj\u00f3w mog\u0105 nadal dokonywa\u0107 przelew\u00f3w bez ogranicze\u0144.<\/p>\n<h2 style=\"text-align: center;\">P\u0142atno\u015b\u0107 got\u00f3wk\u0105<\/h2>\n<p style=\"text-align: justify;\">Przekraczaj\u0105c granic\u0119, ka\u017cdy obywatel ma prawo wywie\u017a\u0107 do 10 000 euro bez deklarowania. Z Rosji ka\u017cdy mo\u017ce wywie\u017a\u0107 do 10 000 dolar\u00f3w (lub r\u00f3wnowarto\u015b\u0107 w innej walucie) bez obowi\u0105zkowego deklarowania.<\/p>\n<p style=\"text-align: justify;\">Dla rodzin, kt\u00f3re kupuj\u0105 nieruchomo\u015b\u0107 od dewelopera na raty i maj\u0105 mo\u017cliwo\u015b\u0107 cz\u0119stego podr\u00f3\u017cowania, etapowa wyp\u0142ata \u015brodk\u00f3w staje si\u0119 wygodn\u0105 i praktyczn\u0105 metod\u0105 p\u0142atno\u015bci.<\/p>\n<h2 style=\"text-align: center;\">Za po\u015brednictwem zaufanych przedstawicieli firmy<\/h2>\n<p style=\"text-align: justify;\">Ta metoda przesy\u0142ania pieni\u0119dzy sta\u0142a si\u0119 popularna ze wzgl\u0119du na trudno\u015bci zwi\u0105zane z przelewami SWIFT.<br \/>\nTo niezawodna, sprawdzona i uznana metoda p\u0142atno\u015bci w UpTrend Homes. Akceptujemy got\u00f3wk\u0119 w dowolnym miejscu na \u015bwiecie w euro, dolarach lub dowolnej innej walucie krajowej, po uprzednim uzgodnieniu kursu wymiany. Po otrzymaniu \u015brodk\u00f3w wystawiamy potwierdzenie, a tego samego dnia kwota jest przelewana do Turcji lub na Cypr P\u00f3\u0142nocny. Transakcje te s\u0105 ca\u0142kowicie bezpieczne i potwierdzone setkami udanych transakcji, co umacnia nasz\u0105 nienagann\u0105 reputacj\u0119. Za \u015bwiadczenie tej us\u0142ugi nasi zaufani klienci otrzymuj\u0105 nagrod\u0119, zazwyczaj w wysoko\u015bci 1-2% od przelewanej kwoty.<\/p>\n<h2 style=\"text-align: center;\">Kryptowaluta<\/h2>\n<p style=\"text-align: justify;\">Prawie ka\u017cdy deweloper na Cyprze posiada portfel kryptowalutowy akceptuj\u0105cy p\u0142atno\u015bci w kryptowalutach. W Turcji kryptowaluty nie s\u0105 jeszcze powszechne, ale mamy proste rozwi\u0105zanie tego problemu. Wsp\u00f3\u0142pracujemy z zaufanymi tureckimi firmami partnerskimi, kt\u00f3re posiadaj\u0105 portfele kryptowalutowe. Akceptuj\u0105 one przelewy w kryptowalutach, wyp\u0142acaj\u0105 je i przekazuj\u0105 \u015brodki do naszej firmy. Nast\u0119pnie wykorzystujemy te \u015brodki do zap\u0142aty deweloperowi za zakup nieruchomo\u015bci.<a role=\"button\"><br \/>\n<\/a><\/p>","protected":false},"excerpt":{"rendered":"<p>Planujesz przeprowadzk\u0119 do Turcji lub na Cypr P\u00f3\u0142nocny? A mo\u017ce rozwa\u017casz zakup nieruchomo\u015bci z mo\u017cliwo\u015bci\u0105 p\u00f3\u017aniejszej odsprzeda\u017cy? W takim razie z pewno\u015bci\u0105 przydatne oka\u017c\u0105 si\u0119 informacje o najpopularniejszych i najcz\u0119\u015bciej stosowanych metodach p\u0142atno\u015bci. Przelew bankowy Przy zakupie nieruchomo\u015bci podpisywana jest tr\u00f3jstronna umowa pomi\u0119dzy kupuj\u0105cym, sprzedaj\u0105cym i agencj\u0105 po\u015brednictwa, kt\u00f3ra jest gwarantem wykonania zobowi\u0105za\u0144. Mi\u0119dzynarodowy system p\u0142atno\u015bci SWIFT s\u0142u\u017cy do przelewu \u015brodk\u00f3w na rachunek sprzedaj\u0105cego wskazany w umowie. Pomimo faktu, \u017ce...<\/p>","protected":false},"author":13,"featured_media":0,"parent":0,"menu_order":0,"comment_status":"closed","ping_status":"closed","template":"","meta":{"_acf_changed":false,"om_disable_all_campaigns":false,"inline_featured_image":false,"_monsterinsights_skip_tracking":false,"_monsterinsights_sitenote_active":false,"_monsterinsights_sitenote_note":"","_monsterinsights_sitenote_category":0,"footnotes":""},"class_list":["post-31319","page","type-page","status-publish","hentry"],"acf":[],"aioseo_notices":[],"_links":{"self":[{"href":"https:\/\/uptrendhomesgroup.com\/pl\/wp-json\/wp\/v2\/pages\/31319","targetHints":{"allow":["GET"]}}],"collection":[{"href":"https:\/\/uptrendhomesgroup.com\/pl\/wp-json\/wp\/v2\/pages"}],"about":[{"href":"https:\/\/uptrendhomesgroup.com\/pl\/wp-json\/wp\/v2\/types\/page"}],"author":[{"embeddable":true,"href":"https:\/\/uptrendhomesgroup.com\/pl\/wp-json\/wp\/v2\/users\/13"}],"replies":[{"embeddable":true,"href":"https:\/\/uptrendhomesgroup.com\/pl\/wp-json\/wp\/v2\/comments?post=31319"}],"version-history":[{"count":52,"href":"https:\/\/uptrendhomesgroup.com\/pl\/wp-json\/wp\/v2\/pages\/31319\/revisions"}],"predecessor-version":[{"id":41133,"href":"https:\/\/uptrendhomesgroup.com\/pl\/wp-json\/wp\/v2\/pages\/31319\/revisions\/41133"}],"wp:attachment":[{"href":"https:\/\/uptrendhomesgroup.com\/pl\/wp-json\/wp\/v2\/media?parent=31319"}],"curies":[{"name":"wp","href":"https:\/\/api.w.org\/{rel}","templated":true}]}}