{"id":31392,"date":"2023-10-05T03:14:06","date_gmt":"2023-10-05T00:14:06","guid":{"rendered":"https:\/\/uptrendhomesgroup.com\/?page_id=31392"},"modified":"2025-08-29T01:04:16","modified_gmt":"2025-08-28T22:04:16","slug":"soru-ve-cevaplar","status":"publish","type":"page","link":"https:\/\/uptrendhomesgroup.com\/pl\/soru-ve-cevaplar\/","title":{"rendered":"Soru And Cevaplar"},"content":{"rendered":"<section class=\"faq\">\n    <div class=\"n_container\">\n        <!--\n\t\t   * \u041a\u043b\u0430\u0441\u0441 _active \u0443 block__title \u043e\u0442\u0432\u0435\u0447\u0430\u0435\u0442 \u0437\u0430 \u0440\u0430\u0441\u043a\u0440\u044b\u0442\u0438\u0435 (\u0432 \u0434\u0438\u0437\u0430\u0439\u043d\u0435 \u0432\u0438\u0434\u0438\u043c\u043e \u0434\u043b\u044f \u043f\u0440\u0438\u043c\u0435\u0440\u0430 \u0431\u044b\u043b\u0438 \u043e\u0442\u043a\u0440\u044b\u0442\u044b \u0432\u0441\u0435 \u0438\u0437\u043d\u0430\u0447\u0430\u043b\u044c\u043d\u043e)\n\t\t   * \u0410\u0442\u0440\u0438\u0431\u0443\u0442 data-one-spoller \u0437\u0430\u043a\u0440\u044b\u0432\u0430\u0435\u0442 \u043f\u0440\u0435\u0434\u044b\u0434\u0443\u0449\u0438\u0439 \u0431\u043b\u043e\u043a \u043f\u0440\u0438 \u043e\u0442\u043a\u0440\u044b\u0442\u0438\u0438 \u0434\u0440\u0443\u0433\u043e\u0433\u043e, \u0435\u0441\u043b\u0438 \u0431\u0443\u0434\u0435\u0442 \u043d\u0435\u043e\u0431\u0445\u043e\u0434\u0438\u043c\u043e, \u043d\u0443\u0436\u043d\u043e \u0432 \u043a\u0430\u0447\u0435\u0441\u0442\u0432\u0435 \u0434\u043e\u043f\u043e\u043b\u043d\u0435\u043d\u0438\u044f \u0434\u043e\u0431\u0430\u0432\u0438\u0442\u044c \u043a \u0430\u0442\u0440\u0438\u0431\u0443\u0442\u0443 data-spollers\n\t\t-->\n        <div class=\"faq__top\">\n            <h2>Pytania i <span>odpowiedzi<\/span><\/h2>\n            <p>Firmy UPTREND HOMES<\/p>\n        <\/div>\n        <!-- data-one-spoller -->\n        <div data-spollers class=\"block\">\n                                    <div class=\"block__item\">\n                            <button tabindex=\"-1\" type=\"button\" data-spoller class=\"block__title _active\">\n                                Ile kosztuj\u0105 us\u0142ugi UPTREND HOMES?                                <span class=\"block__wrap-arrow\">\n                                    <svg width=\"18\" height=\"11\" viewbox=\"0 0 18 11\" fill=\"none\" xmlns=\"http:\/\/www.w3.org\/2000\/svg\">\n                                        <path d=\"M1.88379 9.53027C1.79832 9.6157 1.66636 9.62664 1.56934 9.5625L1.53027 9.53027L1.17676 9.17676C1.09133 9.09133 1.08048 8.95933 1.14453 8.8623L1.17676 8.82324L8.82324 1.17676C8.90868 1.09132 9.04066 1.08043 9.1377 1.14453L9.17676 1.17676L16.8232 8.82324C16.9087 8.9087 16.9196 9.04066 16.8555 9.1377L16.8232 9.17676L16.4697 9.53027C16.3843 9.61569 16.2523 9.62657 16.1553 9.5625L16.1162 9.53027L9 2.41406L1.88379 9.53027Z\" fill=\"#00B6DA\" stroke=\"#00B6DA\" \/>\n                                    <\/svg>\n                                <\/span>\n                            <\/button>\n                            <div class=\"block__text\">\n                                <div class=\"block__content\">\n                                    <p>Us\u0142ugi naszej firmy s\u0105 bezp\u0142atne dla kupuj\u0105cych. P\u0142ac\u0105 nam deweloperzy i sprzedawcy nieruchomo\u015bci.<\/p>\n                                <\/div>\n                            <\/div>\n                        <\/div>\n                                    <div class=\"block__item\">\n                            <button tabindex=\"-1\" type=\"button\" data-spoller class=\"block__title\">\n                                Chc\u0119 kupi\u0107! Czy musz\u0119 lecie\u0107 do Turcji?                                <span class=\"block__wrap-arrow\">\n                                    <svg width=\"18\" height=\"11\" viewbox=\"0 0 18 11\" fill=\"none\" xmlns=\"http:\/\/www.w3.org\/2000\/svg\">\n                                        <path d=\"M1.88379 9.53027C1.79832 9.6157 1.66636 9.62664 1.56934 9.5625L1.53027 9.53027L1.17676 9.17676C1.09133 9.09133 1.08048 8.95933 1.14453 8.8623L1.17676 8.82324L8.82324 1.17676C8.90868 1.09132 9.04066 1.08043 9.1377 1.14453L9.17676 1.17676L16.8232 8.82324C16.9087 8.9087 16.9196 9.04066 16.8555 9.1377L16.8232 9.17676L16.4697 9.53027C16.3843 9.61569 16.2523 9.62657 16.1553 9.5625L16.1162 9.53027L9 2.41406L1.88379 9.53027Z\" fill=\"#00B6DA\" stroke=\"#00B6DA\" \/>\n                                    <\/svg>\n                                <\/span>\n                            <\/button>\n                            <div class=\"block__text\">\n                                <div class=\"block__content\">\n                                    <p>Nie. Je\u015bli nie mo\u017cesz teraz przyjecha\u0107, ale bardzo zale\u017cy Ci na zakupie nieruchomo\u015bci, zaufaj nam! Zdalnie wybierzemy odpowiednie opcje, nagramy niezb\u0119dne filmy o interesuj\u0105cej Ci\u0119 nieruchomo\u015bci, prze\u015blemy Ci wszystkie informacje i umow\u0119 tr\u00f3jstronn\u0105. Ty j\u0105 przeanalizujesz, podpiszesz i ode\u015blesz.<\/p>\n<p>Po podpisaniu umowy, uiszczaj p\u0142atno\u015bci zgodnie z harmonogramem. Po uregulowaniu wszystkich p\u0142atno\u015bci, przyjed\u017a na kilka dni, aby zarejestrowa\u0107 prawa w\u0142asno\u015bci lub prze\u015blij nam pe\u0142nomocnictwo, a my zarejestrujemy nieruchomo\u015b\u0107 na Twoje nazwisko.<\/p>\n                                <\/div>\n                            <\/div>\n                        <\/div>\n                                    <div class=\"block__item\">\n                            <button tabindex=\"-1\" type=\"button\" data-spoller class=\"block__title\">\n                                Dlaczego nie mog\u0119 kupi\u0107 bezpo\u015brednio od dewelopera?                                <span class=\"block__wrap-arrow\">\n                                    <svg width=\"18\" height=\"11\" viewbox=\"0 0 18 11\" fill=\"none\" xmlns=\"http:\/\/www.w3.org\/2000\/svg\">\n                                        <path d=\"M1.88379 9.53027C1.79832 9.6157 1.66636 9.62664 1.56934 9.5625L1.53027 9.53027L1.17676 9.17676C1.09133 9.09133 1.08048 8.95933 1.14453 8.8623L1.17676 8.82324L8.82324 1.17676C8.90868 1.09132 9.04066 1.08043 9.1377 1.14453L9.17676 1.17676L16.8232 8.82324C16.9087 8.9087 16.9196 9.04066 16.8555 9.1377L16.8232 9.17676L16.4697 9.53027C16.3843 9.61569 16.2523 9.62657 16.1553 9.5625L16.1162 9.53027L9 2.41406L1.88379 9.53027Z\" fill=\"#00B6DA\" stroke=\"#00B6DA\" \/>\n                                    <\/svg>\n                                <\/span>\n                            <\/button>\n                            <div class=\"block__text\">\n                                <div class=\"block__content\">\n                                    <p>Deweloperzy i agencje pracuj\u0105 wed\u0142ug jednolitych cennik\u00f3w, a kontaktuj\u0105c si\u0119 bezpo\u015brednio z firm\u0105 budowlan\u0105, kupujesz obiekt w tej samej cenie, co od agencji. Wsp\u00f3\u0142pracuj\u0105c z deweloperem, pozbawiasz si\u0119 jednak prawa wyboru. Musisz wybra\u0107 najkorzystniejsz\u0105 ofert\u0119, kt\u00f3ra odpowiada Twoim kryteriom, a deweloper, jakkolwiek by na to nie patrze\u0107, jest stron\u0105 zainteresowan\u0105 i b\u0119dzie doradza\u0142 tylko sobie.<\/p>\n<p>Wsp\u00f3\u0142pracuj\u0105c z nami, otrzymasz obiektywne informacje o wszystkich interesuj\u0105cych Ci\u0119 obszarach, obiektach i firmach budowlanych. B\u0119dziesz m\u00f3g\u0142 zobaczy\u0107 i por\u00f3wna\u0107 polityk\u0119 cenow\u0105, jako\u015b\u0107 wykonania, prac\u0119 firmy zarz\u0105dzaj\u0105cej oraz lokalizacj\u0119 ka\u017cdej interesuj\u0105cej Ci\u0119 oferty.<\/p>\n<p>Naszym zadaniem jest znalezienie dok\u0142adnie takiej opcji, o jakiej marzy\u0142e\u015b, kt\u00f3ra odpowiada Twoim pragnieniom i mo\u017cliwo\u015bciom i kt\u00f3ra sprawi Ci rado\u015b\u0107.<\/p>\n                                <\/div>\n                            <\/div>\n                        <\/div>\n                                    <div class=\"block__item\">\n                            <button tabindex=\"-1\" type=\"button\" data-spoller class=\"block__title\">\n                                Jakie s\u0105 korzy\u015bci ze wsp\u00f3\u0142pracy z UPTREND HOMES?                                <span class=\"block__wrap-arrow\">\n                                    <svg width=\"18\" height=\"11\" viewbox=\"0 0 18 11\" fill=\"none\" xmlns=\"http:\/\/www.w3.org\/2000\/svg\">\n                                        <path d=\"M1.88379 9.53027C1.79832 9.6157 1.66636 9.62664 1.56934 9.5625L1.53027 9.53027L1.17676 9.17676C1.09133 9.09133 1.08048 8.95933 1.14453 8.8623L1.17676 8.82324L8.82324 1.17676C8.90868 1.09132 9.04066 1.08043 9.1377 1.14453L9.17676 1.17676L16.8232 8.82324C16.9087 8.9087 16.9196 9.04066 16.8555 9.1377L16.8232 9.17676L16.4697 9.53027C16.3843 9.61569 16.2523 9.62657 16.1553 9.5625L16.1162 9.53027L9 2.41406L1.88379 9.53027Z\" fill=\"#00B6DA\" stroke=\"#00B6DA\" \/>\n                                    <\/svg>\n                                <\/span>\n                            <\/button>\n                            <div class=\"block__text\">\n                                <div class=\"block__content\">\n                                    <p>Pracujemy oficjalnie, posiadamy wszystkie niezb\u0119dne licencje, zezwolenia, w\u0142asne biuro i m\u00f3wimy po rosyjsku.<br \/>\nNie pracujemy na zasadzie flow. Do ka\u017cdego klienta dobieramy indywidualnie, zgodnie z jego mo\u017cliwo\u015bciami i \u017cyczeniami.<\/p>\n<p>Prezes firmy ma ponad 10-letnie do\u015bwiadczenie w bran\u017cy nieruchomo\u015bci i od ponad 5 lat z sukcesem inwestuje w dochodowe nieruchomo\u015bci. Osobi\u015bcie spotyka si\u0119 z ka\u017cdym klientem, udziela porad inwestycyjnych i osobi\u015bcie obs\u0142uguje transakcj\u0119.<\/p>\n<p>UPTREND HOMES buduje udane partnerstwa z deweloperami, dzi\u0119ki czemu klienci naszej firmy maj\u0105 specjalne warunki - d\u0142ugoterminowe raty, prezenty, rabaty.<\/p>\n<p>Mamy dost\u0119p do pilnych wyprzeda\u017cy, dzi\u0119ki czemu klienci UPTREND HOMES cz\u0119sto kupuj\u0105 nieruchomo\u015bci w cenach ni\u017cszych od rynkowych.<\/p>\n<p>A co najwa\u017cniejsze, nasi klienci s\u0105 naszymi przyjaci\u00f3\u0142mi i zawsze mog\u0105 liczy\u0107 na pomoc i wsparcie w ka\u017cdej sprawie, nawet niezwi\u0105zanej z nieruchomo\u015bciami. Przyja\u017animy si\u0119 z rodzinami, wsp\u00f3lnie \u015bwi\u0119tujemy parapet\u00f3wki, \u015bwi\u0119ta i witamy Ci\u0119 w naszej rodzinie.<\/p>\n                                <\/div>\n                            <\/div>\n                        <\/div>\n                    <\/div>\n        <div class=\"faq__bottom\">\n            <h3>Masz jeszcze jakie\u015b pytania?<\/h3>\n            <a href=\"#elementor-action%3Aaction%3Dpopup%3Aopen%26settings%3DeyJpZCI6IjMxNDE1IiwidG9nZ2xlIjpmYWxzZX0%3D\" class=\"service-page__button\">Zostaw pro\u015bb\u0119<\/a>\n        <\/div>\n    <\/div>\n<\/section>","protected":false},"excerpt":{"rendered":"","protected":false},"author":13,"featured_media":0,"parent":0,"menu_order":0,"comment_status":"closed","ping_status":"closed","template":"elementor_header_footer","meta":{"_acf_changed":false,"om_disable_all_campaigns":false,"inline_featured_image":false,"_monsterinsights_skip_tracking":false,"_monsterinsights_sitenote_active":false,"_monsterinsights_sitenote_note":"","_monsterinsights_sitenote_category":0,"footnotes":""},"class_list":["post-31392","page","type-page","status-publish","hentry"],"acf":[],"aioseo_notices":[],"_links":{"self":[{"href":"https:\/\/uptrendhomesgroup.com\/pl\/wp-json\/wp\/v2\/pages\/31392","targetHints":{"allow":["GET"]}}],"collection":[{"href":"https:\/\/uptrendhomesgroup.com\/pl\/wp-json\/wp\/v2\/pages"}],"about":[{"href":"https:\/\/uptrendhomesgroup.com\/pl\/wp-json\/wp\/v2\/types\/page"}],"author":[{"embeddable":true,"href":"https:\/\/uptrendhomesgroup.com\/pl\/wp-json\/wp\/v2\/users\/13"}],"replies":[{"embeddable":true,"href":"https:\/\/uptrendhomesgroup.com\/pl\/wp-json\/wp\/v2\/comments?post=31392"}],"version-history":[{"count":58,"href":"https:\/\/uptrendhomesgroup.com\/pl\/wp-json\/wp\/v2\/pages\/31392\/revisions"}],"predecessor-version":[{"id":39130,"href":"https:\/\/uptrendhomesgroup.com\/pl\/wp-json\/wp\/v2\/pages\/31392\/revisions\/39130"}],"wp:attachment":[{"href":"https:\/\/uptrendhomesgroup.com\/pl\/wp-json\/wp\/v2\/media?parent=31392"}],"curies":[{"name":"wp","href":"https:\/\/api.w.org\/{rel}","templated":true}]}}