{"id":34452,"date":"2024-01-10T15:23:08","date_gmt":"2024-01-10T12:23:08","guid":{"rendered":"https:\/\/uptrendhomesgroup.com\/?page_id=34452"},"modified":"2026-01-15T16:22:28","modified_gmt":"2026-01-15T13:22:28","slug":"residence-permit-in-northern-cyprus","status":"publish","type":"page","link":"https:\/\/uptrendhomesgroup.com\/pl\/residence-permit-in-northern-cyprus\/","title":{"rendered":"Zezwolenie na pobyt na Cyprze P\u00f3\u0142nocnym"},"content":{"rendered":"<h2 style=\"text-align: justify;\"><img fetchpriority=\"high\" decoding=\"async\" class=\"wp-image-41431 alignleft\" src=\"https:\/\/uptrendhomesgroup.com\/wp-content\/uploads\/2026\/01\/severnyj-kipr-1024x683.jpg\" alt=\"\" width=\"546\" height=\"364\" srcset=\"https:\/\/uptrendhomesgroup.com\/wp-content\/uploads\/2026\/01\/severnyj-kipr-1024x683.jpg 1024w, https:\/\/uptrendhomesgroup.com\/wp-content\/uploads\/2026\/01\/severnyj-kipr-300x200.jpg 300w, https:\/\/uptrendhomesgroup.com\/wp-content\/uploads\/2026\/01\/severnyj-kipr-768x512.jpg 768w, https:\/\/uptrendhomesgroup.com\/wp-content\/uploads\/2026\/01\/severnyj-kipr-1536x1025.jpg 1536w, https:\/\/uptrendhomesgroup.com\/wp-content\/uploads\/2026\/01\/severnyj-kipr-18x12.jpg 18w, https:\/\/uptrendhomesgroup.com\/wp-content\/uploads\/2026\/01\/severnyj-kipr-105x70.jpg 105w, https:\/\/uptrendhomesgroup.com\/wp-content\/uploads\/2026\/01\/severnyj-kipr.jpg 1557w\" sizes=\"(max-width: 546px) 100vw, 546px\" \/>Jak uzyska\u0107 zezwolenie na pobyt na Cyprze P\u00f3\u0142nocnym w 2026 roku?<\/h2>\n<p style=\"text-align: justify;\">Cypr P\u00f3\u0142nocny to niesamowity kraj o pi\u0119knej, malowniczej przyrodzie, unikalnej kulturze i \u0142agodnym klimacie \u015br\u00f3dziemnomorskim. Ten region jest atrakcyjny pod wzgl\u0119dem \u017cycia i inwestycji, ciesz\u0105c si\u0119 rosn\u0105cym zainteresowaniem. Wiele os\u00f3b rozwa\u017ca mo\u017cliwo\u015b\u0107 przeprowadzki na wysp\u0119, poniewa\u017c uzyskanie pozwolenia na pobyt jest tu do\u015b\u0107 \u0142atwe.<\/p>\n<p style=\"text-align: justify;\">Przyjrzyjmy si\u0119 g\u0142\u00f3wnym sposobom uzyskania pozwolenia na pobyt na Cyprze P\u00f3\u0142nocnym.<\/p>\n<p style=\"text-align: justify;\">Otrzymanie pozwolenia na pobyt na Cyprze P\u00f3\u0142nocnym staje si\u0119 mo\u017cliwe po zakupieniu lub wynajmie nieruchomo\u015bci, a tak\u017ce po przyj\u0119ciu na lokalny uniwersytet.<\/p>\n<p style=\"text-align: justify;\">Proces uzyskania zezwolenia na pobyt na Cyprze P\u00f3\u0142nocnym wi\u0105\u017ce si\u0119 z wieloma niuansami, pomimo lojalno\u015bci w\u0142adz w tej kwestii. To sprawia, \u017ce proces ten jest do\u015b\u0107 trudny do samodzielnego przeprowadzenia. Nale\u017cy podkre\u015bli\u0107, \u017ce b\u0142\u0119dy w rejestracji zezwolenia na pobyt mog\u0105 skutkowa\u0107 wysokimi karami finansowymi, dlatego zaleca si\u0119 skorzystanie z pomocy wykwalifikowanej agencji.<\/p>\n<h2 style=\"text-align: center;\">Zezwolenie na pobyt dla student\u00f3w<\/h2>\n<p style=\"text-align: justify;\">Ten rodzaj zezwolenia na pobyt jest dost\u0119pny nie tylko dla student\u00f3w uczelni wy\u017cszych, ale tak\u017ce dla student\u00f3w r\u00f3\u017cnych kierunk\u00f3w, takich jak np. kursy j\u0119zyka angielskiego na uczelni. Wa\u017cne jest przestrzeganie zasady uczestnictwa w co najmniej zaj\u0119ciach 50%, jednak mo\u017cliwe jest uzgodnienie z prowadz\u0105cym skr\u00f3cenia lub nawet ca\u0142kowitego opuszczenia zaj\u0119\u0107.<\/p>\n<p style=\"text-align: justify;\">Ten rodzaj zezwolenia na pobyt jest przyznawany na okres do 1 roku, nie wymaga posiadania okre\u015blonej kwoty na koncie bankowym i uprawnia do pracy na wyspie. Proces jego uzyskania jest szybki \u2013 zaledwie w ci\u0105gu miesi\u0105ca, a w tym czasie mo\u017cna opu\u015bci\u0107 wysp\u0119. Ostateczny koszt waha si\u0119 od 1200 do 1500 euro.<\/p>\n<h2 style=\"text-align: center;\">Procedura sk\u0142adania dokument\u00f3w<\/h2>\n<p style=\"text-align: justify;\">Dokumenty mo\u017cna sk\u0142ada\u0107 online poprzez aplikacj\u0119 Ministerstwa Spraw Wewn\u0119trznych.<\/p>\n<p style=\"text-align: justify;\">Aby tego dokona\u0107, nale\u017cy si\u0119 zarejestrowa\u0107 i wype\u0142ni\u0107 formularz, do\u0142\u0105czaj\u0105c nast\u0119puj\u0105ce dokumenty:<\/p>\n<p style=\"text-align: justify;\">- kopia paszportu;<\/p>\n<p style=\"text-align: justify;\">\u2014 umowa najmu na okres 6 miesi\u0119cy lub 1 roku;<\/p>\n<p style=\"text-align: justify;\">- za\u015bwiadczenie od starosty powiatu (mukhtara). Za\u015bwiadczenie b\u0119dzie r\u00f3wnie\u017c potrzebne do otwarcia konta bankowego, dlatego nale\u017cy poprosi\u0107 o 2 kopie;<\/p>\n<p style=\"text-align: justify;\">- wyci\u0105g bankowy potwierdzaj\u0105cy posiadanie na koncie co najmniej 26 500 USD;<\/p>\n<p style=\"text-align: justify;\">\u2014 za\u015bwiadczenie o op\u0142aceniu podatku od wynajmu mieszkania (za\u015bwiadczenie nie wymaga meldunku). Koszt orientacyjny \u2013 30 euro.<\/p>\n<p style=\"text-align: justify;\">Po zako\u0144czeniu tych procedur system wyznaczy termin wizyty na policji w celu sprawdzenia dokument\u00f3w.<\/p>\n<p style=\"text-align: justify;\">Nast\u0119pnie rozpocznie si\u0119 kolejny etap: z\u0142o\u017cenie wniosku o badania lekarskie i op\u0142acenie ich.<\/p>\n<p style=\"text-align: justify;\">Po zap\u0142aceniu 150 euro (wliczaj\u0105c ubezpieczenie) b\u0119dziesz musia\u0142 podda\u0107 si\u0119 testom na obecno\u015b\u0107 wirusa HIV i zapalenia w\u0105troby.<\/p>\n<p style=\"text-align: justify;\">W ci\u0105gu 2-3 tygodni otrzymasz link do uiszczenia op\u0142aty pa\u0144stwowej w wysoko\u015bci 30 euro za wydanie zezwolenia na pobyt. Ca\u0142kowity okres oczekiwania na wydanie zezwolenia na pobyt wynosi oko\u0142o 2-3 miesi\u0119cy, w trakcie kt\u00f3rych nie mo\u017cesz opuszcza\u0107 wyspy. W przypadku pilnej potrzeby lotu przed ostateczn\u0105 kontrol\u0105 dokument\u00f3w, mo\u017cesz skontaktowa\u0107 si\u0119 z dzia\u0142em ds. migracji w celu uzyskania odpowiedniego zezwolenia.<\/p>\n<p style=\"text-align: justify;\">Zezwolenie na pobyt b\u0119dzie wydawane online i mo\u017cna je pobra\u0107 z przegl\u0105darki jako gotowy dokument.<\/p>\n<h2 style=\"text-align: center;\">Zezwolenie na pobyt na podstawie prawa w\u0142asno\u015bci nieruchomo\u015bci<\/h2>\n<p style=\"text-align: justify;\">Uzyskanie pozwolenia na pobyt na podstawie prawa w\u0142asno\u015bci nieruchomo\u015bci wi\u0105\u017ce si\u0119 z podobnymi procedurami jak w przypadku umowy najmu, z kilkoma kluczowymi wyj\u0105tkami. W tym przypadku konieczne jest przedstawienie umowy kupna nieruchomo\u015bci gotowej do zamieszkania. Nale\u017cy pami\u0119ta\u0107, \u017ce umowy dotycz\u0105ce wp\u0142aty zaliczki 30% lub umowy kupna nieruchomo\u015bci w budowie nie s\u0105 akceptowane. Konieczne jest r\u00f3wnie\u017c przedstawienie za\u015bwiadczenia o niekaralno\u015bci. Potencjalny posiadacz pozwolenia na pobyt musi posiada\u0107 co najmniej 13 000 dolar\u00f3w na koncie bankowym.<\/p>\n<div class=\"video-container\"><iframe title=\"\u0413\u0438\u0440\u043d\u0435, \u042d\u0441\u0435\u043d\u0442\u0435\u043f\u0435, \u0427\u0430\u0442\u0430\u043b\u043a\u043e\u0439, \u0410\u043b\u0441\u0430\u043d\u0434\u0436\u0430\u043a, \u041b\u0430\u043f\u0442\u0430. \u041e\u0441\u043e\u0431\u0435\u043d\u043d\u043e\u0441\u0442\u0438 \u0436\u0438\u0437\u043d\u0438 \u043d\u0430 \u0441\u0435\u0432\u0435\u0440\u043d\u043e\u043c \u043f\u043e\u0431\u0435\u0440\u0435\u0436\u044c\u0435 \u041a\u0438\u043f\u0440\u0430 \u0441\u0435\u0433\u043e\u0434\u043d\u044f.\" width=\"1200\" height=\"675\" src=\"https:\/\/www.youtube.com\/embed\/h8PfsGJLR10?feature=oembed\" frameborder=\"0\" allow=\"accelerometer; autoplay; clipboard-write; encrypted-media; gyroscope; picture-in-picture; web-share\" referrerpolicy=\"strict-origin-when-cross-origin\" allowfullscreen><\/iframe><\/div>","protected":false},"excerpt":{"rendered":"<p>\u041a\u0430\u043a \u043f\u043e\u043b\u0443\u0447\u0438\u0442\u044c \u0412\u041d\u0416 \u043d\u0430 \u0421\u0435\u0432\u0435\u0440\u043d\u043e\u043c \u041a\u0438\u043f\u0440\u0435 \u0432 2026 \u0433\u043e\u0434\u0443? \u0421\u0435\u0432\u0435\u0440\u043d\u044b\u0439 \u041a\u0438\u043f\u0440 \u2014 \u0443\u0434\u0438\u0432\u0438\u0442\u0435\u043b\u044c\u043d\u0430\u044f \u0441\u0442\u0440\u0430\u043d\u0430 \u0441 \u043a\u0440\u0430\u0441\u0438\u0432\u043e\u0439 \u0436\u0438\u0432\u043e\u043f\u0438\u0441\u043d\u043e\u0439 \u043f\u0440\u0438\u0440\u043e\u0434\u043e\u0439, \u0443\u043d\u0438\u043a\u0430\u043b\u044c\u043d\u043e\u0439 \u043a\u0443\u043b\u044c\u0442\u0443\u0440\u043e\u0439 \u0438 \u043c\u044f\u0433\u043a\u0438\u043c \u0441\u0440\u0435\u0434\u0438\u0437\u0435\u043c\u043d\u043e\u043c\u043e\u0440\u0441\u043a\u0438\u043c \u043a\u043b\u0438\u043c\u0430\u0442\u043e\u043c. \u042d\u0442\u043e\u0442 \u0440\u0430\u0439\u043e\u043d \u043f\u0440\u0438\u0432\u043b\u0435\u043a\u0430\u0442\u0435\u043b\u0435\u043d \u0434\u043b\u044f \u043f\u0440\u043e\u0436\u0438\u0432\u0430\u043d\u0438\u044f \u0438 \u0438\u043d\u0432\u0435\u0441\u0442\u0438\u0446\u0438\u0439, \u0438 \u043f\u043e\u043b\u044c\u0437\u0443\u0435\u0442\u0441\u044f \u043f\u043e\u0432\u044b\u0448\u0435\u043d\u043d\u044b\u043c \u0438\u043d\u0442\u0435\u0440\u0435\u0441\u043e\u043c. \u041c\u043d\u043e\u0433\u0438\u0435 \u0440\u0430\u0441\u0441\u043c\u0430\u0442\u0440\u0438\u0432\u0430\u044e\u0442 \u0432\u043e\u0437\u043c\u043e\u0436\u043d\u043e\u0441\u0442\u044c \u043f\u0435\u0440\u0435\u0435\u0437\u0434\u0430 \u043d\u0430 \u043e\u0441\u0442\u0440\u043e\u0432, \u0432\u0435\u0434\u044c \u043f\u043e\u043b\u0443\u0447\u0438\u0442\u044c \u0432\u0438\u0434 \u043d\u0430 \u0436\u0438\u0442\u0435\u043b\u044c\u0441\u0442\u0432\u043e \u0437\u0434\u0435\u0441\u044c \u0434\u043e\u0441\u0442\u0430\u0442\u043e\u0447\u043d\u043e \u043b\u0435\u0433\u043a\u043e. \u0414\u0430\u0432\u0430\u0439\u0442\u0435 \u0440\u0430\u0441\u0441\u043c\u043e\u0442\u0440\u0438\u043c \u043e\u0441\u043d\u043e\u0432\u043d\u044b\u0435 \u0441\u043f\u043e\u0441\u043e\u0431\u044b \u043f\u043e\u043b\u0443\u0447\u0435\u043d\u0438\u044f \u0432\u0438\u0434\u0430 \u043d\u0430 \u0436\u0438\u0442\u0435\u043b\u044c\u0441\u0442\u0432\u043e \u043d\u0430 \u0421\u0435\u0432\u0435\u0440\u043d\u043e\u043c \u041a\u0438\u043f\u0440\u0435. \u041f\u043e\u043b\u0443\u0447\u0435\u043d\u0438\u0435 \u0412\u041d\u0416 \u043d\u0430 \u0421\u0435\u0432\u0435\u0440\u043d\u043e\u043c &#8230;<\/p>","protected":false},"author":13,"featured_media":0,"parent":0,"menu_order":0,"comment_status":"closed","ping_status":"closed","template":"","meta":{"_acf_changed":false,"om_disable_all_campaigns":false,"inline_featured_image":false,"_monsterinsights_skip_tracking":false,"_monsterinsights_sitenote_active":false,"_monsterinsights_sitenote_note":"","_monsterinsights_sitenote_category":0,"footnotes":""},"class_list":["post-34452","page","type-page","status-publish","hentry"],"acf":[],"aioseo_notices":[],"_links":{"self":[{"href":"https:\/\/uptrendhomesgroup.com\/pl\/wp-json\/wp\/v2\/pages\/34452","targetHints":{"allow":["GET"]}}],"collection":[{"href":"https:\/\/uptrendhomesgroup.com\/pl\/wp-json\/wp\/v2\/pages"}],"about":[{"href":"https:\/\/uptrendhomesgroup.com\/pl\/wp-json\/wp\/v2\/types\/page"}],"author":[{"embeddable":true,"href":"https:\/\/uptrendhomesgroup.com\/pl\/wp-json\/wp\/v2\/users\/13"}],"replies":[{"embeddable":true,"href":"https:\/\/uptrendhomesgroup.com\/pl\/wp-json\/wp\/v2\/comments?post=34452"}],"version-history":[{"count":29,"href":"https:\/\/uptrendhomesgroup.com\/pl\/wp-json\/wp\/v2\/pages\/34452\/revisions"}],"predecessor-version":[{"id":41434,"href":"https:\/\/uptrendhomesgroup.com\/pl\/wp-json\/wp\/v2\/pages\/34452\/revisions\/41434"}],"wp:attachment":[{"href":"https:\/\/uptrendhomesgroup.com\/pl\/wp-json\/wp\/v2\/media?parent=34452"}],"curies":[{"name":"wp","href":"https:\/\/api.w.org\/{rel}","templated":true}]}}