{"id":50677,"date":"2026-05-12T13:13:45","date_gmt":"2026-05-12T10:13:45","guid":{"rendered":"https:\/\/uptrendhomesgroup.com\/?page_id=50677"},"modified":"2026-05-15T07:51:18","modified_gmt":"2026-05-15T04:51:18","slug":"mahmutlar","status":"publish","type":"page","link":"https:\/\/uptrendhomesgroup.com\/pl\/satilik\/turkey\/alanya\/mahmutlar\/","title":{"rendered":"Kup mieszkanie lub dom w Mahmutlarze"},"content":{"rendered":"<p>Marzysz o \u017cyciu w okolicy, gdzie wszystko jest w zasi\u0119gu r\u0119ki: pla\u017ca, sklepy, parki i transport? Uptrend Homes Group oferuje sprawdzone apartamenty, nowoczesne rezydencje i prywatne wille w Mahmutlarze od wiod\u0105cych tureckich deweloper\u00f3w. Wsp\u00f3\u0142pracujemy bezpo\u015brednio z deweloperami, oferuj\u0105c bezpo\u015brednie ceny, dogodne raty i pe\u0142ne wsparcie prawne. Od pierwszego telefonu do przekazania kluczy zajmujemy si\u0119 ca\u0142\u0105 logistyk\u0105. Z\u0142\u00f3\u017c zapytanie, a nasi eksperci przygotuj\u0105 spersonalizowany wyb\u00f3r nieruchomo\u015bci, idealnie dopasowany do Twojego bud\u017cetu i stylu \u017cycia.<\/p>\n<p>&nbsp;<\/p>","protected":false},"excerpt":{"rendered":"<p>\u041c\u0435\u0447\u0442\u0430\u0435\u0442\u0435 \u0436\u0438\u0442\u044c \u0432 \u0440\u0430\u0439\u043e\u043d\u0435, \u0433\u0434\u0435 \u0432\u0441\u0451 \u043f\u043e\u0434 \u0440\u0443\u043a\u043e\u0439: \u043f\u043b\u044f\u0436, \u043c\u0430\u0433\u0430\u0437\u0438\u043d\u044b, \u043f\u0430\u0440\u043a\u0438 \u0438 \u0442\u0440\u0430\u043d\u0441\u043f\u043e\u0440\u0442? \u0412 \u043a\u0430\u0442\u0430\u043b\u043e\u0433\u0435 Uptrend Homes Group \u2014 \u043f\u0440\u043e\u0432\u0435\u0440\u0435\u043d\u043d\u044b\u0435 \u0430\u043f\u0430\u0440\u0442\u0430\u043c\u0435\u043d\u0442\u044b, \u0441\u043e\u0432\u0440\u0435\u043c\u0435\u043d\u043d\u044b\u0435 \u0440\u0435\u0437\u0438\u0434\u0435\u043d\u0446\u0438\u0438 \u0438 \u0447\u0430\u0441\u0442\u043d\u044b\u0435 \u0432\u0438\u043b\u043b\u044b \u0432 \u041c\u0430\u0445\u043c\u0443\u0442\u043b\u0430\u0440\u0435 \u043e\u0442 \u0432\u0435\u0434\u0443\u0449\u0438\u0445 \u0442\u0443\u0440\u0435\u0446\u043a\u0438\u0445 \u0434\u0435\u0432\u0435\u043b\u043e\u043f\u0435\u0440\u043e\u0432. \u041c\u044b \u0440\u0430\u0431\u043e\u0442\u0430\u0435\u043c \u043d\u0430\u043f\u0440\u044f\u043c\u0443\u044e \u0441 \u0437\u0430\u0441\u0442\u0440\u043e\u0439\u0449\u0438\u043a\u0430\u043c\u0438, \u043f\u0440\u0435\u0434\u043b\u0430\u0433\u0430\u044f \u043f\u0440\u044f\u043c\u044b\u0435 \u0446\u0435\u043d\u044b, \u043a\u043e\u043c\u0444\u043e\u0440\u0442\u043d\u0443\u044e \u0440\u0430\u0441\u0441\u0440\u043e\u0447\u043a\u0443 \u0438 \u043f\u043e\u043b\u043d\u043e\u0435 \u044e\u0440\u0438\u0434\u0438\u0447\u0435\u0441\u043a\u043e\u0435 \u0441\u043e\u043f\u0440\u043e\u0432\u043e\u0436\u0434\u0435\u043d\u0438\u0435 \u0441\u0434\u0435\u043b\u043a\u0438. \u041e\u0442 \u043f\u0435\u0440\u0432\u043e\u0433\u043e \u0437\u0432\u043e\u043d\u043a\u0430 \u0434\u043e \u043f\u0435\u0440\u0435\u0434\u0430\u0447\u0438 \u043a\u043b\u044e\u0447\u0435\u0439 \u2014 \u043c\u044b \u0431\u0435\u0440\u0451\u043c \u043d\u0430 \u0441\u0435\u0431\u044f \u0432\u0441\u0435 \u043e\u0440\u0433\u0430\u043d\u0438\u0437\u0430\u0446\u0438\u043e\u043d\u043d\u044b\u0435 \u0432\u043e\u043f\u0440\u043e\u0441\u044b. \u041e\u0441\u0442\u0430\u0432\u044c\u0442\u0435 \u0437\u0430\u044f\u0432\u043a\u0443, \u0438 &#8230;<\/p>","protected":false},"author":13,"featured_media":51177,"parent":50540,"menu_order":0,"comment_status":"closed","ping_status":"closed","template":"page-hub-district.php","meta":{"_acf_changed":false,"om_disable_all_campaigns":false,"inline_featured_image":false,"_monsterinsights_skip_tracking":false,"_monsterinsights_sitenote_active":false,"_monsterinsights_sitenote_note":"","_monsterinsights_sitenote_category":0,"footnotes":""},"wf_page_folders":[464],"class_list":["post-50677","page","type-page","status-publish","has-post-thumbnail","hentry"],"acf":[],"aioseo_notices":[],"_links":{"self":[{"href":"https:\/\/uptrendhomesgroup.com\/pl\/wp-json\/wp\/v2\/pages\/50677","targetHints":{"allow":["GET"]}}],"collection":[{"href":"https:\/\/uptrendhomesgroup.com\/pl\/wp-json\/wp\/v2\/pages"}],"about":[{"href":"https:\/\/uptrendhomesgroup.com\/pl\/wp-json\/wp\/v2\/types\/page"}],"author":[{"embeddable":true,"href":"https:\/\/uptrendhomesgroup.com\/pl\/wp-json\/wp\/v2\/users\/13"}],"replies":[{"embeddable":true,"href":"https:\/\/uptrendhomesgroup.com\/pl\/wp-json\/wp\/v2\/comments?post=50677"}],"version-history":[{"count":3,"href":"https:\/\/uptrendhomesgroup.com\/pl\/wp-json\/wp\/v2\/pages\/50677\/revisions"}],"predecessor-version":[{"id":51178,"href":"https:\/\/uptrendhomesgroup.com\/pl\/wp-json\/wp\/v2\/pages\/50677\/revisions\/51178"}],"up":[{"embeddable":true,"href":"https:\/\/uptrendhomesgroup.com\/pl\/wp-json\/wp\/v2\/pages\/50540"}],"wp:featuredmedia":[{"embeddable":true,"href":"https:\/\/uptrendhomesgroup.com\/pl\/wp-json\/wp\/v2\/media\/51177"}],"wp:attachment":[{"href":"https:\/\/uptrendhomesgroup.com\/pl\/wp-json\/wp\/v2\/media?parent=50677"}],"wp:term":[{"taxonomy":"wf_page_folders","embeddable":true,"href":"https:\/\/uptrendhomesgroup.com\/pl\/wp-json\/wp\/v2\/wf_page_folders?post=50677"}],"curies":[{"name":"wp","href":"https:\/\/api.w.org\/{rel}","templated":true}]}}