{"id":5701,"date":"2015-02-17T15:14:31","date_gmt":"2015-02-17T15:14:31","guid":{"rendered":"http:\/\/demo2.wpresidence.net\/?page_id=5701"},"modified":"2015-02-17T15:14:31","modified_gmt":"2015-02-17T15:14:31","slug":"agents-list-sidebar-right-2","status":"publish","type":"page","link":"https:\/\/uptrendhomesgroup.com\/pl\/agents-list-sidebar-right-2\/","title":{"rendered":"Lista agent\u00f3w \u2014 pasek boczny po prawej stronie"},"content":{"rendered":"<p>Lubimy postrzega\u0107 siebie jako ma\u0142\u0105, ale doskonale zorganizowan\u0105 agencj\u0119 wynajmu i zarz\u0105dzania. Wsp\u00f3\u0142pracuj\u0105c z nami, zyskujesz do\u015bwiadczenie, wiedz\u0119 i do\u015bwiadczenie, jakich mo\u017cna oczekiwa\u0107 od du\u017cego agenta, ale us\u0142ugi, kt\u00f3re oferuje tylko mniejsza firma, zbudowana wok\u00f3\u0142 100% klient\u00f3w i najemc\u00f3w.<\/p>\n<p>Niezale\u017cnie od tego, czy szukasz nieruchomo\u015bci na sprzeda\u017c w okolicach Nowego Jorku, czy do wynaj\u0119cia, WP Residence u\u0142atwia wyszukiwanie. Skorzystaj z naszej unikalnej funkcji geolokalizacji, aby znale\u017a\u0107 idealn\u0105 will\u0119, dom szeregowy lub apartament i skontaktowa\u0107 si\u0119 bezpo\u015brednio z w\u0142a\u015bcicielami. Pomo\u017cemy Ci znale\u017a\u0107 dom Twoich marze\u0144 w zaledwie kilka sekund.<\/p>","protected":false},"excerpt":{"rendered":"<p>We like to think of ourselves as a small but perfectly formed lettings &amp; management agency. Working you get the exposure, knowledge and expertise you would expect from a large agent, but the service you will only receive from a smaller business built around 100% client and tenant focus. Whether you\u2019re looking for property for sale in New York area or property for rent, &#8230;<\/p>","protected":false},"author":13,"featured_media":0,"parent":0,"menu_order":0,"comment_status":"open","ping_status":"open","template":"agents_list.php","meta":{"_acf_changed":false,"om_disable_all_campaigns":false,"inline_featured_image":false,"_monsterinsights_skip_tracking":false,"_monsterinsights_sitenote_active":false,"_monsterinsights_sitenote_note":"","_monsterinsights_sitenote_category":0,"footnotes":""},"class_list":["post-5701","page","type-page","status-publish","hentry"],"acf":[],"aioseo_notices":[],"_links":{"self":[{"href":"https:\/\/uptrendhomesgroup.com\/pl\/wp-json\/wp\/v2\/pages\/5701","targetHints":{"allow":["GET"]}}],"collection":[{"href":"https:\/\/uptrendhomesgroup.com\/pl\/wp-json\/wp\/v2\/pages"}],"about":[{"href":"https:\/\/uptrendhomesgroup.com\/pl\/wp-json\/wp\/v2\/types\/page"}],"author":[{"embeddable":true,"href":"https:\/\/uptrendhomesgroup.com\/pl\/wp-json\/wp\/v2\/users\/13"}],"replies":[{"embeddable":true,"href":"https:\/\/uptrendhomesgroup.com\/pl\/wp-json\/wp\/v2\/comments?post=5701"}],"version-history":[{"count":0,"href":"https:\/\/uptrendhomesgroup.com\/pl\/wp-json\/wp\/v2\/pages\/5701\/revisions"}],"wp:attachment":[{"href":"https:\/\/uptrendhomesgroup.com\/pl\/wp-json\/wp\/v2\/media?parent=5701"}],"curies":[{"name":"wp","href":"https:\/\/api.w.org\/{rel}","templated":true}]}}