{"id":2,"date":"2023-09-25T21:34:00","date_gmt":"2023-09-25T18:34:00","guid":{"rendered":"https:\/\/uptrendhomesgroup.com\/?page_id=2"},"modified":"2023-09-25T21:34:00","modified_gmt":"2023-09-25T18:34:00","slug":"ornek-sayfa","status":"publish","type":"page","link":"https:\/\/uptrendhomesgroup.com\/tr\/ornek-sayfa\/","title":{"rendered":"T\u00fcrk\u00e7e: \u00d6rnek sayfa"},"content":{"rendered":"<p>Bu \u00f6rnek bir sayfad\u0131r. Bir blog yaz\u0131s\u0131ndan farkl\u0131d\u0131r \u00e7\u00fcnk\u00fc belirli bir yerde sabit olarak kal\u0131r ve teman\u0131z\u0131n da\u011f\u0131t\u0131m\u0131n\u0131n men\u00fcs\u00fcnde ta\u015f\u0131nabilir(\u00e7o\u011fu tema bulunur). Bir \u00e7ok insan hakk\u0131nda potansiyel ziyaret\u00e7ilerini kar\u015f\u0131lamak ad\u0131na bir hesab\u0131 kullan\u0131r. \u015euna benzer bir sayfa:<\/p>\n\n\n\n<blockquote class=\"wp-block-quote is-layout-flow wp-block-quote-is-layout-flow\"><p>Merhaba! G\u00fcnd\u00fczleri bisikletli kurye, geceleri ise hevesli bir akt\u00f6r\u00fcm, aralar\u0131nda da benim sitem var. \u0130stanbul&#039;da ya\u015f\u0131yorum, B\u0131d\u0131k isimde harika bir k\u00f6pe\u011fim var ve pi\u00f1a colada i\u00e7meyi seviyorum. (Ve ya\u011fmura yakalanmay\u0131.)<\/p><\/blockquote>\n\n\n\n<p>\u2026ya da bunun gibi bir \u015feyler:<\/p>\n\n\n\n<blockquote class=\"wp-block-quote is-layout-flow wp-block-quote-is-layout-flow\"><p>XYZ firmas\u0131 1971&#039;de kurulmu\u015f ve ge\u00e7mi\u015finden bu yana kaliteli \u015feyler \u00fcretmektedir. Gotham \u00fclkesi konu\u015fulmu\u015f olan XYZ firmas\u0131n\u0131n 2.000&#039;in \u00fczerindeki \u00e7al\u0131\u015fanlar\u0131 ile Gotham \u015fehri i\u00e7in her \u015feyin en iyisi i\u00e7in \u00e7abal\u0131yor.<\/p><\/blockquote>\n\n\n\n<p>Yeni bir WordPress kullan\u0131c\u0131s\u0131 olarak \u00f6ncelikle <a href=\"https:\/\/uptrendhomesgroup.com\/wp-admin\/\">Ba\u015flang\u0131\u00e7 safas\u0131<\/a> giderek bu programlarla kendi sayfalar\u0131n\u0131z\u0131 olu\u015fturmal\u0131s\u0131n\u0131z. \u0130yi e\u011flenceler!<\/p>","protected":false},"excerpt":{"rendered":"<p>Bu \u00f6rnek bir sayfad\u0131r. Bir blog yaz\u0131s\u0131ndan farkl\u0131d\u0131r \u00e7\u00fcnk\u00fc belirli bir yerde sabit olarak kal\u0131r ve teman\u0131z\u0131n da\u011f\u0131t\u0131m\u0131n\u0131n men\u00fcs\u00fcnde ta\u015f\u0131nabilir(\u00e7o\u011fu tema bulunur). Bir \u00e7ok insan hakk\u0131nda potansiyel ziyaret\u00e7ilerini kar\u015f\u0131lamak ad\u0131na bir hesab\u0131 kullan\u0131r. \u015euna benzer bir sayfa: Merhaba! G\u00fcnd\u00fczleri bisikletli kurye, geceleri ise hevesli bir akt\u00f6r\u00fcm, aralar\u0131nda da benim sitem var. \u0130stanbul&#039;da ya\u015f\u0131yorum, B\u0131d\u0131k isimde harika bir k\u00f6pe\u011fim var ve pi\u00f1a colada i\u00e7meyi seviyorum. ...<\/p>","protected":false},"author":13,"featured_media":0,"parent":0,"menu_order":0,"comment_status":"closed","ping_status":"open","template":"","meta":{"_acf_changed":false,"om_disable_all_campaigns":false,"inline_featured_image":false,"_monsterinsights_skip_tracking":false,"_monsterinsights_sitenote_active":false,"_monsterinsights_sitenote_note":"","_monsterinsights_sitenote_category":0,"footnotes":""},"class_list":["post-2","page","type-page","status-publish","hentry"],"acf":[],"aioseo_notices":[],"_links":{"self":[{"href":"https:\/\/uptrendhomesgroup.com\/tr\/wp-json\/wp\/v2\/pages\/2","targetHints":{"allow":["GET"]}}],"collection":[{"href":"https:\/\/uptrendhomesgroup.com\/tr\/wp-json\/wp\/v2\/pages"}],"about":[{"href":"https:\/\/uptrendhomesgroup.com\/tr\/wp-json\/wp\/v2\/types\/page"}],"author":[{"embeddable":true,"href":"https:\/\/uptrendhomesgroup.com\/tr\/wp-json\/wp\/v2\/users\/13"}],"replies":[{"embeddable":true,"href":"https:\/\/uptrendhomesgroup.com\/tr\/wp-json\/wp\/v2\/comments?post=2"}],"version-history":[{"count":0,"href":"https:\/\/uptrendhomesgroup.com\/tr\/wp-json\/wp\/v2\/pages\/2\/revisions"}],"wp:attachment":[{"href":"https:\/\/uptrendhomesgroup.com\/tr\/wp-json\/wp\/v2\/media?parent=2"}],"curies":[{"name":"wp","href":"https:\/\/api.w.org\/{rel}","templated":true}]}}