{"id":29189,"date":"2021-12-10T11:17:29","date_gmt":"2021-12-10T11:17:29","guid":{"rendered":"https:\/\/wpestate1.wpestate.info\/?page_id=29189"},"modified":"2021-12-10T11:17:29","modified_gmt":"2021-12-10T11:17:29","slug":"featured-developer-agency","status":"publish","type":"page","link":"https:\/\/uptrendhomesgroup.com\/tr\/featured-developer-agency\/","title":{"rendered":"\u00d6ne \u00c7\u0131kan Geli\u015ftirici ve Ajans"},"content":{"rendered":"<div data-elementor-type=\"wp-page\" data-elementor-id=\"29189\" class=\"elementor elementor-29189\">\n\t\t\t\t\t\t<section class=\"elementor-section elementor-top-section elementor-element elementor-element-29aa88be elementor-section-stretched elementor-section-boxed elementor-section-height-default elementor-section-height-default\" data-id=\"29aa88be\" data-element_type=\"section\" data-settings=\"{&quot;stretch_section&quot;:&quot;section-stretched&quot;,&quot;background_background&quot;:&quot;classic&quot;}\">\n\t\t\t\t\t\t<div class=\"elementor-container elementor-column-gap-default\">\n\t\t\t\t\t<div class=\"elementor-column elementor-col-100 elementor-top-column elementor-element elementor-element-5914c3e3\" data-id=\"5914c3e3\" data-element_type=\"column\">\n\t\t\t<div class=\"elementor-widget-wrap\">\n\t\t\t\t\t\t\t<\/div>\n\t\t<\/div>\n\t\t\t\t\t<\/div>\n\t\t<\/section>\n\t\t\t\t<\/div>","protected":false},"excerpt":{"rendered":"<p>en g\u00fcvenilir sat\u0131c\u0131 Luxury Homes 900 0988 0998 demo_dev@gmail.com Gayrimenkul geli\u015ftirme veya gayrimenkul geli\u015ftirme, mevcut binalar\u0131n yenilenmesi ve yeniden kiralanmas\u0131ndan sat\u0131n al\u0131nmas\u0131na kadar uzanan faaliyetleri kapsayan bir i\u015f s\u00fcrecidir ...Profili G\u00f6r\u00fcnt\u00fcle en g\u00fcvenilir geli\u015ftirici Estate Developers 305 555 4599 geli\u015ftirici2_demo@gmail.com Sem nulla pharetra diam sit amet nisl suscipit adipiscing bibendum. Sed egestas egestas fringilla Phasellus faucibus scelerisque eleifend donc. ...<\/p>","protected":false},"author":13,"featured_media":0,"parent":0,"menu_order":0,"comment_status":"closed","ping_status":"closed","template":"","meta":{"_acf_changed":false,"om_disable_all_campaigns":false,"inline_featured_image":false,"_monsterinsights_skip_tracking":false,"_monsterinsights_sitenote_active":false,"_monsterinsights_sitenote_note":"","_monsterinsights_sitenote_category":0,"footnotes":""},"class_list":["post-29189","page","type-page","status-publish","hentry"],"acf":[],"aioseo_notices":[],"_links":{"self":[{"href":"https:\/\/uptrendhomesgroup.com\/tr\/wp-json\/wp\/v2\/pages\/29189","targetHints":{"allow":["GET"]}}],"collection":[{"href":"https:\/\/uptrendhomesgroup.com\/tr\/wp-json\/wp\/v2\/pages"}],"about":[{"href":"https:\/\/uptrendhomesgroup.com\/tr\/wp-json\/wp\/v2\/types\/page"}],"author":[{"embeddable":true,"href":"https:\/\/uptrendhomesgroup.com\/tr\/wp-json\/wp\/v2\/users\/13"}],"replies":[{"embeddable":true,"href":"https:\/\/uptrendhomesgroup.com\/tr\/wp-json\/wp\/v2\/comments?post=29189"}],"version-history":[{"count":0,"href":"https:\/\/uptrendhomesgroup.com\/tr\/wp-json\/wp\/v2\/pages\/29189\/revisions"}],"wp:attachment":[{"href":"https:\/\/uptrendhomesgroup.com\/tr\/wp-json\/wp\/v2\/media?parent=29189"}],"curies":[{"name":"wp","href":"https:\/\/api.w.org\/{rel}","templated":true}]}}