{"id":2972,"date":"2014-10-22T12:36:54","date_gmt":"2014-10-22T12:36:54","guid":{"rendered":"http:\/\/wpresidence.net\/?page_id=2972"},"modified":"2025-06-19T22:34:20","modified_gmt":"2025-06-19T19:34:20","slug":"terms-and-coditions","status":"publish","type":"page","link":"https:\/\/uptrendhomesgroup.com\/tr\/terms-and-coditions\/","title":{"rendered":"Kullan\u0131m \u015eartlar\u0131"},"content":{"rendered":"<p>Bu Gizlilik Politikas\u0131, Uptrendhomesgroup&#039;un web sitesinin kullan\u0131c\u0131lar\u0131ndan (her biri bir &quot;Kullan\u0131c\u0131&quot;) toplanan bilgileri toplama, kullanma, muhafaza etme ve if\u015fa etme bi\u00e7imini d\u00fczenler. <a href=\"https:\/\/uptrendhomesgroup.com\/tr\/\">https:\/\/uptrendhomesgroup.com\/<\/a> (&quot;Site&quot;). Bu gizlilik politikas\u0131 Site ve Real Estate WordPress Theme taraf\u0131ndan sunulan t\u00fcm \u00fcr\u00fcn ve hizmetler i\u00e7in ge\u00e7erlidir.<\/p>\n<p>Ki\u015fisel kimlik bilgileri<\/p>\n<p>Sitemizde sundu\u011fumuz etkinlikler, hizmetler, \u00f6zellikler veya kaynaklarla ba\u011flant\u0131l\u0131 olarak \u00e7e\u015fitli \u015fekillerde Kullan\u0131c\u0131lardan ki\u015fisel kimlik bilgileri toplayabiliriz. Kullan\u0131c\u0131lar Sitemizi anonim olarak ziyaret edebilir. Kullan\u0131c\u0131lardan ki\u015fisel kimlik bilgilerini yaln\u0131zca bu bilgileri g\u00f6n\u00fcll\u00fc olarak bize g\u00f6ndermeleri durumunda toplayaca\u011f\u0131z. Kullan\u0131c\u0131lar, belirli Site ile ilgili etkinliklerde bulunmalar\u0131n\u0131 engelleyebilece\u011fi durumlar haricinde, ki\u015fisel kimlik bilgilerini vermeyi her zaman reddedebilirler.<\/p>\n<p>Ki\u015fisel olmayan tan\u0131mlama bilgileri<\/p>\n<p>Kullan\u0131c\u0131lar Sitemizle etkile\u015fime girdiklerinde, ki\u015fisel olmayan kimlik bilgilerini toplayabiliriz. Ki\u015fisel olmayan kimlik bilgileri, taray\u0131c\u0131 ad\u0131, bilgisayar t\u00fcr\u00fc ve Kullan\u0131c\u0131lar\u0131n Sitemize ba\u011flanma ara\u00e7lar\u0131na ili\u015fkin teknik bilgiler (i\u015fletim sistemi ve kullan\u0131lan \u0130nternet servis sa\u011flay\u0131c\u0131lar\u0131 gibi) ve di\u011fer benzer bilgileri i\u00e7erebilir.<\/p>\n<p>Web taray\u0131c\u0131 \u00e7erezleri<\/p>\n<p>Sitemiz kullan\u0131c\u0131 deneyiminizi geli\u015ftirmek i\u00e7in &quot;\u00e7erezler&quot; kullanabilir. Web taray\u0131c\u0131n\u0131z kay\u0131t tutma ama\u00e7lar\u0131 ve bazen sizin hakk\u0131n\u0131zdaki bilgileri izlemek i\u00e7in sabit diskinize \u00e7erezler yerle\u015ftirir. Web taray\u0131c\u0131n\u0131z\u0131 \u00e7erezleri reddedecek veya \u00e7erezler g\u00f6nderildi\u011finde sizi uyaracak \u015fekilde ayarlayabilirsiniz. Bunu yaparsan\u0131z, l\u00fctfen Sitenin baz\u0131 b\u00f6l\u00fcmlerinin d\u00fczg\u00fcn \u00e7al\u0131\u015fmayabilece\u011fini unutmay\u0131n.<\/p>\n<p>Bilgilerinizi nas\u0131l koruyoruz?<\/p>\n<p>Sitemizde saklanan ki\u015fisel bilgileriniz, kullan\u0131c\u0131 ad\u0131n\u0131z, \u015fifreniz, i\u015flem bilgileriniz ve verilerinizin yetkisiz eri\u015fime, de\u011fi\u015fikli\u011fe, if\u015faya veya imhaya kar\u015f\u0131 korunmas\u0131 i\u00e7in uygun veri toplama, saklama ve i\u015fleme uygulamalar\u0131n\u0131 ve g\u00fcvenlik \u00f6nlemlerini benimsiyoruz.<\/p>\n<p>Ki\u015fisel bilgilerinizin sa\u011flanmas\u0131<\/p>\n<p>Kullan\u0131c\u0131lar\u0131n ki\u015fisel kimlik bilgilerini ba\u015fkalar\u0131na satm\u0131yor, takas etmiyoruz veya kiralam\u0131yoruz. Ziyaret\u00e7iler ve kullan\u0131c\u0131larla ilgili herhangi bir ki\u015fisel kimlik bilgisine ba\u011fl\u0131 olmayan genel toplu demografik bilgileri yukar\u0131da belirtilen ama\u00e7lar do\u011frultusunda i\u015f ortaklar\u0131m\u0131z, g\u00fcvenilir i\u015ftiraklerimiz ve reklam verenlerimizle payla\u015fabiliriz.<\/p>\n<p>Bu gizlilik politikas\u0131ndaki de\u011fi\u015fiklikler<\/p>\n<p>Emlak WordPress Temas\u0131, bu gizlilik politikas\u0131n\u0131 herhangi bir zamanda g\u00fcncelleme yetkisine sahiptir. Bunu yapt\u0131\u011f\u0131m\u0131zda, bu sayfan\u0131n alt\u0131ndaki g\u00fcncellenmi\u015f tarihi g\u00fcncelleyece\u011fiz. Kullan\u0131c\u0131lar\u0131, toplad\u0131\u011f\u0131m\u0131z ki\u015fisel bilgileri nas\u0131l korudu\u011fumuz konusunda bilgi sahibi olmak i\u00e7in bu sayfay\u0131 s\u0131k s\u0131k kontrol etmeye te\u015fvik ediyoruz. Bu gizlilik politikas\u0131n\u0131 periyodik olarak g\u00f6zden ge\u00e7irmenin ve de\u011fi\u015fikliklerden haberdar olman\u0131n sizin sorumlulu\u011funuz oldu\u011funu kabul ve beyan edersiniz.<\/p>\n<p>Bu \u015fartlar\u0131 kabul etmeniz<\/p>\n<p>Bu Siteyi kullanarak, bu politikay\u0131 kabul etti\u011finizi belirtmi\u015f olursunuz. Bu politikay\u0131 kabul etmiyorsan\u0131z, l\u00fctfen Sitemizi kullanmay\u0131n. Bu politikada yap\u0131lan de\u011fi\u015fikliklerin yay\u0131nlanmas\u0131n\u0131n ard\u0131ndan Siteyi kullanmaya devam etmeniz, s\u00f6z konusu de\u011fi\u015fiklikleri kabul etti\u011finiz anlam\u0131na gelecektir.<\/p>\n<p>Bu gizlilik politikas\u0131ndaki de\u011fi\u015fiklikler<\/p>\n<p>Emlak WordPress Temas\u0131, bu gizlilik politikas\u0131n\u0131 herhangi bir zamanda g\u00fcncelleme takdir yetkisine sahiptir. Bunu yapt\u0131\u011f\u0131m\u0131zda, bu sayfan\u0131n alt\u0131ndaki g\u00fcncellenmi\u015f tarihi revize edece\u011fiz. Kullan\u0131c\u0131lar\u0131, toplad\u0131\u011f\u0131m\u0131z ki\u015fisel bilgileri nas\u0131l korudu\u011fumuz konusunda bilgi sahibi olmak i\u00e7in bu sayfay\u0131 s\u0131k s\u0131k kontrol etmeye te\u015fvik ediyoruz. Bu gizlilik politikas\u0131n\u0131 periyodik olarak g\u00f6zden ge\u00e7irmenin ve de\u011fi\u015fikliklerden haberdar olman\u0131n sizin sorumlulu\u011funuz oldu\u011funu kabul ve beyan edersiniz.<\/p>\n<p>Bu \u015fartlar\u0131 kabul etmeniz<\/p>\n<p>Bu Siteyi kullanarak, bu politikay\u0131 kabul etti\u011finizi belirtmi\u015f olursunuz. Bu politikay\u0131 kabul etmiyorsan\u0131z, l\u00fctfen Sitemizi kullanmay\u0131n. Bu politikada yap\u0131lan de\u011fi\u015fikliklerin yay\u0131nlanmas\u0131n\u0131n ard\u0131ndan Siteyi kullanmaya devam etmeniz, s\u00f6z konusu de\u011fi\u015fiklikleri kabul etti\u011finiz anlam\u0131na gelecektir.<\/p>","protected":false},"excerpt":{"rendered":"<p>Bu Gizlilik Politikas\u0131, Uptrendhomesgroup&#039;un https:\/\/uptrendhomesgroup.com\/ web sitesinin (&quot;Site&quot;) kullan\u0131c\u0131lar\u0131ndan (her biri bir &quot;Kullan\u0131c\u0131&quot;) toplanan bilgileri toplama, kullanma, saklama ve if\u015fa etme bi\u00e7imini d\u00fczenler. Bu gizlilik politikas\u0131, Site ve Real Estate WordPress Theme taraf\u0131ndan sunulan t\u00fcm \u00fcr\u00fcn ve hizmetler i\u00e7in ge\u00e7erlidir. Ki\u015fisel Tan\u0131mlay\u0131c\u0131 Bilgiler: Sundu\u011fumuz etkinlikler, hizmetler, \u00f6zellikler veya kaynaklarla ba\u011flant\u0131l\u0131 olarak Kullan\u0131c\u0131lardan \u00e7e\u015fitli \u015fekillerde ki\u015fisel tan\u0131mlama bilgileri toplayabiliriz.<\/p>","protected":false},"author":13,"featured_media":0,"parent":0,"menu_order":0,"comment_status":"closed","ping_status":"closed","template":"terms_conditions.php","meta":{"_acf_changed":false,"om_disable_all_campaigns":false,"inline_featured_image":false,"_monsterinsights_skip_tracking":false,"_monsterinsights_sitenote_active":false,"_monsterinsights_sitenote_note":"","_monsterinsights_sitenote_category":0,"footnotes":""},"class_list":["post-2972","page","type-page","status-publish","hentry"],"acf":[],"aioseo_notices":[],"_links":{"self":[{"href":"https:\/\/uptrendhomesgroup.com\/tr\/wp-json\/wp\/v2\/pages\/2972","targetHints":{"allow":["GET"]}}],"collection":[{"href":"https:\/\/uptrendhomesgroup.com\/tr\/wp-json\/wp\/v2\/pages"}],"about":[{"href":"https:\/\/uptrendhomesgroup.com\/tr\/wp-json\/wp\/v2\/types\/page"}],"author":[{"embeddable":true,"href":"https:\/\/uptrendhomesgroup.com\/tr\/wp-json\/wp\/v2\/users\/13"}],"replies":[{"embeddable":true,"href":"https:\/\/uptrendhomesgroup.com\/tr\/wp-json\/wp\/v2\/comments?post=2972"}],"version-history":[{"count":4,"href":"https:\/\/uptrendhomesgroup.com\/tr\/wp-json\/wp\/v2\/pages\/2972\/revisions"}],"predecessor-version":[{"id":38799,"href":"https:\/\/uptrendhomesgroup.com\/tr\/wp-json\/wp\/v2\/pages\/2972\/revisions\/38799"}],"wp:attachment":[{"href":"https:\/\/uptrendhomesgroup.com\/tr\/wp-json\/wp\/v2\/media?parent=2972"}],"curies":[{"name":"wp","href":"https:\/\/api.w.org\/{rel}","templated":true}]}}