{"id":31234,"date":"2023-10-05T01:26:45","date_gmt":"2023-10-04T22:26:45","guid":{"rendered":"https:\/\/uptrendhomesgroup.com\/?page_id=31234"},"modified":"2026-02-27T16:15:30","modified_gmt":"2026-02-27T13:15:30","slug":"calisma-turu","status":"publish","type":"page","link":"https:\/\/uptrendhomesgroup.com\/tr\/calisma-turu\/","title":{"rendered":"\u00c7al\u0131\u015fma turu"},"content":{"rendered":"<p style=\"text-align: justify;\"><img fetchpriority=\"high\" decoding=\"async\" class=\"wp-image-42479 alignright\" src=\"https:\/\/uptrendhomesgroup.com\/wp-content\/uploads\/2026\/01\/tur-1-1024x683.jpg\" alt=\"\" width=\"578\" height=\"386\" srcset=\"https:\/\/uptrendhomesgroup.com\/wp-content\/uploads\/2026\/01\/tur-1-1024x683.jpg 1024w, https:\/\/uptrendhomesgroup.com\/wp-content\/uploads\/2026\/01\/tur-1-300x200.jpg 300w, https:\/\/uptrendhomesgroup.com\/wp-content\/uploads\/2026\/01\/tur-1-768x512.jpg 768w, https:\/\/uptrendhomesgroup.com\/wp-content\/uploads\/2026\/01\/tur-1-18x12.jpg 18w, https:\/\/uptrendhomesgroup.com\/wp-content\/uploads\/2026\/01\/tur-1-105x70.jpg 105w, https:\/\/uptrendhomesgroup.com\/wp-content\/uploads\/2026\/01\/tur-1.jpg 1536w\" sizes=\"(max-width: 578px) 100vw, 578px\" \/>T\u00fcrkiye&#039;de gayrimenkul sat\u0131n almaya karar verdiyseniz ve istiyorsan\u0131z, yapman\u0131z gereken en iyi \u015fey gelip her \u015feyi kendi g\u00f6zlerinizle g\u00f6rmeniz - bak\u0131n, dokunun ve hissedin. G\u00fcne\u015fe g\u00fcl\u00fcmseyin, deniz meltemini hissedin, \u015fehrin ya\u015fam ritmini, temposunu ve karakterini deneyimleyin - bu, internetteki foto\u011fraf ve videolara dayanarak ev se\u00e7mekle k\u0131yaslanamaz!<\/p>\n<p style=\"text-align: justify;\">UPTREND HOMES&#039;un tan\u0131t\u0131m turu \u015funlar\u0131 i\u00e7eriyor:<\/p>\n<ul style=\"list-style-type: circle;\">\n<li style=\"text-align: justify;\">Havaalan\u0131nda bulu\u015fma ve otele transfer ve tur bitiminde d\u00f6n\u00fc\u015f.<\/li>\n<li style=\"text-align: justify;\">l\u00fcks apartman dairelerinde veya otellerde konaklama. Konaklama se\u00e7erken sizin isteklerinizi dikkate al\u0131yoruz.<\/li>\n<li style=\"text-align: justify;\">T\u00fcm alanlar ve \u00f6zellikleri, altyap\u0131lar\u0131 ve beklentileri hakk\u0131nda ayr\u0131nt\u0131l\u0131 bir hikaye i\u00e7eren \u015fehrin tan\u0131t\u0131m turu.<\/li>\n<li style=\"text-align: justify;\">sat\u0131n alma amac\u0131na, isteklerinize ve tercihlerinize g\u00f6re nesnelerin sergilenmesi.<\/li>\n<\/ul>\n<p style=\"text-align: justify;\">\u00c7e\u015fitli alanlar\u0131 ve kompleksleri kar\u015f\u0131la\u015ft\u0131rma ve de\u011ferlendirme yetene\u011fi.<br \/>\nEvrak i\u015fleri, yer de\u011fi\u015ftirme, adaptasyon, kendi i\u015finizi kurma ve ilginizi \u00e7eken di\u011fer konularda nitelikli dan\u0131\u015fmanl\u0131k.<br \/>\nTan\u0131t\u0131m turu 7 g\u00fcne kadar s\u00fcrer. Sat\u0131n alma tutar\u0131na ba\u011fl\u0131 olarak UPTREND HOMES konaklama, transfer ve u\u00e7ak yolculu\u011fu masraflar\u0131n\u0131 \u00f6der.<br \/>\nGelin ve profesyonellere g\u00fcvenin, biz sizinle ilgilenece\u011fiz!<\/p>\n<div class=\"video-container\"><iframe title=\"\u0411\u0435\u0441\u043f\u043b\u0430\u0442\u043d\u0430\u044f \u043f\u043e\u0435\u0437\u0434\u043a\u0430 \u0437\u0430 \u043a\u0432\u0430\u0440\u0442\u0438\u0440\u043e\u0439 \u0432 \u0422\u0443\u0440\u0446\u0438\u044e\" width=\"1200\" height=\"675\" src=\"https:\/\/www.youtube.com\/embed\/Mrsw98SfSn0?feature=oembed\" frameborder=\"0\" allow=\"accelerometer; autoplay; clipboard-write; encrypted-media; gyroscope; picture-in-picture; web-share\" referrerpolicy=\"strict-origin-when-cross-origin\" allowfullscreen><\/iframe><\/div>","protected":false},"excerpt":{"rendered":"<p>T\u00fcrkiye&#039;de gayrimenkul sat\u0131n almaya karar verdiyseniz ve istiyorsan\u0131z, en iyisi gelip her \u015feyi kendi g\u00f6zlerinizle g\u00f6rmeniz - bak\u0131n, dokunun ve hissedin. G\u00fcne\u015fe g\u00fcl\u00fcmseyin, deniz meltemini hissedin, \u015fehrin ritmini, temposunu ve karakterini deneyimleyin - bu, internetteki foto\u011fraf ve videolara dayanarak ev se\u00e7mekle k\u0131yaslanamaz! UPTREND HOMES&#039;un tan\u0131t\u0131m turu \u015funlar\u0131 i\u00e7erir: havaalan\u0131nda kar\u015f\u0131lama ve ... transfer.<\/p>","protected":false},"author":13,"featured_media":0,"parent":0,"menu_order":0,"comment_status":"closed","ping_status":"closed","template":"","meta":{"_acf_changed":false,"om_disable_all_campaigns":false,"inline_featured_image":false,"_monsterinsights_skip_tracking":false,"_monsterinsights_sitenote_active":false,"_monsterinsights_sitenote_note":"","_monsterinsights_sitenote_category":0,"footnotes":""},"class_list":["post-31234","page","type-page","status-publish","hentry"],"acf":[],"aioseo_notices":[],"_links":{"self":[{"href":"https:\/\/uptrendhomesgroup.com\/tr\/wp-json\/wp\/v2\/pages\/31234","targetHints":{"allow":["GET"]}}],"collection":[{"href":"https:\/\/uptrendhomesgroup.com\/tr\/wp-json\/wp\/v2\/pages"}],"about":[{"href":"https:\/\/uptrendhomesgroup.com\/tr\/wp-json\/wp\/v2\/types\/page"}],"author":[{"embeddable":true,"href":"https:\/\/uptrendhomesgroup.com\/tr\/wp-json\/wp\/v2\/users\/13"}],"replies":[{"embeddable":true,"href":"https:\/\/uptrendhomesgroup.com\/tr\/wp-json\/wp\/v2\/comments?post=31234"}],"version-history":[{"count":84,"href":"https:\/\/uptrendhomesgroup.com\/tr\/wp-json\/wp\/v2\/pages\/31234\/revisions"}],"predecessor-version":[{"id":44918,"href":"https:\/\/uptrendhomesgroup.com\/tr\/wp-json\/wp\/v2\/pages\/31234\/revisions\/44918"}],"wp:attachment":[{"href":"https:\/\/uptrendhomesgroup.com\/tr\/wp-json\/wp\/v2\/media?parent=31234"}],"curies":[{"name":"wp","href":"https:\/\/api.w.org\/{rel}","templated":true}]}}