{"id":31241,"date":"2023-10-05T01:30:58","date_gmt":"2023-10-04T22:30:58","guid":{"rendered":"https:\/\/uptrendhomesgroup.com\/?page_id=31241"},"modified":"2026-01-24T17:27:44","modified_gmt":"2026-01-24T14:27:44","slug":"cevrimici-goruntuleme","status":"publish","type":"page","link":"https:\/\/uptrendhomesgroup.com\/tr\/cevrimici-goruntuleme\/","title":{"rendered":"\u00c7evrimi\u00e7i g\u00f6r\u00fcnt\u00fcleme"},"content":{"rendered":"<h2><img fetchpriority=\"high\" decoding=\"async\" class=\"wp-image-42478 alignleft\" src=\"https:\/\/uptrendhomesgroup.com\/wp-content\/uploads\/2026\/01\/onlajn-prosmotr1-1.jpg\" alt=\"\" width=\"530\" height=\"472\" srcset=\"https:\/\/uptrendhomesgroup.com\/wp-content\/uploads\/2026\/01\/onlajn-prosmotr1-1.jpg 811w, https:\/\/uptrendhomesgroup.com\/wp-content\/uploads\/2026\/01\/onlajn-prosmotr1-1-300x267.jpg 300w, https:\/\/uptrendhomesgroup.com\/wp-content\/uploads\/2026\/01\/onlajn-prosmotr1-1-768x684.jpg 768w, https:\/\/uptrendhomesgroup.com\/wp-content\/uploads\/2026\/01\/onlajn-prosmotr1-1-13x12.jpg 13w\" sizes=\"(max-width: 530px) 100vw, 530px\" \/>T\u00fcrkiye&#039;deki gayrimenkullerin \u00e7evrimi\u00e7i te\u015fhirine ili\u015fkin prosed\u00fcr<\/h2>\n<p style=\"text-align: justify;\">\u00c7evrimi\u00e7i m\u00fclk g\u00f6sterme s\u00fcreci, potansiyel bir al\u0131c\u0131n\u0131n talebiyle ba\u015flar. Daha sonra sanal turun y\u00fcr\u00fct\u00fclmesinden sorumlu olacak acentemiz ile sizin i\u00e7in \u00e7evrimi\u00e7i bir toplant\u0131 ayarlayaca\u011f\u0131z. Sizinle tarih ve saat konusunda anla\u015f\u0131yoruz, ard\u0131ndan acente ilgilenilen m\u00fclke gidiyor. WhatsApp, Skype, Telegram veya sizin i\u00e7in uygun olan herhangi bir mesajla\u015fma arac\u0131n\u0131 kullanarak sizinle ileti\u015fime ge\u00e7ecek ve ilgilendi\u011finiz daire veya ev konusunda size sanal olarak rehberlik edecektir. Bu gezi s\u0131ras\u0131nda size \u00e7evredeki b\u00f6lge, kompleksin eri\u015filebilir altyap\u0131s\u0131 ve g\u00f6r\u00fcn\u00fcm\u00fc g\u00f6sterilecektir. Ayr\u0131ca sizi farkl\u0131 odalar, mutfak ve banyolarla ayr\u0131nt\u0131l\u0131 olarak tan\u0131\u015ft\u0131racak ve yerle\u015fim d\u00fczeninin \u00f6zellikleri hakk\u0131nda konu\u015facaklar. Pencereden manzaray\u0131 g\u00f6sterecekler. Ayr\u0131ca temsilci, sanal g\u00f6r\u00fcnt\u00fclemeniz s\u0131ras\u0131nda akl\u0131n\u0131za gelebilecek her t\u00fcrl\u00fc soruyu yan\u0131tlayacakt\u0131r.<\/p>\n<h2 style=\"text-align: center;\">\u00c7evrimi\u00e7i m\u00fclk g\u00f6stermenin avantajlar\u0131<\/h2>\n<p style=\"text-align: justify;\">Fiziksel bir ziyaret yerine \u00e7evrimi\u00e7i bir g\u00f6sterinin a\u015fa\u011f\u0131dakiler de dahil olmak \u00fczere \u00e7e\u015fitli avantajlar\u0131 vard\u0131r:<\/p>\n<p style=\"text-align: justify;\">- maliyet tasarrufu - sat\u0131n alma karar\u0131 vermeden \u00f6nce gayrimenkul m\u00fclklerini fiziksel olarak ziyaret etmekle ili\u015fkili u\u00e7ak bileti ve di\u011fer seyahat masraflar\u0131n\u0131 \u00f6demenize gerek yok.<\/p>\n<p style=\"text-align: justify;\">- zaman tasarrufu - dijital turlar, ula\u015f\u0131m\u0131 beklemeye veya \u00f6nceden konaklama rezervasyonu yapmaya gerek kalmadan h\u0131zl\u0131 ve verimli bir \u015fekilde ger\u00e7ekle\u015ftirilebilir.<\/p>\n<p style=\"text-align: justify;\">- esneklik - konum veya saat dilimi fark\u0131na bak\u0131lmaks\u0131z\u0131n, her iki taraf i\u00e7in de uygun olan herhangi bir zamanda \u00e7evrimi\u00e7i turlar ger\u00e7ekle\u015ftirilebilir; bu, d\u00fcnyan\u0131n her yerinden al\u0131c\u0131lar\u0131n buraya \u015fahsen seyahat etmek zorunda kalmadan T\u00fcrk gayrimenkullerini tan\u0131mas\u0131na olanak tan\u0131r!<\/p>\n<p style=\"text-align: justify;\">- se\u00e7im \u00f6zg\u00fcrl\u00fc\u011f\u00fc - g\u00f6r\u00fcnt\u00fcleme konusunda hi\u00e7bir \u015fekilde s\u0131n\u0131rl\u0131 de\u011filsiniz, karar vermeniz i\u00e7in ihtiya\u00e7 duydu\u011funuz say\u0131da daireyi g\u00f6stermeye haz\u0131r\u0131z.<\/p>\n<h3 style=\"text-align: center;\">Online g\u00f6sterim i\u00e7in neye ihtiyac\u0131n\u0131z var?<\/h3>\n<h3 style=\"text-align: center;\">\u00c7evrimi\u00e7i g\u00f6r\u00fcnt\u00fcleme sonras\u0131nda sat\u0131n alma i\u00e7in bir daire ay\u0131rtma<\/h3>\n<p style=\"text-align: justify;\">\u00c7evrimi\u00e7i incelemenin ard\u0131ndan, m\u00fclk\u00fc sat\u0131n alma konusunda bir sonraki ad\u0131m\u0131 atmaya haz\u0131rsan\u0131z, m\u00fclk\u00fcn t\u00fcm \u00f6zelliklerini ve kendisini onaylad\u0131ktan sonra nihai sat\u0131\u015f fiyat\u0131n\u0131, \u00f6deme ko\u015fullar\u0131n\u0131, belge ak\u0131\u015f\u0131n\u0131 vb. tart\u0131\u015fabiliriz. Al\u0131m sat\u0131m s\u00f6zle\u015fmesini haz\u0131rlay\u0131p incelemeniz i\u00e7in taraf\u0131n\u0131za e-posta ile g\u00f6nderiyoruz.<\/p>\n<div class=\"video-container\"><iframe title=\"\u0130nternet \u00fczerinden gayrimenkul sat\u0131n alma hakk\u0131nda bilmeniz gereken her \u015fey\" width=\"1200\" height=\"675\" src=\"https:\/\/www.youtube.com\/embed\/jCR2epx8AAc?feature=oembed\" frameborder=\"0\" allow=\"accelerometer; autoplay; clipboard-write; encrypted-media; gyroscope; picture-in-picture; web-share\" referrerpolicy=\"strict-origin-when-cross-origin\" allowfullscreen><\/iframe><\/div>\n<h3 style=\"text-align: center;\">T\u00fcrkiye Cumhuriyeti&#039;ndeki gayrimenkullerin online g\u00f6r\u00fcnt\u00fclenmesi i\u00e7in Uptrendhomes acentelik hizmetleri<\/h3>\n<p style=\"text-align: justify;\">UPTREND HOMES olarak, T\u00fcrkiye genelinde her t\u00fcrl\u00fc gayrimenkul\u00fcn kiralama ve sat\u0131\u015f\u0131nda uzmanla\u015fm\u0131\u015f bir emlak acentesiyiz. Hem ev al\u0131mlar\u0131nda hem de ticari gayrimenkul veya arsa se\u00e7iminde size yard\u0131mc\u0131 olmaya haz\u0131r\u0131z. Gayrimenkullerin sanal turlar\u0131n\u0131, g\u00f6r\u00fcnt\u00fclenen m\u00fclk\u00fcn her detay\u0131n\u0131 yakalamam\u0131z\u0131 sa\u011flayan y\u00fcksek kaliteli ekipmanlar kullanarak sunuyoruz. \u00c7evrimi\u00e7i turlara ek olarak, m\u00fc\u015fterilerimize her a\u00e7\u0131dan \u00e7ekim yapmay\u0131 bilen deneyimli profesyoneller taraf\u0131ndan \u00e7ekilmi\u015f y\u00fcksek kaliteli videolara eri\u015fim imkan\u0131 sa\u011fl\u0131yoruz; b\u00f6ylece izleyiciler karar vermeden \u00f6nce her m\u00fclk\u00fcn en eksiksiz resmini elde ediyorlar! \u00d6nceden kaydedilmi\u015f videolar\u0131 istedi\u011finiz zaman inceleyebilir veya aile \u00fcyelerinizle payla\u015fabilirsiniz. Son olarak, dairelerin \u00e7evrimi\u00e7i olarak g\u00f6r\u00fcnt\u00fclenmesi giderek daha pop\u00fcler hale geliyor ve hem sat\u0131c\u0131lar hem de al\u0131c\u0131lar i\u00e7in b\u00fcy\u00fck kolayl\u0131k ve esneklik sunuyor. Potansiyel sahiplerin, ula\u015f\u0131m veya i\u015ften izin alma ihtiyac\u0131 duymadan, evlerinin rahatl\u0131\u011f\u0131nda daireleri ve di\u011fer m\u00fclkleri g\u00f6r\u00fcnt\u00fclemelerine olanak tan\u0131yor. Potansiyel bir evi veya gelecekteki i\u015f yerini sanal olarak gezme olana\u011f\u0131, al\u0131c\u0131lara \u015fahsen ziyaret etmeden veya sat\u0131n alma karar\u0131 vermeden \u00f6nce mekan\u0131n nas\u0131l g\u00f6r\u00fcnece\u011fine dair kesin bir fikir edinme \u015fans\u0131 veriyor. Daireleri internet \u00fczerinden g\u00f6r\u00fcnt\u00fcleyerek, m\u00fckemmel m\u00fclk\u00fcn\u00fcz\u00fc h\u0131zl\u0131 ve kolay bir \u015fekilde bulabilirsiniz!<\/p>\n<div class=\"video-container\"><iframe title=\"\u0130nternetten al\u0131\u015fveri\u015f yapmak (korkmak m\u0131 yoksa g\u00fcvenmek mi?)\" width=\"1200\" height=\"675\" src=\"https:\/\/www.youtube.com\/embed\/bfSQ6AmfVvE?feature=oembed\" frameborder=\"0\" allow=\"accelerometer; autoplay; clipboard-write; encrypted-media; gyroscope; picture-in-picture; web-share\" referrerpolicy=\"strict-origin-when-cross-origin\" allowfullscreen><\/iframe><\/div>","protected":false},"excerpt":{"rendered":"<p>\u041f\u0440\u043e\u0446\u0435\u0434\u0443\u0440\u0430 \u043e\u043d\u043b\u0430\u0439\u043d-\u043f\u043e\u043a\u0430\u0437\u0430 \u043d\u0435\u0434\u0432\u0438\u0436\u0438\u043c\u043e\u0441\u0442\u0438 \u0432 \u0422\u0443\u0440\u0446\u0438\u0438 \u041f\u0440\u043e\u0446\u0435\u0441\u0441 \u043e\u043d\u043b\u0430\u0439\u043d-\u043f\u043e\u043a\u0430\u0437\u0430 \u043d\u0435\u0434\u0432\u0438\u0436\u0438\u043c\u043e\u0441\u0442\u0438 \u043d\u0430\u0447\u0438\u043d\u0430\u0435\u0442\u0441\u044f \u0441 \u0437\u0430\u043f\u0440\u043e\u0441\u0430 \u043e\u0442 \u043f\u043e\u0442\u0435\u043d\u0446\u0438\u0430\u043b\u044c\u043d\u043e\u0433\u043e \u043f\u043e\u043a\u0443\u043f\u0430\u0442\u0435\u043b\u044f. \u0417\u0430\u0442\u0435\u043c \u043c\u044b \u043d\u0430\u0437\u043d\u0430\u0447\u0430\u0435\u043c \u0432\u0430\u043c \u043e\u043d\u043b\u0430\u0439\u043d \u0432\u0441\u0442\u0440\u0435\u0447\u0443 \u0441 \u043d\u0430\u0448\u0438\u043c \u0430\u0433\u0435\u043d\u0442\u043e\u043c, \u043a\u043e\u0442\u043e\u0440\u044b\u0439 \u0431\u0443\u0434\u0435\u0442 \u043e\u0442\u0432\u0435\u0447\u0430\u0442\u044c \u0437\u0430 \u043f\u0440\u043e\u0432\u0435\u0434\u0435\u043d\u0438\u0435 \u0432\u0438\u0440\u0442\u0443\u0430\u043b\u044c\u043d\u043e\u0433\u043e \u0442\u0443\u0440\u0430. \u0421\u043e\u0433\u043b\u0430\u0441\u043e\u0432\u044b\u0432\u0430\u0435\u043c \u0441 \u0432\u0430\u043c\u0438 \u0434\u0430\u0442\u0443 \u0438 \u0432\u0440\u0435\u043c\u044f, \u0434\u0430\u043b\u0435\u0435 \u0430\u0433\u0435\u043d\u0442 \u0432\u044b\u0435\u0437\u0436\u0430\u0435\u0442 \u043d\u0430 \u0438\u043d\u0442\u0435\u0440\u0435\u0441\u0443\u044e\u0449\u0438\u0439 \u043e\u0431\u044a\u0435\u043a\u0442. \u0421 \u043f\u043e\u043c\u043e\u0449\u044c\u044e \u043b\u044e\u0431\u043e\u0433\u043e \u043c\u0435\u0441\u0441\u0435\u043d\u0434\u0436\u0435\u0440\u0430, \u043d\u0430\u043f\u0440\u0438\u043c\u0435\u0440 \u0447\u0435\u0440\u0435\u0437 \u0432\u0430\u0442\u0441\u0430\u043f, \u0441\u043a\u0430\u0439\u043f, \u0442\u0435\u043b\u0435\u0433\u0440\u0430\u043c\u043c \u0438\u043b\u0438 \u043b\u044e\u0431\u043e\u0433\u043e \u0443\u0434\u043e\u0431\u043d\u043e\u0433\u043e \u0434\u043b\u044f \u0432\u0430\u0441, \u043e\u043d \u0441\u0432\u044f\u0436\u0435\u0442\u0441\u044f \u0441 \u0432\u0430\u043c\u0438 \u0438 \u0432\u0438\u0440\u0442\u0443\u0430\u043b\u044c\u043d\u043e \u043f\u0440\u043e\u0432\u0435\u0434\u0451\u0442 \u043f\u043e &#8230;<\/p>","protected":false},"author":13,"featured_media":0,"parent":0,"menu_order":0,"comment_status":"closed","ping_status":"closed","template":"","meta":{"_acf_changed":false,"om_disable_all_campaigns":false,"inline_featured_image":false,"_monsterinsights_skip_tracking":false,"_monsterinsights_sitenote_active":false,"_monsterinsights_sitenote_note":"","_monsterinsights_sitenote_category":0,"footnotes":""},"class_list":["post-31241","page","type-page","status-publish","hentry"],"acf":[],"aioseo_notices":[],"_links":{"self":[{"href":"https:\/\/uptrendhomesgroup.com\/tr\/wp-json\/wp\/v2\/pages\/31241","targetHints":{"allow":["GET"]}}],"collection":[{"href":"https:\/\/uptrendhomesgroup.com\/tr\/wp-json\/wp\/v2\/pages"}],"about":[{"href":"https:\/\/uptrendhomesgroup.com\/tr\/wp-json\/wp\/v2\/types\/page"}],"author":[{"embeddable":true,"href":"https:\/\/uptrendhomesgroup.com\/tr\/wp-json\/wp\/v2\/users\/13"}],"replies":[{"embeddable":true,"href":"https:\/\/uptrendhomesgroup.com\/tr\/wp-json\/wp\/v2\/comments?post=31241"}],"version-history":[{"count":90,"href":"https:\/\/uptrendhomesgroup.com\/tr\/wp-json\/wp\/v2\/pages\/31241\/revisions"}],"predecessor-version":[{"id":42495,"href":"https:\/\/uptrendhomesgroup.com\/tr\/wp-json\/wp\/v2\/pages\/31241\/revisions\/42495"}],"wp:attachment":[{"href":"https:\/\/uptrendhomesgroup.com\/tr\/wp-json\/wp\/v2\/media?parent=31241"}],"curies":[{"name":"wp","href":"https:\/\/api.w.org\/{rel}","templated":true}]}}