{"id":31250,"date":"2023-10-05T01:32:52","date_gmt":"2023-10-04T22:32:52","guid":{"rendered":"https:\/\/uptrendhomesgroup.com\/?page_id=31250"},"modified":"2026-01-08T16:44:53","modified_gmt":"2026-01-08T13:44:53","slug":"satis-sonrasi-hizmet","status":"publish","type":"page","link":"https:\/\/uptrendhomesgroup.com\/tr\/satis-sonrasi-hizmet\/","title":{"rendered":"Sat\u0131\u015f sonras\u0131 servis"},"content":{"rendered":"<p style=\"text-align: justify;\"><img fetchpriority=\"high\" decoding=\"async\" class=\"wp-image-40496 alignright\" src=\"https:\/\/uptrendhomesgroup.com\/wp-content\/uploads\/2026\/01\/posle-prodazhnyj.jpg\" alt=\"\" width=\"539\" height=\"539\" srcset=\"https:\/\/uptrendhomesgroup.com\/wp-content\/uploads\/2026\/01\/posle-prodazhnyj.jpg 512w, https:\/\/uptrendhomesgroup.com\/wp-content\/uploads\/2026\/01\/posle-prodazhnyj-300x300.jpg 300w, https:\/\/uptrendhomesgroup.com\/wp-content\/uploads\/2026\/01\/posle-prodazhnyj-150x150.jpg 150w, https:\/\/uptrendhomesgroup.com\/wp-content\/uploads\/2026\/01\/posle-prodazhnyj-12x12.jpg 12w, https:\/\/uptrendhomesgroup.com\/wp-content\/uploads\/2026\/01\/posle-prodazhnyj-120x120.jpg 120w, https:\/\/uptrendhomesgroup.com\/wp-content\/uploads\/2026\/01\/posle-prodazhnyj-45x45.jpg 45w, https:\/\/uptrendhomesgroup.com\/wp-content\/uploads\/2026\/01\/posle-prodazhnyj-36x36.jpg 36w\" sizes=\"(max-width: 539px) 100vw, 539px\" \/>M\u00fclk\u00fc sat\u0131n ald\u0131ktan ve t\u00fcm evrak i\u015flerini tamamlad\u0131ktan sonra size veda etmiyoruz. Art\u0131k UPTREND HOMES ailesinin bir par\u00e7as\u0131s\u0131n\u0131z ve \u00fccretsiz sat\u0131\u015f sonras\u0131 hizmetimizin bir par\u00e7as\u0131 olarak g\u00fcler y\u00fczl\u00fc deste\u011fimizden yararlanabilirsiniz.<\/p>\n<p style=\"text-align: justify;\">Su ve elektrik abone numaralar\u0131n\u0131n kay\u0131t alt\u0131na al\u0131nmas\u0131, internet ba\u011flant\u0131s\u0131, sim kart al\u0131m\u0131, T\u00fcrk bankas\u0131nda hesap a\u00e7\u0131lmas\u0131 ve otomatik \u00f6deme ba\u011flant\u0131lar\u0131n\u0131n yap\u0131lmas\u0131 konular\u0131nda destek.<\/p>\n<ul>\n<li style=\"text-align: justify;\">Havaalan\u0131na\/havaalan\u0131ndan transfer organizasyonu, ara\u00e7 kiralama, ula\u015f\u0131m se\u00e7imi ve sat\u0131n al\u0131m\u0131nda yard\u0131m.<\/li>\n<li style=\"text-align: justify;\">Mobilya ve ev aletlerinin sat\u0131n al\u0131nmas\u0131, tasar\u0131m\u0131, tadilat\u0131 ve mekan\u0131n temizli\u011fi konusunda yard\u0131m.<\/li>\n<li style=\"text-align: justify;\">Kaliteli e\u011fitim ve sa\u011fl\u0131k kurumlar\u0131n\u0131n se\u00e7imine y\u00f6nelik dan\u0131\u015fmanl\u0131k.<\/li>\n<li style=\"text-align: justify;\">Oturma izni alma ve g\u00fcvenilir sigorta \u015firketi se\u00e7me konusunda yard\u0131m.<\/li>\n<li style=\"text-align: justify;\">Sizin i\u00e7in en uygun \u015fartlarla gayrimenkul y\u00f6netimi ve kiralama hizmetleri.<\/li>\n<\/ul>\n<div class=\"video-container\"><iframe title=\"\u041a\u0430\u043a \u0432\u0430\u043c \u0434\u043e\u0432\u0435\u0440\u0438\u0442\u044c \u043f\u043e\u043a\u0443\u043f\u043a\u0443 \u043d\u0435\u0434\u0432\u0438\u0436\u0438\u043c\u043e\u0441\u0442\u0438 \u0443 \u043c\u043e\u0440\u044f? \u041f\u043e\u0436\u0438\u0437\u043d\u0435\u043d\u043d\u044b\u0439 \u041f\u043e\u0441\u043b\u0435\u043f\u0440\u043e\u0434\u0430\u0436\u043d\u044b\u0439 \u0441\u0435\u0440\u0432\u0438\u0441 \u0434\u043b\u044f \u043a\u043b\u0438\u0435\u043d\u0442\u0430\" width=\"1200\" height=\"675\" src=\"https:\/\/www.youtube.com\/embed\/_NseJGrIHjM?feature=oembed\" frameborder=\"0\" allow=\"accelerometer; autoplay; clipboard-write; encrypted-media; gyroscope; picture-in-picture; web-share\" referrerpolicy=\"strict-origin-when-cross-origin\" allowfullscreen><\/iframe><\/div>","protected":false},"excerpt":{"rendered":"<p>M\u00fclk\u00fc sat\u0131n al\u0131p t\u00fcm evrak i\u015flerini tamamlad\u0131ktan sonra size veda etmiyoruz. Art\u0131k UPTREND HOMES ailesinin bir par\u00e7as\u0131s\u0131n\u0131z ve \u00fccretsiz sat\u0131\u015f sonras\u0131 hizmetlerimiz kapsam\u0131nda g\u00fcler y\u00fczl\u00fc deste\u011fimizden yararlanabilirsiniz. Su ve elektrik abone numaralar\u0131n\u0131n kaydedilmesi, internet ba\u011flant\u0131s\u0131, SIM kart al\u0131m\u0131, T\u00fcrk bankas\u0131nda hesap a\u00e7\u0131lmas\u0131 ve otomatik \u00f6deme talimat\u0131 verilmesi konular\u0131nda destek. Havaalan\u0131na\/havaalan\u0131ndan transferlerin organize edilmesi, ara\u00e7 kiralama, ula\u015f\u0131m se\u00e7imi ve sat\u0131n al\u0131m\u0131 konusunda destek.<\/p>","protected":false},"author":13,"featured_media":0,"parent":0,"menu_order":0,"comment_status":"closed","ping_status":"closed","template":"","meta":{"_acf_changed":false,"om_disable_all_campaigns":false,"inline_featured_image":false,"_monsterinsights_skip_tracking":false,"_monsterinsights_sitenote_active":false,"_monsterinsights_sitenote_note":"","_monsterinsights_sitenote_category":0,"footnotes":""},"class_list":["post-31250","page","type-page","status-publish","hentry"],"acf":[],"aioseo_notices":[],"_links":{"self":[{"href":"https:\/\/uptrendhomesgroup.com\/tr\/wp-json\/wp\/v2\/pages\/31250","targetHints":{"allow":["GET"]}}],"collection":[{"href":"https:\/\/uptrendhomesgroup.com\/tr\/wp-json\/wp\/v2\/pages"}],"about":[{"href":"https:\/\/uptrendhomesgroup.com\/tr\/wp-json\/wp\/v2\/types\/page"}],"author":[{"embeddable":true,"href":"https:\/\/uptrendhomesgroup.com\/tr\/wp-json\/wp\/v2\/users\/13"}],"replies":[{"embeddable":true,"href":"https:\/\/uptrendhomesgroup.com\/tr\/wp-json\/wp\/v2\/comments?post=31250"}],"version-history":[{"count":46,"href":"https:\/\/uptrendhomesgroup.com\/tr\/wp-json\/wp\/v2\/pages\/31250\/revisions"}],"predecessor-version":[{"id":40500,"href":"https:\/\/uptrendhomesgroup.com\/tr\/wp-json\/wp\/v2\/pages\/31250\/revisions\/40500"}],"wp:attachment":[{"href":"https:\/\/uptrendhomesgroup.com\/tr\/wp-json\/wp\/v2\/media?parent=31250"}],"curies":[{"name":"wp","href":"https:\/\/api.w.org\/{rel}","templated":true}]}}