{"id":31257,"date":"2023-10-05T01:34:27","date_gmt":"2023-10-04T22:34:27","guid":{"rendered":"https:\/\/uptrendhomesgroup.com\/?page_id=31257"},"modified":"2026-01-15T16:35:39","modified_gmt":"2026-01-15T13:35:39","slug":"hukuk-danismanligi","status":"publish","type":"page","link":"https:\/\/uptrendhomesgroup.com\/tr\/hukuk-danismanligi\/","title":{"rendered":"Yasal dan\u0131\u015fmanl\u0131k"},"content":{"rendered":"<p style=\"text-align: justify;\">T\u00fcrkiye, her \u00fclke gibi, kendine \u00f6zg\u00fc yasalar\u0131 ve tescil \u015fartlar\u0131na sahiptir. Gayrimenkul sat\u0131n al\u0131rken, T\u00fcrk mevzuat kurallar\u0131na g\u00f6re belgelerin tescili ile ilgili sorunlarla kar\u015f\u0131la\u015facaks\u0131n\u0131z. Bir\u00e7ok al\u0131c\u0131, dil bilgisi ve T\u00fcrk mevzuat\u0131n\u0131n kendine \u00f6zg\u00fc \u00f6zellikleri nedeniyle, i\u015flemin bu a\u015famas\u0131n\u0131 en ciddi ve zorlu a\u015fama olarak g\u00f6rmektedir.<\/p>\n<p style=\"text-align: justify;\">UPTREND HOMES \u015firketi gayrimenkul m\u00fclkiyetinin se\u00e7imi ve devri, ipotek tescili ve vatanda\u015fl\u0131k i\u015flemleri s\u0131ras\u0131nda tam profesyonel yard\u0131m ve destek sa\u011flar.<\/p>\n<p style=\"text-align: justify;\">Akl\u0131n\u0131za tak\u0131lan her t\u00fcrl\u00fc soruyu cevaplamaya ve hukuki dan\u0131\u015fmanl\u0131k hizmeti vermeye haz\u0131r\u0131z.<\/p>","protected":false},"excerpt":{"rendered":"<p>T\u00fcrkiye, her \u00fclke gibi, kendine \u00f6zg\u00fc yasalar\u0131 ve tescil \u015fartlar\u0131na sahiptir. Gayrimenkul sat\u0131n al\u0131rken, T\u00fcrk mevzuat kurallar\u0131na g\u00f6re belgelerin tescili ile ilgili sorunlarla kar\u015f\u0131la\u015facaks\u0131n\u0131z. Bir\u00e7ok al\u0131c\u0131, dil bilgisi eksikli\u011fi ve T\u00fcrk mevzuat\u0131n\u0131n kendine \u00f6zg\u00fc \u00f6zellikleri nedeniyle i\u015flemin bu a\u015famas\u0131n\u0131 en ciddi ve zor a\u015fama olarak de\u011ferlendirir. UPTREND HOMES \u015firketi, gayrimenkul se\u00e7imi ve m\u00fclkiyete devri, ipotek tescili ve vatanda\u015fl\u0131k s\u00fcre\u00e7lerinde tam profesyonel yard\u0131m ve destek sa\u011flar. Biz...<\/p>","protected":false},"author":13,"featured_media":31260,"parent":0,"menu_order":0,"comment_status":"closed","ping_status":"closed","template":"","meta":{"_acf_changed":false,"om_disable_all_campaigns":false,"inline_featured_image":false,"_monsterinsights_skip_tracking":false,"_monsterinsights_sitenote_active":false,"_monsterinsights_sitenote_note":"","_monsterinsights_sitenote_category":0,"footnotes":""},"class_list":["post-31257","page","type-page","status-publish","has-post-thumbnail","hentry"],"acf":[],"aioseo_notices":[],"_links":{"self":[{"href":"https:\/\/uptrendhomesgroup.com\/tr\/wp-json\/wp\/v2\/pages\/31257","targetHints":{"allow":["GET"]}}],"collection":[{"href":"https:\/\/uptrendhomesgroup.com\/tr\/wp-json\/wp\/v2\/pages"}],"about":[{"href":"https:\/\/uptrendhomesgroup.com\/tr\/wp-json\/wp\/v2\/types\/page"}],"author":[{"embeddable":true,"href":"https:\/\/uptrendhomesgroup.com\/tr\/wp-json\/wp\/v2\/users\/13"}],"replies":[{"embeddable":true,"href":"https:\/\/uptrendhomesgroup.com\/tr\/wp-json\/wp\/v2\/comments?post=31257"}],"version-history":[{"count":28,"href":"https:\/\/uptrendhomesgroup.com\/tr\/wp-json\/wp\/v2\/pages\/31257\/revisions"}],"predecessor-version":[{"id":41437,"href":"https:\/\/uptrendhomesgroup.com\/tr\/wp-json\/wp\/v2\/pages\/31257\/revisions\/41437"}],"wp:featuredmedia":[{"embeddable":true,"href":"https:\/\/uptrendhomesgroup.com\/tr\/wp-json\/wp\/v2\/media\/31260"}],"wp:attachment":[{"href":"https:\/\/uptrendhomesgroup.com\/tr\/wp-json\/wp\/v2\/media?parent=31257"}],"curies":[{"name":"wp","href":"https:\/\/api.w.org\/{rel}","templated":true}]}}