{"id":31264,"date":"2023-10-05T01:35:51","date_gmt":"2023-10-04T22:35:51","guid":{"rendered":"https:\/\/uptrendhomesgroup.com\/?page_id=31264"},"modified":"2026-01-15T16:41:20","modified_gmt":"2026-01-15T13:41:20","slug":"gayrimenkulunuzu-satmak","status":"publish","type":"page","link":"https:\/\/uptrendhomesgroup.com\/tr\/gayrimenkulunuzu-satmak\/","title":{"rendered":"M\u00fclk\u00fcn\u00fcz\u00fc satmak"},"content":{"rendered":"<p><strong style=\"text-align: center;\"><img fetchpriority=\"high\" decoding=\"async\" class=\"wp-image-41438 alignleft\" src=\"https:\/\/uptrendhomesgroup.com\/wp-content\/uploads\/2026\/01\/prodazha-vashej-nedvizhimosti.jpg\" alt=\"\" width=\"483\" height=\"232\" srcset=\"https:\/\/uptrendhomesgroup.com\/wp-content\/uploads\/2026\/01\/prodazha-vashej-nedvizhimosti.jpg 750w, https:\/\/uptrendhomesgroup.com\/wp-content\/uploads\/2026\/01\/prodazha-vashej-nedvizhimosti-300x144.jpg 300w, https:\/\/uptrendhomesgroup.com\/wp-content\/uploads\/2026\/01\/prodazha-vashej-nedvizhimosti-18x9.jpg 18w\" sizes=\"(max-width: 483px) 100vw, 483px\" \/><\/strong><\/p>\n<p style=\"text-align: center;\"><strong>Emlak\u0131n\u0131z\u0131 satmak m\u0131 istiyorsunuz?<\/strong><\/p>\n<p style=\"text-align: justify;\">Bu konuda UPTREND HOMES firmas\u0131 da yard\u0131mc\u0131 olacak.<\/p>\n<p style=\"text-align: justify;\">Bizimle ileti\u015fime ge\u00e7in, m\u00fclkiyet hakk\u0131n\u0131 (TAPU) do\u011frulayan belgeleri ve m\u00fclk\u00fcn\u00fczle ilgili t\u00fcm bilgileri sa\u011flay\u0131n, onu nesneler veritaban\u0131m\u0131za ekleyelim.<\/p>\n<p style=\"text-align: justify;\">M\u00fclk\u00fcn\u00fcz\u00fcn de\u011ferini kendiniz belirleyebileceksiniz ve herhangi bir \u015f\u00fcpheniz varsa, \u015firketin yetkili bir \u00e7al\u0131\u015fan\u0131 gerekli incelemeyi yapacakt\u0131r.<\/p>\n<p><span style=\"text-align: justify;\">Ba\u011f\u0131ms\u0131z bir de\u011ferleme uzman\u0131, b\u00f6lgenizdeki gayrimenkulleri t\u00fcm \u00f6zelliklerine g\u00f6re kar\u015f\u0131la\u015ft\u0131racak ve gayrimenkul\u00fcn piyasa de\u011ferini belirlemenize yard\u0131mc\u0131 olacakt\u0131r.<\/span><\/p>\n<div class=\"video-container\"><iframe title=\"\u0414\u043b\u044f \u043a\u043e\u0433\u043e \u0441\u0442\u043e\u043b\u044c\u043a\u043e \u0441\u0442\u0440\u043e\u0438\u043b\u0438? \u041d\u043e\u0432\u043e\u0441\u0442\u0440\u043e\u0435\u043a \u043c\u043e\u0440\u0435 \u0430 \u043f\u043e\u043a\u0443\u043f\u0430\u0442\u0435\u043b\u0435\u0439 \u043a\u0430\u043f\u043b\u044f. \u0427\u0442\u043e \u043f\u0440\u043e\u0438\u0441\u0445\u043e\u0434\u0438\u0442 \u0432 \u0422\u0443\u0440\u0446\u0438\u0438 \u043d\u0430 \u0441\u0430\u043c\u043e\u043c \u0434\u0435\u043b\u0435\" width=\"1200\" height=\"675\" src=\"https:\/\/www.youtube.com\/embed\/AenVNNLCP24?feature=oembed\" frameborder=\"0\" allow=\"accelerometer; autoplay; clipboard-write; encrypted-media; gyroscope; picture-in-picture; web-share\" referrerpolicy=\"strict-origin-when-cross-origin\" allowfullscreen><\/iframe><\/div>","protected":false},"excerpt":{"rendered":"<p>M\u00fclk\u00fcn\u00fcz\u00fc satmak m\u0131 istiyorsunuz? UPTREND HOMES bu konuda da size yard\u0131mc\u0131 olabilir. Bizimle ileti\u015fime ge\u00e7in, m\u00fclkiyetinizi do\u011frulayan belgeleri (TAPU) ve m\u00fclk\u00fcn\u00fcz hakk\u0131nda t\u00fcm bilgileri sa\u011flay\u0131n, m\u00fclk\u00fcn\u00fcz\u00fc m\u00fclk veritaban\u0131m\u0131za ekleyelim. M\u00fclk\u00fcn\u00fcz\u00fcn de\u011ferini kendiniz belirleyebilirsiniz ve herhangi bir \u015f\u00fcpheniz varsa, \u015firketin kalifiye bir \u00e7al\u0131\u015fan\u0131 ba\u011f\u0131ms\u0131z bir de\u011ferlendirme yapacak, b\u00f6lgenizdeki m\u00fclkleri t\u00fcm \u00f6zelliklerine g\u00f6re kar\u015f\u0131la\u015ft\u0131racak ve piyasay\u0131 belirlemenize yard\u0131mc\u0131 olacakt\u0131r...<\/p>","protected":false},"author":13,"featured_media":0,"parent":0,"menu_order":0,"comment_status":"closed","ping_status":"closed","template":"","meta":{"_acf_changed":false,"om_disable_all_campaigns":false,"inline_featured_image":false,"_monsterinsights_skip_tracking":false,"_monsterinsights_sitenote_active":false,"_monsterinsights_sitenote_note":"","_monsterinsights_sitenote_category":0,"footnotes":""},"class_list":["post-31264","page","type-page","status-publish","hentry"],"acf":[],"aioseo_notices":[],"_links":{"self":[{"href":"https:\/\/uptrendhomesgroup.com\/tr\/wp-json\/wp\/v2\/pages\/31264","targetHints":{"allow":["GET"]}}],"collection":[{"href":"https:\/\/uptrendhomesgroup.com\/tr\/wp-json\/wp\/v2\/pages"}],"about":[{"href":"https:\/\/uptrendhomesgroup.com\/tr\/wp-json\/wp\/v2\/types\/page"}],"author":[{"embeddable":true,"href":"https:\/\/uptrendhomesgroup.com\/tr\/wp-json\/wp\/v2\/users\/13"}],"replies":[{"embeddable":true,"href":"https:\/\/uptrendhomesgroup.com\/tr\/wp-json\/wp\/v2\/comments?post=31264"}],"version-history":[{"count":31,"href":"https:\/\/uptrendhomesgroup.com\/tr\/wp-json\/wp\/v2\/pages\/31264\/revisions"}],"predecessor-version":[{"id":41441,"href":"https:\/\/uptrendhomesgroup.com\/tr\/wp-json\/wp\/v2\/pages\/31264\/revisions\/41441"}],"wp:attachment":[{"href":"https:\/\/uptrendhomesgroup.com\/tr\/wp-json\/wp\/v2\/media?parent=31264"}],"curies":[{"name":"wp","href":"https:\/\/api.w.org\/{rel}","templated":true}]}}