{"id":31280,"date":"2023-10-05T01:38:23","date_gmt":"2023-10-04T22:38:23","guid":{"rendered":"https:\/\/uptrendhomesgroup.com\/?page_id=31280"},"modified":"2026-01-15T15:45:19","modified_gmt":"2026-01-15T12:45:19","slug":"turk-vatandasligi","status":"publish","type":"page","link":"https:\/\/uptrendhomesgroup.com\/tr\/turk-vatandasligi\/","title":{"rendered":"T\u00fcrk vatanda\u015fl\u0131\u011f\u0131"},"content":{"rendered":"<p><img fetchpriority=\"high\" decoding=\"async\" class=\"wp-image-31284 alignleft\" src=\"https:\/\/uptrendhomesgroup.com\/wp-content\/uploads\/2023\/10\/Adsiz-tasarim-1024x576.png\" alt=\"Adsiz-tasarim\" width=\"572\" height=\"322\" srcset=\"https:\/\/uptrendhomesgroup.com\/wp-content\/uploads\/2023\/10\/Adsiz-tasarim-1024x576.png 1024w, https:\/\/uptrendhomesgroup.com\/wp-content\/uploads\/2023\/10\/Adsiz-tasarim-300x169.png 300w, https:\/\/uptrendhomesgroup.com\/wp-content\/uploads\/2023\/10\/Adsiz-tasarim-768x432.png 768w, https:\/\/uptrendhomesgroup.com\/wp-content\/uploads\/2023\/10\/Adsiz-tasarim-1536x864.png 1536w, https:\/\/uptrendhomesgroup.com\/wp-content\/uploads\/2023\/10\/Adsiz-tasarim-18x10.png 18w, https:\/\/uptrendhomesgroup.com\/wp-content\/uploads\/2023\/10\/Adsiz-tasarim-255x143.png 255w, https:\/\/uptrendhomesgroup.com\/wp-content\/uploads\/2023\/10\/Adsiz-tasarim-1110x623.png 1110w, https:\/\/uptrendhomesgroup.com\/wp-content\/uploads\/2023\/10\/Adsiz-tasarim.png 1920w\" sizes=\"(max-width: 572px) 100vw, 572px\" \/><\/p>\n<h3 style=\"text-align: center;\">T\u00fcrk vatanda\u015fl\u0131\u011f\u0131 nas\u0131l al\u0131n\u0131r ve ne kazand\u0131r\u0131r?<\/h3>\n<p style=\"text-align: justify;\">T\u00fcrk vatanda\u015fl\u0131\u011f\u0131n\u0131n kazan\u0131lmas\u0131, T\u00fcrkiye&#039;de sa\u011fl\u0131k hizmetlerine ve sosyal yard\u0131mlara eri\u015fim, Avrupa veya Amerika bankalar\u0131nda kolayca i\u015f ve hesap a\u00e7abilme gibi \u00e7ok \u00e7e\u015fitli ayr\u0131cal\u0131klar\u0131n \u00f6n\u00fcn\u00fc a\u00e7\u0131yor. Ayr\u0131ca T\u00fcrk pasaportu, 118 \u00fclkeye vizesiz giri\u015f olana\u011f\u0131 sa\u011fl\u0131yor ve ABD veya \u0130ngiltere&#039;ye vize alma konusunda basitle\u015ftirilmi\u015f bir prosed\u00fcr sa\u011fl\u0131yor.<\/p>\n<h3 style=\"text-align: center;\">T\u00fcrk vatanda\u015fl\u0131\u011f\u0131 nas\u0131l al\u0131n\u0131r?<\/h3>\n<p style=\"text-align: justify;\">Gayrimenkul yat\u0131r\u0131m\u0131 T\u00fcrk vatanda\u015fl\u0131\u011f\u0131na ula\u015fman\u0131n en h\u0131zl\u0131, en kolay ve en \u015feffaf yoludur. Bu, gayrimenkul yat\u0131r\u0131mlar\u0131 yoluyla T\u00fcrk vatanda\u015fl\u0131\u011f\u0131 kazanma f\u0131rsat\u0131 sa\u011flayan bir t\u00fcr yat\u0131r\u0131m yakla\u015f\u0131m\u0131d\u0131r.<\/p>\n<p style=\"text-align: justify;\">Bu ta\u015f\u0131nmaz\u0131n kadastro de\u011ferinin en az 400.000$ olmas\u0131 gerekmektedir. Kadastro ve piyasa de\u011ferlerinin genellikle \u00f6nemli \u00f6l\u00e7\u00fcde farkl\u0131l\u0131k g\u00f6sterdi\u011fine dikkat edilmelidir: emlak geli\u015ftiricileri vergilerden tasarruf etmek i\u00e7in genellikle bunu hafife al\u0131yor.<\/p>\n<p style=\"text-align: justify;\">T\u00fcrk vatanda\u015fl\u0131\u011f\u0131n\u0131n kazan\u0131lmas\u0131 amac\u0131yla sat\u0131n al\u0131nan yat\u0131r\u0131m ama\u00e7l\u0131 gayrimenkul\u00fcn, T\u00fcrk ger\u00e7ek veya t\u00fczel ki\u015fili\u011fi ad\u0131na tescil edilmi\u015f olmas\u0131 gerekmektedir. Yabanc\u0131n\u0131n sahip oldu\u011fu gayrimenkuller bu amaca ula\u015fmaya uygun de\u011fildir. Ayr\u0131ca daha \u00f6nce vatanda\u015fl\u0131k almak i\u00e7in kullan\u0131lm\u0131\u015f olan m\u00fclkler bu stat\u00fcy\u00fc talep etmek i\u00e7in tekrar kullan\u0131lamaz.<\/p>\n<p style=\"text-align: justify;\">Gayrimenkul sat\u0131n ald\u0131ktan sonra \u00fczerine bir takyidat konur: i\u00e7inde ya\u015fayabilirsiniz, kiraya verebilirsiniz, ancak ancak \u00fc\u00e7 y\u0131l sonra satabilirsiniz. \u0130n\u015faat halindeki gayrimenkul sat\u0131n al\u0131rken, sat\u0131c\u0131n\u0131n m\u00fclk\u00fcn m\u00fclkiyetine sahip olmas\u0131 \u00f6nemlidir. Haz\u0131r bir m\u00fclk sat\u0131n al\u0131rken, m\u00fclk\u00fcn T\u00fcrk vatanda\u015fl\u0131\u011f\u0131 kazanma s\u00fcrecinde kullan\u0131lmaya uygun olabilmesi i\u00e7in en az 3 y\u0131l s\u00fcreyle sat\u0131c\u0131ya ait olmas\u0131 gerekir.<\/p>\n<h3 style=\"text-align: center;\">Vatanda\u015fl\u0131k i\u00e7in gayrimenkul sat\u0131n alma s\u00fcreci<\/h3>\n<ol style=\"text-align: justify;\">\n<li>Vatanda\u015fl\u0131k kazanmak amac\u0131yla gayrimenkul sat\u0131n alma niyetinizi acenteye bildirmeniz \u00f6nemlidir. Bu, y\u00f6neticinin T\u00fcrk vatanda\u015fl\u0131k program\u0131n\u0131n t\u00fcm gerekliliklerini ve kriterlerini kar\u015f\u0131layan nesneleri etkili bir \u015fekilde se\u00e7mesine olanak tan\u0131yacakt\u0131r.<\/li>\n<li>\u0130stenilen m\u00fclk se\u00e7ene\u011fini se\u00e7tikten sonra ajans, vatanda\u015fl\u0131k alma \u015fartlar\u0131n\u0131 kar\u015f\u0131lad\u0131klar\u0131ndan emin olmak i\u00e7in t\u00fcm belgeler \u00fczerinde ek bir kontrol yapacakt\u0131r.<\/li>\n<li>Daha sonra bir s\u00f6zle\u015fme imzalan\u0131r. \u00d6deme yaln\u0131zca al\u0131c\u0131n\u0131n hesab\u0131ndan sat\u0131c\u0131n\u0131n hesab\u0131na do\u011fru yorumla para aktar\u0131larak yap\u0131l\u0131r. Bu a\u015famada Uptrendhomes&#039;tan bir avukat s\u00fcrece dahil olur ve al\u0131c\u0131n\u0131n vatanda\u015fl\u0131\u011f\u0131n\u0131n yasal tescili ile ilgilenir. Avukat, \u00f6demeye e\u015flik eden yorumun her ayr\u0131nt\u0131s\u0131na dan\u0131\u015f\u0131r. Bu, m\u00fclk\u00fc T\u00fcrk vatanda\u015fl\u0131\u011f\u0131na uygun hale getirmeyecek olas\u0131 hatalar\u0131n \u00f6nlenmesi i\u00e7in gereklidir.<\/li>\n<li>Ta\u015f\u0131nmaz\u0131n incelemesi yap\u0131l\u0131r ve m\u00fclkiyeti tescil edilir. Bunun ard\u0131ndan al\u0131c\u0131, bu s\u00fcrecin mesleki olarak y\u00fcr\u00fct\u00fclmesinden sorumlu avukata vekaletname d\u00fczenleyerek vatanda\u015fl\u0131k alma prosed\u00fcr\u00fcn\u00fc ba\u015flatabilir.<\/li>\n<li>Gayrimenkul m\u00fclkiyeti edinme prosed\u00fcr\u00fcn\u00fcn tamamlanmas\u0131n\u0131n ard\u0131ndan, m\u00fclk\u00fcn gerekli t\u00fcm \u015fartlar\u0131 kar\u015f\u0131lad\u0131\u011f\u0131n\u0131 do\u011frulayan bir sertifika verilir. Bu h\u00fck\u00fcmet belgesi, i\u015flemin hukuka uygun olarak yap\u0131ld\u0131\u011f\u0131n\u0131 teyit etmekte ve bu m\u00fclk, T\u00fcrk vatanda\u015fl\u0131\u011f\u0131 alma hakk\u0131n\u0131 sa\u011flamaktad\u0131r.<\/li>\n<li>Avukat, vekaletname kullanarak yat\u0131r\u0131mc\u0131ya oturma izni verir.<\/li>\n<li>Yat\u0131r\u0131mc\u0131ya T\u00fcrk vatanda\u015fl\u0131\u011f\u0131n\u0131n verilmesi durumunu dikkate almas\u0131 i\u00e7in bir belge paketi verilir. Vakaya, de\u011ferlendirmenin mevcut a\u015famas\u0131n\u0131 takip etmenize olanak tan\u0131yan bir numara atan\u0131r.<\/li>\n<li>3-6 ay sonra Cumhurba\u015fkan\u0131, yat\u0131r\u0131mc\u0131ya T\u00fcrk vatanda\u015fl\u0131\u011f\u0131 veren bir kararnameyi imzal\u0131yor.<\/li>\n<li>Yeni T\u00fcrkiye Cumhuriyeti vatanda\u015f\u0131na kimlik kart\u0131 ve pasaport verilir. Tamamlanan T\u00fcrk pasaportlar\u0131n\u0131n as\u0131llar\u0131, ikamet izni ba\u015fvurusu s\u0131ras\u0131nda belirtilen posta kutusuna posta yoluyla teslim edilir.<\/li>\n<\/ol>\n<h3 style=\"text-align: center;\">T\u00fcrk vatanda\u015fl\u0131\u011f\u0131n\u0131n kazan\u0131lmas\u0131 i\u00e7in gerekli belgelerden olu\u015fan bir paket<\/h3>\n<p style=\"text-align: justify;\">\u2014 Vatanda\u015fl\u0131k ba\u015fvurusunda bulunanlar\u0131n pasaportlar\u0131 ve terc\u00fcmeleri. Yani yat\u0131r\u0131mc\u0131 - m\u00fclk\u00fcn ad\u0131na kay\u0131tl\u0131 oldu\u011fu ki\u015fi, e\u015fi ve re\u015fit olmayan \u00e7ocuklar\u0131;<\/p>\n<p style=\"text-align: justify;\">\u2014 Vatanda\u015fl\u0131k ba\u015fvurusunda bulunan t\u00fcm adaylar\u0131n do\u011fum belgeleri. Belgelerin apostil edilmi\u015f ve T\u00fcrk\u00e7eye \u00e7evrilmi\u015f olmas\u0131 gerekmektedir;<\/p>\n<p style=\"text-align: justify;\">\u2014 Evlilik belgesi. Ayr\u0131ca apostil ve T\u00fcrk\u00e7e terc\u00fcmesi de mevcuttur;<\/p>\n<p style=\"text-align: justify;\">\u2014 12 adet biyometrik foto\u011fraf;<\/p>\n<p>-Sa\u011fl\u0131k sigortas\u0131;<\/p>\n<p style=\"text-align: justify;\">\u2014 T\u00fcrk\u00e7e terc\u00fcmesiyle birlikte aile yap\u0131s\u0131n\u0131 g\u00f6steren belge;<\/p>\n<p>\u2014 Birden fazla \u00fclkenin vatanda\u015fl\u0131\u011f\u0131na sahip ki\u015filerin, vatanda\u015f\u0131 olduklar\u0131 t\u00fcm \u00fclkelerin pasaportlar\u0131n\u0131n kopyalar\u0131n\u0131 ibraz etmeleri gerekmektedir;<\/p>\n<p style=\"text-align: justify;\">\u2014 Ba\u015fvuru sahibinin vatanda\u015fl\u0131k \u00fclkesinden, 16 ya\u015f \u00fcst\u00fc t\u00fcm aile \u00fcyeleri i\u00e7in sab\u0131ka kayd\u0131 bulunmad\u0131\u011f\u0131na dair belge gereklidir. Ba\u015fka bir \u00fclkede ikamet ediliyorsa, ba\u015fvuru sahibinin ikamet etti\u011fi \u00fclkeden de sab\u0131ka kayd\u0131 bulunmad\u0131\u011f\u0131na dair belge gereklidir.<\/p>\n<p style=\"text-align: justify;\">Uptrendhomes&#039;ta yat\u0131r\u0131m program\u0131 yoluyla vatanda\u015fl\u0131k edinme s\u00fcreci m\u00fckemmel \u015fekilde d\u00fczenlenmi\u015f ve optimize edilmi\u015f bir s\u00fcre\u00e7tir. Uzmanlar\u0131m\u0131z t\u00fcm b\u00fcrokratik prosed\u00fcrlerle ilgilenerek yat\u0131r\u0131mc\u0131lar\u0131n zamandan, emekten ve paradan tasarruf etmesini sa\u011flar. Vatanda\u015fl\u0131k alma niyetinizi ve gayrimenkul sat\u0131n almak i\u00e7in gerekli miktara sahip oldu\u011funuzu acenteye bildirmeniz yeterli olup, belge haz\u0131rlaman\u0131n t\u00fcm a\u015famalar\u0131 deneyimli uzmanlar\u0131n kontrol\u00fcnde ger\u00e7ekle\u015ftirilecektir.<\/p>\n<div class=\"video-container\"><iframe title=\"T\u00fcrk vatanda\u015fl\u0131\u011f\u0131. Neden gerekli? Bilmeniz gerekenler neler?\" width=\"1200\" height=\"675\" src=\"https:\/\/www.youtube.com\/embed\/5DDfBEGuvGI?feature=oembed\" frameborder=\"0\" allow=\"accelerometer; autoplay; clipboard-write; encrypted-media; gyroscope; picture-in-picture; web-share\" referrerpolicy=\"strict-origin-when-cross-origin\" allowfullscreen><\/iframe><\/div>","protected":false},"excerpt":{"rendered":"<p>T\u00fcrk vatanda\u015fl\u0131\u011f\u0131 nas\u0131l al\u0131n\u0131r ve ne sa\u011flar? T\u00fcrk vatanda\u015fl\u0131\u011f\u0131, T\u00fcrkiye&#039;de sa\u011fl\u0131k hizmetlerine ve sosyal yard\u0131mlara eri\u015fim, Avrupa veya Amerikan bankalar\u0131nda kolayca \u015firket ve hesap a\u00e7ma imk\u00e2n\u0131 gibi \u00e7ok \u00e7e\u015fitli ayr\u0131cal\u0131klar sunar. Ayr\u0131ca, T\u00fcrk pasaportu 118 \u00fclkeye vizesiz giri\u015f imkan\u0131 ve Amerika Birle\u015fik Devletleri veya B\u00fcy\u00fck Britanya&#039;ya vize alma prosed\u00fcr\u00fcn\u00fc basitle\u015ftirir. T\u00fcrk vatanda\u015fl\u0131\u011f\u0131 nas\u0131l al\u0131n\u0131r? Gayrimenkul yat\u0131r\u0131m\u0131...<\/p>","protected":false},"author":13,"featured_media":0,"parent":0,"menu_order":0,"comment_status":"closed","ping_status":"closed","template":"","meta":{"_acf_changed":false,"om_disable_all_campaigns":false,"inline_featured_image":false,"_monsterinsights_skip_tracking":false,"_monsterinsights_sitenote_active":false,"_monsterinsights_sitenote_note":"","_monsterinsights_sitenote_category":0,"footnotes":""},"class_list":["post-31280","page","type-page","status-publish","hentry"],"acf":[],"aioseo_notices":[],"_links":{"self":[{"href":"https:\/\/uptrendhomesgroup.com\/tr\/wp-json\/wp\/v2\/pages\/31280","targetHints":{"allow":["GET"]}}],"collection":[{"href":"https:\/\/uptrendhomesgroup.com\/tr\/wp-json\/wp\/v2\/pages"}],"about":[{"href":"https:\/\/uptrendhomesgroup.com\/tr\/wp-json\/wp\/v2\/types\/page"}],"author":[{"embeddable":true,"href":"https:\/\/uptrendhomesgroup.com\/tr\/wp-json\/wp\/v2\/users\/13"}],"replies":[{"embeddable":true,"href":"https:\/\/uptrendhomesgroup.com\/tr\/wp-json\/wp\/v2\/comments?post=31280"}],"version-history":[{"count":58,"href":"https:\/\/uptrendhomesgroup.com\/tr\/wp-json\/wp\/v2\/pages\/31280\/revisions"}],"predecessor-version":[{"id":41430,"href":"https:\/\/uptrendhomesgroup.com\/tr\/wp-json\/wp\/v2\/pages\/31280\/revisions\/41430"}],"wp:attachment":[{"href":"https:\/\/uptrendhomesgroup.com\/tr\/wp-json\/wp\/v2\/media?parent=31280"}],"curies":[{"name":"wp","href":"https:\/\/api.w.org\/{rel}","templated":true}]}}