{"id":31313,"date":"2023-10-05T01:44:28","date_gmt":"2023-10-04T22:44:28","guid":{"rendered":"https:\/\/uptrendhomesgroup.com\/?page_id=31313"},"modified":"2026-01-12T19:47:57","modified_gmt":"2026-01-12T16:47:57","slug":"gayrimenkul-satin-alma-sureci","status":"publish","type":"page","link":"https:\/\/uptrendhomesgroup.com\/tr\/gayrimenkul-satin-alma-sureci\/","title":{"rendered":"Gayrimenkul sat\u0131n alma s\u00fcreci"},"content":{"rendered":"<p dir=\"auto\" style=\"text-align: justify;\"><img fetchpriority=\"high\" decoding=\"async\" class=\"wp-image-40875 alignleft\" src=\"https:\/\/uptrendhomesgroup.com\/wp-content\/uploads\/2026\/01\/img_5064-819x1024.jpg\" alt=\"\" width=\"428\" height=\"535\" srcset=\"https:\/\/uptrendhomesgroup.com\/wp-content\/uploads\/2026\/01\/img_5064-819x1024.jpg 819w, https:\/\/uptrendhomesgroup.com\/wp-content\/uploads\/2026\/01\/img_5064-240x300.jpg 240w, https:\/\/uptrendhomesgroup.com\/wp-content\/uploads\/2026\/01\/img_5064-768x960.jpg 768w, https:\/\/uptrendhomesgroup.com\/wp-content\/uploads\/2026\/01\/img_5064-1229x1536.jpg 1229w, https:\/\/uptrendhomesgroup.com\/wp-content\/uploads\/2026\/01\/img_5064-10x12.jpg 10w, https:\/\/uptrendhomesgroup.com\/wp-content\/uploads\/2026\/01\/img_5064.jpg 1440w\" sizes=\"(max-width: 428px) 100vw, 428px\" \/>Merhaba! Benim ad\u0131m Julia, UpTrendHomes emlak acentesinin ba\u015fkan\u0131y\u0131m. \u015eirketimiz uzun y\u0131llard\u0131r itibar\u0131n\u0131 korumak i\u00e7in \u00e7al\u0131\u015f\u0131yor. Bu nedenle t\u00fcm m\u00fc\u015fterilerimiz sadece arkada\u015f\u0131m\u0131z de\u011fil, ayn\u0131 zamanda b\u00fcy\u00fck ailemizin bir par\u00e7as\u0131 oluyor. Sizi de ailemizin bir par\u00e7as\u0131 olmaya davet ediyorum!<\/p>\n<p dir=\"auto\" style=\"text-align: justify;\">Deneyimli bir y\u00f6neticiden profesyonel tavsiye almak isterseniz, ekranda belirtilen numaray\u0131 aray\u0131n.<\/p>\n<p dir=\"auto\" style=\"text-align: justify;\">Bug\u00fcn, sorular\u0131n\u0131z\u0131 yan\u0131tlayaca\u011f\u0131m yeni bir seriye ba\u015fl\u0131yoruz. Alt\u0131 y\u0131l\u0131 a\u015fk\u0131n s\u00fcredir emlak sekt\u00f6r\u00fcnde \u00e7al\u0131\u015f\u0131yorum, geni\u015f bir deneyime sahibim ve bilgilerimi sizinle payla\u015fmaktan mutluluk duyuyorum.<\/p>\n<p dir=\"auto\" style=\"text-align: justify;\">Bug\u00fcn\u00fcn konusu: T\u00fcrkiye&#039;de gayrimenkul sat\u0131n alma s\u00fcreci A&#039;dan Z&#039;ye nas\u0131l i\u015fliyor? Ajans\u0131m\u0131zla ileti\u015fime ge\u00e7ti\u011finizden ba\u015flayal\u0131m. \u0130lk g\u00f6r\u00fc\u015fmede, y\u00f6neticimiz sat\u0131n alma s\u00fcrecinden beklentilerinizi ve hedeflerinizi anlamaya \u00e7al\u0131\u015facak ve ayr\u0131ca size emlak piyasas\u0131n\u0131n mevcut durumu hakk\u0131nda bilgi verecektir. Y\u00f6netici, ihtiya\u00e7lar\u0131n\u0131z ve istekleriniz hakk\u0131nda sorular sorarak sizin i\u00e7in uygun se\u00e7enekleri belirlemeye ba\u015flayacakt\u0131r.<\/p>\n<p style=\"text-align: justify;\"><img decoding=\"async\" class=\"wp-image-40889 alignright\" src=\"https:\/\/uptrendhomesgroup.com\/wp-content\/uploads\/2026\/01\/463171fa-ce69-4b34-868b-2150df1d4808-684x1024.jpg\" alt=\"\" width=\"471\" height=\"705\" srcset=\"https:\/\/uptrendhomesgroup.com\/wp-content\/uploads\/2026\/01\/463171fa-ce69-4b34-868b-2150df1d4808-684x1024.jpg 684w, https:\/\/uptrendhomesgroup.com\/wp-content\/uploads\/2026\/01\/463171fa-ce69-4b34-868b-2150df1d4808-200x300.jpg 200w, https:\/\/uptrendhomesgroup.com\/wp-content\/uploads\/2026\/01\/463171fa-ce69-4b34-868b-2150df1d4808-768x1151.jpg 768w, https:\/\/uptrendhomesgroup.com\/wp-content\/uploads\/2026\/01\/463171fa-ce69-4b34-868b-2150df1d4808-1025x1536.jpg 1025w, https:\/\/uptrendhomesgroup.com\/wp-content\/uploads\/2026\/01\/463171fa-ce69-4b34-868b-2150df1d4808-8x12.jpg 8w, https:\/\/uptrendhomesgroup.com\/wp-content\/uploads\/2026\/01\/463171fa-ce69-4b34-868b-2150df1d4808.jpg 1068w\" sizes=\"(max-width: 471px) 100vw, 471px\" \/><\/p>\n<p>&nbsp;<\/p>\n<p style=\"text-align: justify;\">Y\u00f6netici size se\u00e7enekler g\u00f6nderir, siz de bunlar\u0131 inceler, yorum yapar, isteklerinizi belirtir, Alanya emlak piyasas\u0131 hakk\u0131nda daha fazla bilgi edinir ve ihtiya\u00e7lar\u0131n\u0131z\u0131 daha iyi anlars\u0131n\u0131z. Bu a\u015famada y\u00f6neticiyle diyalog kurmak \u00e7ok \u00f6nemlidir. Se\u00e7eneklere yorum yapmadan sadece g\u00f6z atarsan\u0131z, y\u00f6neticinin size neyin uygun oldu\u011funu anlamas\u0131 zor olacakt\u0131r. Bu nedenle sizden ricam: Y\u00f6netici size se\u00e7enekler g\u00f6nderirken, m\u00fclk\u00fc be\u011fenip be\u011fenmedi\u011finizi, fiyat\u0131n uygun olup olmad\u0131\u011f\u0131n\u0131, taksitli \u00f6deme isteyip istemedi\u011finizi mutlaka belirtin. M\u00fcmk\u00fcn oldu\u011funca ayr\u0131nt\u0131l\u0131 yorum yap\u0131n, sorular sorun; bu, se\u00e7im s\u00fcrecinde zaman kazanman\u0131za yard\u0131mc\u0131 olacakt\u0131r. Y\u00f6netici tercihlerinizi daha iyi anlayacak ve birlikte ideal se\u00e7ene\u011fi h\u0131zla bulacaks\u0131n\u0131z.<\/p>\n<p dir=\"auto\" style=\"text-align: justify;\">Ard\u0131ndan, genellikle bir tan\u0131\u015fma turu gelir. Biletlerinizi sat\u0131n al\u0131p var\u0131\u015f tarihlerinizi bildirirsiniz. Havaalan\u0131nda bir kar\u015f\u0131lama, Alanya&#039;daki dairelerde konaklama, \u015fehri tan\u0131tma, isteklerinize ve b\u00fct\u00e7enize uygun konutlar\u0131 g\u00f6sterme ve se\u00e7im yapman\u0131za yard\u0131mc\u0131 olma gibi hizmetler sunar\u0131z.<\/p>\n<p dir=\"auto\" style=\"text-align: justify;\">M\u00fclk\u00fc se\u00e7tikten sonra, gayrimenkul sat\u0131n al\u0131m\u0131 i\u00e7in \u00fc\u00e7l\u00fc bir s\u00f6zle\u015fme haz\u0131rl\u0131yoruz. S\u00f6zle\u015fmenin taraflar\u0131 al\u0131c\u0131 (yani siz), sat\u0131c\u0131 ve t\u00fcm ko\u015fullara uyulmas\u0131n\u0131 garanti eden acentemizdir. S\u00f6zle\u015fme Rus\u00e7a ve T\u00fcrk\u00e7e olarak d\u00fczenlenir. M\u00fclk\u00fcn bedeli belirtilir ve ayr\u0131ca s\u00f6zle\u015fme imzaland\u0131ktan sonra fiyat\u0131n de\u011fi\u015ftirilemeyece\u011fi belirtilir. Daire taksitle sat\u0131n al\u0131n\u0131rsa, bir \u00f6deme plan\u0131 belirtilir. Daire e\u015fyal\u0131ysa, s\u00f6zle\u015fmede kalan e\u015fyalar\u0131n bir listesi belirtilir. Bu s\u00f6zle\u015fme, \u00e7\u0131karlar\u0131n\u0131z\u0131 m\u00fcmk\u00fcn oldu\u011funca korur.<\/p>\n<p dir=\"auto\" style=\"text-align: justify;\"><img decoding=\"async\" class=\"wp-image-40890 alignleft\" src=\"https:\/\/uptrendhomesgroup.com\/wp-content\/uploads\/2026\/01\/cf15b701-d1f7-44d6-af57-9a9b9aebead8-684x1024.jpg\" alt=\"\" width=\"502\" height=\"751\" srcset=\"https:\/\/uptrendhomesgroup.com\/wp-content\/uploads\/2026\/01\/cf15b701-d1f7-44d6-af57-9a9b9aebead8-684x1024.jpg 684w, https:\/\/uptrendhomesgroup.com\/wp-content\/uploads\/2026\/01\/cf15b701-d1f7-44d6-af57-9a9b9aebead8-200x300.jpg 200w, https:\/\/uptrendhomesgroup.com\/wp-content\/uploads\/2026\/01\/cf15b701-d1f7-44d6-af57-9a9b9aebead8-768x1151.jpg 768w, https:\/\/uptrendhomesgroup.com\/wp-content\/uploads\/2026\/01\/cf15b701-d1f7-44d6-af57-9a9b9aebead8-1025x1536.jpg 1025w, https:\/\/uptrendhomesgroup.com\/wp-content\/uploads\/2026\/01\/cf15b701-d1f7-44d6-af57-9a9b9aebead8-8x12.jpg 8w, https:\/\/uptrendhomesgroup.com\/wp-content\/uploads\/2026\/01\/cf15b701-d1f7-44d6-af57-9a9b9aebead8.jpg 1068w\" sizes=\"(max-width: 502px) 100vw, 502px\" \/>Gayrimenkul tescili i\u00e7in sadece bir pasaport ve iki renkli foto\u011frafa ihtiyac\u0131n\u0131z var. Pasaportunuza dayanarak sizin ad\u0131n\u0131za bir T\u00fcrk Vergi Kimlik Numaras\u0131 (VKN) al\u0131yoruz ve ard\u0131ndan belgeleri kadastro m\u00fcd\u00fcrl\u00fc\u011f\u00fcne teslim edebilirsiniz. G\u00fcn\u00fcm\u00fczde belgelerin tescili iki ila \u00fc\u00e7 hafta s\u00fcr\u00fcyor. Tescil s\u0131ras\u0131nda haz\u0131r bulunabilir veya vekaletname d\u00fczenleyerek t\u00fcm belgeleri sizin ad\u0131n\u0131za uzaktan tescil ettirebilirsiniz.<\/p>\n<h3 dir=\"auto\" style=\"text-align: justify;\">Evraklar\u0131n i\u00e7eri\u011finde neler yer al\u0131yor?<\/h3>\n<p dir=\"auto\" style=\"text-align: justify;\">Yabanc\u0131larla yap\u0131lan i\u015flemlerde gayrimenkul de\u011ferleme raporu sipari\u015f etmek ve almak zorunlu bir gerekliliktir. Ard\u0131ndan, tapuyu (tapu senedi) sizin ad\u0131n\u0131za d\u00fczenleyip al\u0131yoruz. Ayr\u0131ca, emlak vergilerinin sizin ad\u0131n\u0131za hesaplanmas\u0131 ve su ve elektrik faturalar\u0131n\u0131n size devredilmesi i\u00e7in belgeleri belediyeye kaydediyoruz. Gerekirse, daire i\u00e7in teknik pasaport da al\u0131yoruz.<\/p>\n<p dir=\"auto\" style=\"text-align: justify;\">\u0130\u015flemin t\u00fcm a\u015famalar\u0131nda size e\u015flik ediyor ve t\u00fcm safl\u0131\u011f\u0131yla g\u00fcvence veriyoruz. \u015eirketimizin kendi hukuk departman\u0131 bulundu\u011fundan, i\u015flem deste\u011fi tamamen \u00fccretsizdir.<\/p>\n<p dir=\"auto\" style=\"text-align: justify;\">\u0130n\u015faat a\u015famas\u0131nda bir m\u00fclk sat\u0131n al\u0131yorsan\u0131z veya foto\u011fraf ve videolara bak\u0131p hayallerinizdeki daireyi veya villay\u0131 buldu\u011funuzu fark ettiyseniz ve onu ka\u00e7\u0131rmaktan korkuyorsan\u0131z, online rezervasyon s\u00f6zle\u015fmesi yapabiliriz. Bu s\u00f6zle\u015fme, m\u00fclk\u00fc rezerve etmenizi, kapora \u00f6demenizi ve dairenin veya villan\u0131n sizin geli\u015finizi bekleyece\u011fini ve ba\u015fka bir al\u0131c\u0131ya sat\u0131lmayaca\u011f\u0131n\u0131 garanti eder.<\/p>\n<p dir=\"auto\" style=\"text-align: justify;\">M\u00fclk\u00fcn fiili tescili i\u00e7in geliyorsunuz. Tatilinizi ve m\u00fclk sat\u0131n alma i\u015fleminizi birle\u015ftirebilece\u011finizi belirtmek isterim. Tescil i\u015flemi uzun s\u00fcre orada bulunman\u0131z\u0131 gerektirmez. T\u00fcm belgeleri tamamlamak i\u00e7in sadece \u00fc\u00e7 saatinize ihtiyac\u0131m\u0131z var. Geri kalan zamanlarda t\u00fcm prosed\u00fcrleri kendimiz hallediyoruz: yetkililere gidiyoruz, s\u0131ra bekliyoruz. B\u00f6ylece bize \u00fc\u00e7 saat ay\u0131r\u0131yorsunuz ve geri kalan zamanda tatilinizin, denizin, g\u00fcne\u015fin ve \u015fehrin misafirperverli\u011finin tad\u0131n\u0131 \u00e7\u0131karabiliyorsunuz.<\/p>\n<div class=\"video-container\"><iframe title=\"\u041f\u0440\u043e\u0446\u0435\u0441\u0441 \u043f\u043e\u043a\u0443\u043f\u043a\u0438 \u043d\u0435\u0434\u0432\u0438\u0436\u0438\u043c\u043e\u0441\u0442\u0438 \u0432 \u043a\u043e\u043c\u043f\u0430\u043d\u0438\u0438 Uptrend Homes \u043e\u0442 \u0410 \u0434\u043e \u042f\" width=\"1200\" height=\"675\" src=\"https:\/\/www.youtube.com\/embed\/Y0UAQnrfpac?feature=oembed\" frameborder=\"0\" allow=\"accelerometer; autoplay; clipboard-write; encrypted-media; gyroscope; picture-in-picture; web-share\" referrerpolicy=\"strict-origin-when-cross-origin\" allowfullscreen><\/iframe><\/div>","protected":false},"excerpt":{"rendered":"<p>Merhaba! Benim ad\u0131m Julia, UpTrendHomes emlak acentesinin ba\u015fkan\u0131y\u0131m. \u015eirketimiz uzun y\u0131llard\u0131r itibar\u0131n\u0131 korumak i\u00e7in \u00e7al\u0131\u015f\u0131yor. Bu nedenle t\u00fcm m\u00fc\u015fterilerimiz sadece arkada\u015f\u0131m\u0131z de\u011fil, ayn\u0131 zamanda b\u00fcy\u00fck ailemizin bir par\u00e7as\u0131 oluyor. Sizi de ailemizin bir par\u00e7as\u0131 olmaya davet ediyorum! Deneyimli bir y\u00f6neticiden profesyonel tavsiye almak istiyorsan\u0131z, ekranda belirtilen numaray\u0131 aray\u0131n. Bug\u00fcn yeni bir k\u00f6\u015fe yaz\u0131s\u0131na ba\u015fl\u0131yoruz...<\/p>","protected":false},"author":13,"featured_media":0,"parent":0,"menu_order":0,"comment_status":"closed","ping_status":"closed","template":"","meta":{"_acf_changed":false,"om_disable_all_campaigns":false,"inline_featured_image":false,"_monsterinsights_skip_tracking":false,"_monsterinsights_sitenote_active":false,"_monsterinsights_sitenote_note":"","_monsterinsights_sitenote_category":0,"footnotes":""},"class_list":["post-31313","page","type-page","status-publish","hentry"],"acf":[],"aioseo_notices":[],"_links":{"self":[{"href":"https:\/\/uptrendhomesgroup.com\/tr\/wp-json\/wp\/v2\/pages\/31313","targetHints":{"allow":["GET"]}}],"collection":[{"href":"https:\/\/uptrendhomesgroup.com\/tr\/wp-json\/wp\/v2\/pages"}],"about":[{"href":"https:\/\/uptrendhomesgroup.com\/tr\/wp-json\/wp\/v2\/types\/page"}],"author":[{"embeddable":true,"href":"https:\/\/uptrendhomesgroup.com\/tr\/wp-json\/wp\/v2\/users\/13"}],"replies":[{"embeddable":true,"href":"https:\/\/uptrendhomesgroup.com\/tr\/wp-json\/wp\/v2\/comments?post=31313"}],"version-history":[{"count":49,"href":"https:\/\/uptrendhomesgroup.com\/tr\/wp-json\/wp\/v2\/pages\/31313\/revisions"}],"predecessor-version":[{"id":40982,"href":"https:\/\/uptrendhomesgroup.com\/tr\/wp-json\/wp\/v2\/pages\/31313\/revisions\/40982"}],"wp:attachment":[{"href":"https:\/\/uptrendhomesgroup.com\/tr\/wp-json\/wp\/v2\/media?parent=31313"}],"curies":[{"name":"wp","href":"https:\/\/api.w.org\/{rel}","templated":true}]}}