{"id":31319,"date":"2023-10-05T01:45:25","date_gmt":"2023-10-04T22:45:25","guid":{"rendered":"https:\/\/uptrendhomesgroup.com\/?page_id=31319"},"modified":"2026-01-13T16:34:09","modified_gmt":"2026-01-13T13:34:09","slug":"gayrimenkul-odeme-yontemleri","status":"publish","type":"page","link":"https:\/\/uptrendhomesgroup.com\/tr\/gayrimenkul-odeme-yontemleri\/","title":{"rendered":"Gayrimenkul i\u00e7in \u00f6deme y\u00f6ntemleri"},"content":{"rendered":"<p style=\"text-align: justify;\"><img fetchpriority=\"high\" decoding=\"async\" class=\"wp-image-41130 alignleft\" src=\"https:\/\/uptrendhomesgroup.com\/wp-content\/uploads\/2026\/01\/flagi-684x1024.jpg\" alt=\"\" width=\"533\" height=\"798\" srcset=\"https:\/\/uptrendhomesgroup.com\/wp-content\/uploads\/2026\/01\/flagi-684x1024.jpg 684w, https:\/\/uptrendhomesgroup.com\/wp-content\/uploads\/2026\/01\/flagi-200x300.jpg 200w, https:\/\/uptrendhomesgroup.com\/wp-content\/uploads\/2026\/01\/flagi-768x1151.jpg 768w, https:\/\/uptrendhomesgroup.com\/wp-content\/uploads\/2026\/01\/flagi-1025x1536.jpg 1025w, https:\/\/uptrendhomesgroup.com\/wp-content\/uploads\/2026\/01\/flagi-8x12.jpg 8w, https:\/\/uptrendhomesgroup.com\/wp-content\/uploads\/2026\/01\/flagi.jpg 1068w\" sizes=\"(max-width: 533px) 100vw, 533px\" \/>T\u00fcrkiye&#039;ye veya Kuzey K\u0131br\u0131s&#039;a ta\u015f\u0131nmay\u0131 m\u0131 planl\u0131yorsunuz? Veya belki de daha sonra yeniden satarak gayrimenkul sat\u0131n alma se\u00e7ene\u011fini d\u00fc\u015f\u00fcn\u00fcyorsunuz? O zaman kesinlikle en \u00fcnl\u00fc ve en s\u0131k kullan\u0131lan \u00f6deme y\u00f6ntemleri hakk\u0131nda bilgiye ihtiyac\u0131n\u0131z olacak.<\/p>\n<h2 style=\"text-align: center;\">banka transferi<\/h2>\n<p style=\"text-align: justify;\">Gayrimenkul sat\u0131n al\u0131rken al\u0131c\u0131, sat\u0131c\u0131 ve acente aras\u0131nda y\u00fck\u00fcml\u00fcl\u00fcklerin yerine getirilmesinin garant\u00f6r\u00fc olarak hareket eden \u00fc\u00e7l\u00fc bir s\u00f6zle\u015fme imzalan\u0131r. Sat\u0131c\u0131n\u0131n s\u00f6zle\u015fmede belirtilen hesab\u0131na para aktarmak i\u00e7in SWIFT uluslararas\u0131 \u00f6deme sistemi kullan\u0131l\u0131r.<\/p>\n<p style=\"text-align: justify;\">T\u00fcm Rus bankalar\u0131n\u0131n SWIFT transferlerini desteklememesine ra\u011fmen bu \u00f6deme y\u00f6ntemi olduk\u00e7a m\u00fcmk\u00fcn olmaya devam ediyor. \u00d6rne\u011fin Raiffeisenbank euro cinsinden SWIFT transfer hizmeti sa\u011fl\u0131yor. Ayr\u0131ca b\u00f6lgesel bankalar da kural olarak \u00f6demeyi ger\u00e7ekle\u015ftirebilir.<\/p>\n<p style=\"text-align: justify;\">Ruble cinsinden transfer yapmak da m\u00fcmk\u00fcnd\u00fcr. Hemen hemen t\u00fcm T\u00fcrk geli\u015ftiricilerin T\u00fcrk bankalar\u0131nda ruble hesaplar\u0131 var ve bu da onlara gayrimenkul sat\u0131n al\u0131rken ruble cinsinden \u00f6deme yapma olana\u011f\u0131 sa\u011fl\u0131yor. Ayn\u0131 \u015fekilde \u00f6rne\u011fin Gazprombank \u00fczerinden hesab\u0131n\u0131za para g\u00f6ndererek T\u00fcrk liras\u0131 cinsinden transfer yapabilirsiniz.<\/p>\n<p style=\"text-align: justify;\">\u00dclkede SWIFT kullan\u0131m\u0131n\u0131n sona ermesi nedeniyle ne yaz\u0131k ki Ukrayna vatanda\u015flar\u0131 transfer yapam\u0131yor. Di\u011fer \u00fclke vatanda\u015flar\u0131 k\u0131s\u0131tlama olmaks\u0131z\u0131n transfer yapmaya devam edebilirler.<\/p>\n<h2 style=\"text-align: center;\">Nakit \u00f6deme<\/h2>\n<p style=\"text-align: justify;\">S\u0131n\u0131r\u0131 ge\u00e7erken her vatanda\u015f\u0131n bildirimde bulunmaks\u0131z\u0131n 10.000 avroya kadar para \u00e7ekme hakk\u0131 bulunuyor. Her ki\u015fi Rusya&#039;dan zorunlu beyanda bulunmaks\u0131z\u0131n 10.000 dolara kadar (veya ba\u015fka bir para birimindeki e\u015fde\u011feri) para \u00e7ekebilir.<\/p>\n<p style=\"text-align: justify;\">Bir m\u00fcteahhitten taksitle gayrimenkul sat\u0131n alan ve s\u0131k s\u0131k seyahat etme imkan\u0131na sahip aileler i\u00e7in, a\u015famal\u0131 olarak para \u00e7ekme i\u015flemi kullan\u0131\u015fl\u0131 ve pratik bir \u00f6deme y\u00f6ntemi haline geliyor.<\/p>\n<h2 style=\"text-align: center;\">G\u00fcvenilir \u015firket temsilcileri arac\u0131l\u0131\u011f\u0131yla<\/h2>\n<p style=\"text-align: justify;\">Bu para transfer y\u00f6ntemi, SWIFT transferlerindeki zorluklar nedeniyle pop\u00fcler hale geldi.<br \/>\nBu, UpTrend Homes&#039;a \u00f6deme yapmak i\u00e7in g\u00fcvenilir, kan\u0131tlanm\u0131\u015f ve kolayla\u015ft\u0131r\u0131lm\u0131\u015f bir y\u00f6ntemdir. Daha \u00f6nce bir d\u00f6viz kuru \u00fczerinde anla\u015farak, d\u00fcnyan\u0131n herhangi bir yerinde euro, dolar veya ba\u015fka bir ulusal para birimi cinsinden nakit kabul ediyoruz. Paray\u0131 ald\u0131ktan sonra makbuz kesiyoruz ve tutar ayn\u0131 g\u00fcn T\u00fcrkiye&#039;ye veya Kuzey K\u0131br\u0131s&#039;a aktar\u0131l\u0131yor. Bu i\u015flemler kesinlikle g\u00fcvenlidir ve y\u00fczlerce ba\u015far\u0131l\u0131 i\u015flemle onaylanarak kusursuz itibar\u0131m\u0131z\u0131 g\u00fc\u00e7lendirir. Bu hizmeti sa\u011flamak i\u00e7in m\u00fctevelli heyetimiz genellikle transfer tutar\u0131n\u0131n 1-2% tutar\u0131nda bir \u00f6d\u00fcl al\u0131r.<\/p>\n<h2 style=\"text-align: center;\">Kripto para<\/h2>\n<p style=\"text-align: justify;\">K\u0131br\u0131s&#039;taki hemen hemen her geli\u015ftiricinin, kripto para birimiyle \u00f6deme kabul eden bir kripto c\u00fczdan\u0131 vard\u0131r. T\u00fcrkiye\u2019de kripto para kullan\u0131m\u0131 hen\u00fcz yayg\u0131n de\u011fil ancak bu konuya basit bir \u00e7\u00f6z\u00fcm\u00fcm\u00fcz var. Kripto c\u00fczdan\u0131 olan g\u00fcvenilir T\u00fcrk partner \u015firketlerle i\u015fbirli\u011fi yap\u0131yoruz. Kripto para transferlerini kabul ediyorlar, nakde \u00e7eviriyorlar ve paray\u0131 \u015firketimize aktar\u0131yorlar. Daha sonra, bu fonlar\u0131 m\u00fclk\u00fc sat\u0131n al\u0131rken geli\u015ftiriciye \u00f6deme yapmak i\u00e7in kullan\u0131yoruz.<a role=\"button\"><br \/>\n<\/a><\/p>","protected":false},"excerpt":{"rendered":"<p>T\u00fcrkiye&#039;ye veya Kuzey K\u0131br\u0131s&#039;a ta\u015f\u0131nmay\u0131 m\u0131 planl\u0131yorsunuz? Ya da belki de daha sonra tekrar satmak \u00fczere bir m\u00fclk sat\u0131n almay\u0131 m\u0131 d\u00fc\u015f\u00fcn\u00fcyorsunuz? \u00d6yleyse, en bilinen ve s\u0131k kullan\u0131lan \u00f6deme y\u00f6ntemleri hakk\u0131ndaki bilgileri kesinlikle faydal\u0131 bulacaks\u0131n\u0131z. Banka Havalesi Bir m\u00fclk sat\u0131n al\u0131rken, al\u0131c\u0131, sat\u0131c\u0131 ve y\u00fck\u00fcml\u00fcl\u00fcklerin yerine getirilmesini garanti eden acente aras\u0131nda \u00fc\u00e7l\u00fc bir s\u00f6zle\u015fme imzalan\u0131r. Uluslararas\u0131 \u00f6deme sistemi SWIFT, paran\u0131n s\u00f6zle\u015fmede belirtilen sat\u0131c\u0131 hesab\u0131na aktar\u0131lmas\u0131 i\u00e7in kullan\u0131l\u0131r. ...<\/p>","protected":false},"author":13,"featured_media":0,"parent":0,"menu_order":0,"comment_status":"closed","ping_status":"closed","template":"","meta":{"_acf_changed":false,"om_disable_all_campaigns":false,"inline_featured_image":false,"_monsterinsights_skip_tracking":false,"_monsterinsights_sitenote_active":false,"_monsterinsights_sitenote_note":"","_monsterinsights_sitenote_category":0,"footnotes":""},"class_list":["post-31319","page","type-page","status-publish","hentry"],"acf":[],"aioseo_notices":[],"_links":{"self":[{"href":"https:\/\/uptrendhomesgroup.com\/tr\/wp-json\/wp\/v2\/pages\/31319","targetHints":{"allow":["GET"]}}],"collection":[{"href":"https:\/\/uptrendhomesgroup.com\/tr\/wp-json\/wp\/v2\/pages"}],"about":[{"href":"https:\/\/uptrendhomesgroup.com\/tr\/wp-json\/wp\/v2\/types\/page"}],"author":[{"embeddable":true,"href":"https:\/\/uptrendhomesgroup.com\/tr\/wp-json\/wp\/v2\/users\/13"}],"replies":[{"embeddable":true,"href":"https:\/\/uptrendhomesgroup.com\/tr\/wp-json\/wp\/v2\/comments?post=31319"}],"version-history":[{"count":52,"href":"https:\/\/uptrendhomesgroup.com\/tr\/wp-json\/wp\/v2\/pages\/31319\/revisions"}],"predecessor-version":[{"id":41133,"href":"https:\/\/uptrendhomesgroup.com\/tr\/wp-json\/wp\/v2\/pages\/31319\/revisions\/41133"}],"wp:attachment":[{"href":"https:\/\/uptrendhomesgroup.com\/tr\/wp-json\/wp\/v2\/media?parent=31319"}],"curies":[{"name":"wp","href":"https:\/\/api.w.org\/{rel}","templated":true}]}}