{"id":31347,"date":"2023-10-05T02:35:34","date_gmt":"2023-10-04T23:35:34","guid":{"rendered":"https:\/\/uptrendhomesgroup.com\/?page_id=31347"},"modified":"2026-01-16T16:35:00","modified_gmt":"2026-01-16T13:35:00","slug":"hakkimizda","status":"publish","type":"page","link":"https:\/\/uptrendhomesgroup.com\/tr\/hakkimizda\/","title":{"rendered":"\u015eirket Hakk\u0131nda"},"content":{"rendered":"<div data-elementor-type=\"wp-page\" data-elementor-id=\"31347\" class=\"elementor elementor-31347\">\n\t\t\t\t\t\t<section class=\"elementor-section elementor-top-section elementor-element elementor-element-a56a898 elementor-section-boxed elementor-section-height-default elementor-section-height-default\" data-id=\"a56a898\" data-element_type=\"section\">\n\t\t\t\t\t\t<div class=\"elementor-container elementor-column-gap-default\">\n\t\t\t\t\t<div class=\"elementor-column elementor-col-100 elementor-top-column elementor-element elementor-element-01d3b1f\" data-id=\"01d3b1f\" data-element_type=\"column\">\n\t\t\t<div class=\"elementor-widget-wrap elementor-element-populated\">\n\t\t\t\t\t\t<div class=\"elementor-element elementor-element-b0e8b76 elementor-widget elementor-widget-text-editor\" data-id=\"b0e8b76\" data-element_type=\"widget\" data-widget_type=\"text-editor.default\">\n\t\t\t\t<div class=\"elementor-widget-container\">\n\t\t\t<style>\/*! elementor - v3.20.0 - 13-03-2024 *\/\n.elementor-widget-text-editor.elementor-drop-cap-view-stacked .elementor-drop-cap{background-color:#69727d;color:#fff}.elementor-widget-text-editor.elementor-drop-cap-view-framed .elementor-drop-cap{color:#69727d;border:3px solid;background-color:transparent}.elementor-widget-text-editor:not(.elementor-drop-cap-view-default) .elementor-drop-cap{margin-top:8px}.elementor-widget-text-editor:not(.elementor-drop-cap-view-default) .elementor-drop-cap-letter{width:1em;height:1em}.elementor-widget-text-editor .elementor-drop-cap{float:left;text-align:center;line-height:1;font-size:50px}.elementor-widget-text-editor .elementor-drop-cap-letter{display:inline-block}<\/style>\t\t\t\t<p>UPTREND HOMES \u015firketi, T\u00fcrkiye&#039;nin Alanya \u015fehrinde konut ve ticari gayrimenkul sat\u0131\u015f\u0131 ve y\u00f6netimi alan\u0131nda faaliyet g\u00f6stermektedir. Lisansl\u0131 bir aile \u015firketi olan UPTREND HOMES, sundu\u011fu hizmetin kalitesi ve m\u00fc\u015fterilerine kar\u015f\u0131 g\u00fcler y\u00fczl\u00fc yakla\u015f\u0131m\u0131 konusunda y\u00fcksek taleplere sahiptir. Bireysel yakla\u015f\u0131ma ve insan ili\u015fkilerine de\u011fer veren ki\u015filer i\u00e7in \u00e7al\u0131\u015f\u0131yoruz. Ak\u0131\u015f\u0131na g\u00f6re \u00e7al\u0131\u015fm\u0131yoruz; m\u00fc\u015fterilerimiz bizim i\u00e7in her \u015feyden \u00f6nce, hem t\u00fcm i\u015flem s\u00fcreci boyunca hem de sat\u0131n alma sonras\u0131nda dostane ili\u015fkilere ve yard\u0131m etme iste\u011fimize g\u00fcvenebilecekleri dostlar\u0131m\u0131zd\u0131r.<\/p>\t\t\t\t\t\t<\/div>\n\t\t\t\t<\/div>\n\t\t\t\t\t<\/div>\n\t\t<\/div>\n\t\t\t\t\t<\/div>\n\t\t<\/section>\n\t\t\t\t<\/div>","protected":false},"excerpt":{"rendered":"<p>\u041a\u043e\u043c\u043f\u0430\u043d\u0438\u044f UPTREND HOMES \u0437\u0430\u043d\u0438\u043c\u0430\u0435\u0442\u0441\u044f \u043f\u0440\u043e\u0434\u0430\u0436\u0435\u0439 \u0438 \u0443\u043f\u0440\u0430\u0432\u043b\u0435\u043d\u0438\u0435\u043c \u0436\u0438\u043b\u043e\u0439 \u0438 \u043a\u043e\u043c\u043c\u0435\u0440\u0447\u0435\u0441\u043a\u043e\u0439 \u043d\u0435\u0434\u0432\u0438\u0436\u0438\u043c\u043e\u0441\u0442\u0438 \u0432 \u0422\u0443\u0440\u0446\u0438\u0438, \u0432 \u0433\u043e\u0440\u043e\u0434\u0435 \u0410\u043b\u0430\u043d\u044c\u044f. \u042d\u0442\u043e \u043b\u0438\u0446\u0435\u043d\u0437\u0438\u0440\u043e\u0432\u0430\u043d\u043d\u043e\u0435 \u0441\u0435\u043c\u0435\u0439\u043d\u043e\u0435 \u0430\u0433\u0435\u043d\u0442\u0441\u0442\u0432\u043e, \u0441 \u0432\u044b\u0441\u043e\u043a\u0438\u043c\u0438 \u0442\u0440\u0435\u0431\u043e\u0432\u0430\u043d\u0438\u044f\u043c\u0438 \u043a \u043a\u0430\u0447\u0435\u0441\u0442\u0432\u0443 \u043f\u0440\u0435\u0434\u043e\u0441\u0442\u0430\u0432\u043b\u044f\u0435\u043c\u043e\u0433\u043e \u0441\u0435\u0440\u0432\u0438\u0441\u0430 \u0438 \u0434\u0440\u0443\u0436\u0435\u0441\u043a\u0438\u043c \u043f\u043e\u0434\u0445\u043e\u0434\u043e\u043c \u043a \u0441\u0432\u043e\u0438\u043c \u043a\u043b\u0438\u0435\u043d\u0442\u0430\u043c. \u041c\u044b \u0440\u0430\u0431\u043e\u0442\u0430\u0435\u043c \u0434\u043b\u044f \u043b\u044e\u0434\u0435\u0439, \u043a\u043e\u0442\u043e\u0440\u044b\u043c \u0432\u0430\u0436\u0435\u043d \u0438\u043d\u0434\u0438\u0432\u0438\u0434\u0443\u0430\u043b\u044c\u043d\u044b\u0439 \u043f\u043e\u0434\u0445\u043e\u0434 \u0438 \u0447\u0435\u043b\u043e\u0432\u0435\u0447\u0435\u0441\u043a\u0438\u0435 \u043e\u0442\u043d\u043e\u0448\u0435\u043d\u0438\u044f. \u041c\u044b \u043d\u0435 \u0440\u0430\u0431\u043e\u0442\u0430\u0435\u043c \u043d\u0430 \u043f\u043e\u0442\u043e\u043a, \u0434\u043b\u044f \u043d\u0430\u0441 \u043d\u0430\u0448\u0438 \u043f\u043e\u043a\u0443\u043f\u0430\u0442\u0435\u043b\u0438 &#8212; \u0432 \u043f\u0435\u0440\u0432\u0443\u044e \u043e\u0447\u0435\u0440\u0435\u0434\u044c \u0434\u0440\u0443\u0437\u044c\u044f, \u043a\u043e\u0442\u043e\u0440\u044b\u0435 \u043c\u043e\u0433\u0443\u0442 \u0440\u0430\u0441\u0441\u0447\u0438\u0442\u044b\u0432\u0430\u0442\u044c \u043d\u0430 \u0434\u0440\u0443\u0436\u0435\u0441\u043a\u0438\u0435 \u043e\u0442\u043d\u043e\u0448\u0435\u043d\u0438\u044f &#8230;<\/p>","protected":false},"author":13,"featured_media":41482,"parent":0,"menu_order":0,"comment_status":"closed","ping_status":"closed","template":"page-about.php","meta":{"_acf_changed":false,"om_disable_all_campaigns":false,"inline_featured_image":false,"_monsterinsights_skip_tracking":false,"_monsterinsights_sitenote_active":false,"_monsterinsights_sitenote_note":"","_monsterinsights_sitenote_category":0,"footnotes":""},"class_list":["post-31347","page","type-page","status-publish","has-post-thumbnail","hentry"],"acf":[],"aioseo_notices":[],"_links":{"self":[{"href":"https:\/\/uptrendhomesgroup.com\/tr\/wp-json\/wp\/v2\/pages\/31347","targetHints":{"allow":["GET"]}}],"collection":[{"href":"https:\/\/uptrendhomesgroup.com\/tr\/wp-json\/wp\/v2\/pages"}],"about":[{"href":"https:\/\/uptrendhomesgroup.com\/tr\/wp-json\/wp\/v2\/types\/page"}],"author":[{"embeddable":true,"href":"https:\/\/uptrendhomesgroup.com\/tr\/wp-json\/wp\/v2\/users\/13"}],"replies":[{"embeddable":true,"href":"https:\/\/uptrendhomesgroup.com\/tr\/wp-json\/wp\/v2\/comments?post=31347"}],"version-history":[{"count":116,"href":"https:\/\/uptrendhomesgroup.com\/tr\/wp-json\/wp\/v2\/pages\/31347\/revisions"}],"predecessor-version":[{"id":41541,"href":"https:\/\/uptrendhomesgroup.com\/tr\/wp-json\/wp\/v2\/pages\/31347\/revisions\/41541"}],"wp:featuredmedia":[{"embeddable":true,"href":"https:\/\/uptrendhomesgroup.com\/tr\/wp-json\/wp\/v2\/media\/41482"}],"wp:attachment":[{"href":"https:\/\/uptrendhomesgroup.com\/tr\/wp-json\/wp\/v2\/media?parent=31347"}],"curies":[{"name":"wp","href":"https:\/\/api.w.org\/{rel}","templated":true}]}}