{"id":31392,"date":"2023-10-05T03:14:06","date_gmt":"2023-10-05T00:14:06","guid":{"rendered":"https:\/\/uptrendhomesgroup.com\/?page_id=31392"},"modified":"2025-08-29T01:04:16","modified_gmt":"2025-08-28T22:04:16","slug":"soru-ve-cevaplar","status":"publish","type":"page","link":"https:\/\/uptrendhomesgroup.com\/tr\/soru-ve-cevaplar\/","title":{"rendered":"Soru ve Cevaplar"},"content":{"rendered":"<section class=\"faq\">\n    <div class=\"n_container\">\n        <!--\n\t\t   * \u041a\u043b\u0430\u0441\u0441 _active \u0443 block__title \u043e\u0442\u0432\u0435\u0447\u0430\u0435\u0442 \u0437\u0430 \u0440\u0430\u0441\u043a\u0440\u044b\u0442\u0438\u0435 (\u0432 \u0434\u0438\u0437\u0430\u0439\u043d\u0435 \u0432\u0438\u0434\u0438\u043c\u043e \u0434\u043b\u044f \u043f\u0440\u0438\u043c\u0435\u0440\u0430 \u0431\u044b\u043b\u0438 \u043e\u0442\u043a\u0440\u044b\u0442\u044b \u0432\u0441\u0435 \u0438\u0437\u043d\u0430\u0447\u0430\u043b\u044c\u043d\u043e)\n\t\t   * \u0410\u0442\u0440\u0438\u0431\u0443\u0442 data-one-spoller \u0437\u0430\u043a\u0440\u044b\u0432\u0430\u0435\u0442 \u043f\u0440\u0435\u0434\u044b\u0434\u0443\u0449\u0438\u0439 \u0431\u043b\u043e\u043a \u043f\u0440\u0438 \u043e\u0442\u043a\u0440\u044b\u0442\u0438\u0438 \u0434\u0440\u0443\u0433\u043e\u0433\u043e, \u0435\u0441\u043b\u0438 \u0431\u0443\u0434\u0435\u0442 \u043d\u0435\u043e\u0431\u0445\u043e\u0434\u0438\u043c\u043e, \u043d\u0443\u0436\u043d\u043e \u0432 \u043a\u0430\u0447\u0435\u0441\u0442\u0432\u0435 \u0434\u043e\u043f\u043e\u043b\u043d\u0435\u043d\u0438\u044f \u0434\u043e\u0431\u0430\u0432\u0438\u0442\u044c \u043a \u0430\u0442\u0440\u0438\u0431\u0443\u0442\u0443 data-spollers\n\t\t-->\n        <div class=\"faq__top\">\n            <h2>Sorular ve <span>cevaplar<\/span><\/h2>\n            <p>UPTREND HOMES \u015eirketleri<\/p>\n        <\/div>\n        <!-- data-one-spoller -->\n        <div data-spollers class=\"block\">\n                                    <div class=\"block__item\">\n                            <button tabindex=\"-1\" type=\"button\" data-spoller class=\"block__title _active\">\n                                UPTREND HOMES hizmetlerinin maliyeti ne kadard\u0131r?                                <span class=\"block__wrap-arrow\">\n                                    <svg width=\"18\" height=\"11\" viewbox=\"0 0 18 11\" fill=\"none\" xmlns=\"http:\/\/www.w3.org\/2000\/svg\">\n                                        <path d=\"M1.88379 9.53027C1.79832 9.6157 1.66636 9.62664 1.56934 9.5625L1.53027 9.53027L1.17676 9.17676C1.09133 9.09133 1.08048 8.95933 1.14453 8.8623L1.17676 8.82324L8.82324 1.17676C8.90868 1.09132 9.04066 1.08043 9.1377 1.14453L9.17676 1.17676L16.8232 8.82324C16.9087 8.9087 16.9196 9.04066 16.8555 9.1377L16.8232 9.17676L16.4697 9.53027C16.3843 9.61569 16.2523 9.62657 16.1553 9.5625L16.1162 9.53027L9 2.41406L1.88379 9.53027Z\" fill=\"#00B6DA\" stroke=\"#00B6DA\" \/>\n                                    <\/svg>\n                                <\/span>\n                            <\/button>\n                            <div class=\"block__text\">\n                                <div class=\"block__content\">\n                                    <p>Firmam\u0131z\u0131n hizmetleri m\u00fc\u015fterilerimiz i\u00e7in \u00fccretsizdir. Geli\u015ftiriciler ve emlak sat\u0131c\u0131lar\u0131 bizimle \u00f6deme yapar.<\/p>\n                                <\/div>\n                            <\/div>\n                        <\/div>\n                                    <div class=\"block__item\">\n                            <button tabindex=\"-1\" type=\"button\" data-spoller class=\"block__title\">\n                                Sat\u0131n almak istiyorum! T\u00fcrkiye&#039;ye u\u00e7mam gerekiyor mu?                                <span class=\"block__wrap-arrow\">\n                                    <svg width=\"18\" height=\"11\" viewbox=\"0 0 18 11\" fill=\"none\" xmlns=\"http:\/\/www.w3.org\/2000\/svg\">\n                                        <path d=\"M1.88379 9.53027C1.79832 9.6157 1.66636 9.62664 1.56934 9.5625L1.53027 9.53027L1.17676 9.17676C1.09133 9.09133 1.08048 8.95933 1.14453 8.8623L1.17676 8.82324L8.82324 1.17676C8.90868 1.09132 9.04066 1.08043 9.1377 1.14453L9.17676 1.17676L16.8232 8.82324C16.9087 8.9087 16.9196 9.04066 16.8555 9.1377L16.8232 9.17676L16.4697 9.53027C16.3843 9.61569 16.2523 9.62657 16.1553 9.5625L16.1162 9.53027L9 2.41406L1.88379 9.53027Z\" fill=\"#00B6DA\" stroke=\"#00B6DA\" \/>\n                                    <\/svg>\n                                <\/span>\n                            <\/button>\n                            <div class=\"block__text\">\n                                <div class=\"block__content\">\n                                    <p>HAYIR. \u015eimdi gelemiyorsan\u0131z ama gayrimenkul sat\u0131n alma konusunda g\u00fc\u00e7l\u00fc bir iste\u011finiz varsa bize g\u00fcvenin! Uzaktan uygun se\u00e7enekleri se\u00e7ece\u011fiz, ilgilenilen konu hakk\u0131nda gerekli videolar\u0131 haz\u0131rlayaca\u011f\u0131z, size t\u00fcm bilgileri g\u00f6nderece\u011fiz ve \u00fc\u00e7l\u00fc bir anla\u015fma g\u00f6nderece\u011fiz. \u00c7al\u0131\u015f\u0131yorsun, s\u00f6zle\u015fmeyi imzalay\u0131p geri g\u00f6nderiyorsun.<\/p>\n<p>S\u00f6zle\u015fmeyi imzalad\u0131ktan sonra \u00f6deme plan\u0131na g\u00f6re \u00f6deme yap\u0131n. T\u00fcm \u00f6demeler yap\u0131ld\u0131ktan sonra, tapuyu tescil ettirmek i\u00e7in birka\u00e7 g\u00fcnl\u00fc\u011f\u00fcne u\u00e7un veya bize bir vekaletname g\u00f6nderin, biz de m\u00fclk\u00fc bir vekaletname kapsam\u0131nda sizin ad\u0131n\u0131za tescil ettirelim.<\/p>\n                                <\/div>\n                            <\/div>\n                        <\/div>\n                                    <div class=\"block__item\">\n                            <button tabindex=\"-1\" type=\"button\" data-spoller class=\"block__title\">\n                                Neden do\u011frudan geli\u015ftiriciden sat\u0131n alm\u0131yorum?                                <span class=\"block__wrap-arrow\">\n                                    <svg width=\"18\" height=\"11\" viewbox=\"0 0 18 11\" fill=\"none\" xmlns=\"http:\/\/www.w3.org\/2000\/svg\">\n                                        <path d=\"M1.88379 9.53027C1.79832 9.6157 1.66636 9.62664 1.56934 9.5625L1.53027 9.53027L1.17676 9.17676C1.09133 9.09133 1.08048 8.95933 1.14453 8.8623L1.17676 8.82324L8.82324 1.17676C8.90868 1.09132 9.04066 1.08043 9.1377 1.14453L9.17676 1.17676L16.8232 8.82324C16.9087 8.9087 16.9196 9.04066 16.8555 9.1377L16.8232 9.17676L16.4697 9.53027C16.3843 9.61569 16.2523 9.62657 16.1553 9.5625L16.1162 9.53027L9 2.41406L1.88379 9.53027Z\" fill=\"#00B6DA\" stroke=\"#00B6DA\" \/>\n                                    <\/svg>\n                                <\/span>\n                            <\/button>\n                            <div class=\"block__text\">\n                                <div class=\"block__content\">\n                                    <p>Geli\u015ftiriciler ve ajanslar ayn\u0131 fiyat listelerine g\u00f6re \u00e7al\u0131\u015f\u0131rlar ve do\u011frudan in\u015faat \u015firketiyle ileti\u015fime ge\u00e7erek emlak\u00e7\u0131dan ald\u0131\u011f\u0131n\u0131z fiyatla ayn\u0131 fiyata sat\u0131n al\u0131rs\u0131n\u0131z. Ancak bir geli\u015ftiriciyle \u00e7al\u0131\u015f\u0131rken kendinizi se\u00e7me hakk\u0131ndan mahrum b\u0131rak\u0131rs\u0131n\u0131z. Kriterlerinizi kar\u015f\u0131layan en karl\u0131 teklifi se\u00e7meniz gerekir ve geli\u015ftirici, ne derse desin, ilgilenen taraft\u0131r ve yaln\u0131zca kendisine tavsiyede bulunacakt\u0131r.<\/p>\n<p>Bizimle \u00e7al\u0131\u015farak t\u00fcm alanlar, ilginizi \u00e7eken nesneler ve in\u015faat \u015firketleri hakk\u0131nda objektif bilgiler alacaks\u0131n\u0131z. Fiyatland\u0131rma politikas\u0131n\u0131, in\u015faat kalitesini, y\u00f6netim \u015firketinin \u00e7al\u0131\u015fmalar\u0131n\u0131 ve ilginizi \u00e7eken her teklifin konumunu g\u00f6r\u00fcp kar\u015f\u0131la\u015ft\u0131rabileceksiniz.<\/p>\n<p>G\u00f6revimiz tam olarak hayalini kurdu\u011funuz, isteklerinize ve olanaklar\u0131n\u0131za uygun, sizi mutlu edecek se\u00e7ene\u011fi bulmakt\u0131r.<\/p>\n                                <\/div>\n                            <\/div>\n                        <\/div>\n                                    <div class=\"block__item\">\n                            <button tabindex=\"-1\" type=\"button\" data-spoller class=\"block__title\">\n                                UPTREND HOMES ile \u00e7al\u0131\u015fman\u0131n avantaj\u0131 nedir?                                <span class=\"block__wrap-arrow\">\n                                    <svg width=\"18\" height=\"11\" viewbox=\"0 0 18 11\" fill=\"none\" xmlns=\"http:\/\/www.w3.org\/2000\/svg\">\n                                        <path d=\"M1.88379 9.53027C1.79832 9.6157 1.66636 9.62664 1.56934 9.5625L1.53027 9.53027L1.17676 9.17676C1.09133 9.09133 1.08048 8.95933 1.14453 8.8623L1.17676 8.82324L8.82324 1.17676C8.90868 1.09132 9.04066 1.08043 9.1377 1.14453L9.17676 1.17676L16.8232 8.82324C16.9087 8.9087 16.9196 9.04066 16.8555 9.1377L16.8232 9.17676L16.4697 9.53027C16.3843 9.61569 16.2523 9.62657 16.1553 9.5625L16.1162 9.53027L9 2.41406L1.88379 9.53027Z\" fill=\"#00B6DA\" stroke=\"#00B6DA\" \/>\n                                    <\/svg>\n                                <\/span>\n                            <\/button>\n                            <div class=\"block__text\">\n                                <div class=\"block__content\">\n                                    <p>Resmi olarak \u00e7al\u0131\u015f\u0131yoruz, gerekli t\u00fcm lisanslar\u0131m\u0131z, izinlerimiz var, kendi ofisimiz var ve Rus\u00e7a konu\u015fuyoruz.<br \/>\nAk\u0131\u015f i\u00e7in \u00e7al\u0131\u015fm\u0131yoruz. Her m\u00fc\u015fteri i\u00e7in yeteneklerine ve isteklerine g\u00f6re bireysel bir se\u00e7im yap\u0131yoruz.<\/p>\n<p>\u015eirketin genel m\u00fcd\u00fcr\u00fc gayrimenkul sekt\u00f6r\u00fcnde 10 y\u0131ldan fazla deneyime sahiptir ve 5 y\u0131l\u0131 a\u015fk\u0131n s\u00fcredir k\u00e2rl\u0131 m\u00fclklere ba\u015far\u0131yla yat\u0131r\u0131m yapmaktad\u0131r. Her m\u00fc\u015fteriyi \u015fahsen tan\u0131yor, yat\u0131r\u0131m konular\u0131nda tavsiyelerde bulunuyor ve i\u015flemi kendisi ger\u00e7ekle\u015ftiriyor.<\/p>\n<p>UPTREND HOMES, geli\u015ftiricilerle ba\u015far\u0131l\u0131 ortakl\u0131klar kuruyor, bu sayede firmam\u0131z\u0131n m\u00fc\u015fterileri \u00f6zel ko\u015fullara sahip oluyor - uzun vadeli taksitler, hediyeler, indirimler.<\/p>\n<p>UPTREND HOMES m\u00fc\u015fterilerinin s\u0131kl\u0131kla piyasa fiyatlar\u0131n\u0131n alt\u0131ndaki fiyatlarla gayrimenkul sat\u0131n almas\u0131 sayesinde acil sat\u0131\u015flara eri\u015fimimiz var.<\/p>\n<p>Ve en \u00f6nemlisi, m\u00fc\u015fterilerimiz bizim dostlar\u0131m\u0131zd\u0131r ve gayrimenkulle ilgili olmayan konularda bile her zaman yard\u0131m ve deste\u011fe g\u00fcvenebilirler. Ailelerle dostlar\u0131z, birlikte eve ta\u015f\u0131nma partileri d\u00fczenliyoruz, tatilleri kutluyoruz ve sizi ailemize kabul ediyoruz.<\/p>\n                                <\/div>\n                            <\/div>\n                        <\/div>\n                    <\/div>\n        <div class=\"faq__bottom\">\n            <h3>Sormak istedi\u011finiz bir \u015fey var m\u0131?<\/h3>\n            <a href=\"#elementor-action%3Aaction%3Dpopup%3Aopen%26settings%3DeyJpZCI6IjMxNDE1IiwidG9nZ2xlIjpmYWxzZX0%3D\" class=\"service-page__button\">Ba\u015fvurunuzu g\u00f6nderin<\/a>\n        <\/div>\n    <\/div>\n<\/section>","protected":false},"excerpt":{"rendered":"","protected":false},"author":13,"featured_media":0,"parent":0,"menu_order":0,"comment_status":"closed","ping_status":"closed","template":"elementor_header_footer","meta":{"_acf_changed":false,"om_disable_all_campaigns":false,"inline_featured_image":false,"_monsterinsights_skip_tracking":false,"_monsterinsights_sitenote_active":false,"_monsterinsights_sitenote_note":"","_monsterinsights_sitenote_category":0,"footnotes":""},"class_list":["post-31392","page","type-page","status-publish","hentry"],"acf":[],"aioseo_notices":[],"_links":{"self":[{"href":"https:\/\/uptrendhomesgroup.com\/tr\/wp-json\/wp\/v2\/pages\/31392","targetHints":{"allow":["GET"]}}],"collection":[{"href":"https:\/\/uptrendhomesgroup.com\/tr\/wp-json\/wp\/v2\/pages"}],"about":[{"href":"https:\/\/uptrendhomesgroup.com\/tr\/wp-json\/wp\/v2\/types\/page"}],"author":[{"embeddable":true,"href":"https:\/\/uptrendhomesgroup.com\/tr\/wp-json\/wp\/v2\/users\/13"}],"replies":[{"embeddable":true,"href":"https:\/\/uptrendhomesgroup.com\/tr\/wp-json\/wp\/v2\/comments?post=31392"}],"version-history":[{"count":58,"href":"https:\/\/uptrendhomesgroup.com\/tr\/wp-json\/wp\/v2\/pages\/31392\/revisions"}],"predecessor-version":[{"id":39130,"href":"https:\/\/uptrendhomesgroup.com\/tr\/wp-json\/wp\/v2\/pages\/31392\/revisions\/39130"}],"wp:attachment":[{"href":"https:\/\/uptrendhomesgroup.com\/tr\/wp-json\/wp\/v2\/media?parent=31392"}],"curies":[{"name":"wp","href":"https:\/\/api.w.org\/{rel}","templated":true}]}}