{"id":31405,"date":"2023-10-05T03:24:05","date_gmt":"2023-10-05T00:24:05","guid":{"rendered":"https:\/\/uptrendhomesgroup.com\/?page_id=31405"},"modified":"2025-08-28T23:11:31","modified_gmt":"2025-08-28T20:11:31","slug":"iletisim","status":"publish","type":"page","link":"https:\/\/uptrendhomesgroup.com\/tr\/iletisim\/","title":{"rendered":"\u0130leti\u015fim"},"content":{"rendered":"<div data-elementor-type=\"wp-page\" data-elementor-id=\"31405\" class=\"elementor elementor-31405\">\n\t\t\t\t\t\t<section class=\"elementor-section elementor-top-section elementor-element elementor-element-9900013 elementor-section-full_width elementor-section-height-default elementor-section-height-default\" data-id=\"9900013\" data-element_type=\"section\" data-settings=\"{&quot;background_background&quot;:&quot;classic&quot;}\">\n\t\t\t\t\t\t<div class=\"elementor-container elementor-column-gap-default\">\n\t\t\t\t\t<div class=\"elementor-column elementor-col-100 elementor-top-column elementor-element elementor-element-988c80a\" data-id=\"988c80a\" data-element_type=\"column\">\n\t\t\t<div class=\"elementor-widget-wrap\">\n\t\t\t\t\t\t\t<\/div>\n\t\t<\/div>\n\t\t\t\t\t<\/div>\n\t\t<\/section>\n\t\t\t\t<section class=\"elementor-section elementor-top-section elementor-element elementor-element-018f6e0 elementor-section-boxed elementor-section-height-default elementor-section-height-default\" data-id=\"018f6e0\" data-element_type=\"section\">\n\t\t\t\t\t\t<div class=\"elementor-container elementor-column-gap-default\">\n\t\t\t\t\t<div class=\"elementor-column elementor-col-100 elementor-top-column elementor-element elementor-element-3938b71\" data-id=\"3938b71\" data-element_type=\"column\">\n\t\t\t<div class=\"elementor-widget-wrap elementor-element-populated\">\n\t\t\t\t\t\t<div class=\"elementor-element elementor-element-ea43367 elementor-widget elementor-widget-shortcode\" data-id=\"ea43367\" data-element_type=\"widget\" data-widget_type=\"shortcode.default\">\n\t\t\t\t<div class=\"elementor-widget-container\">\n\t\t\t\t\t<div class=\"elementor-shortcode\"><section class=\"how-to-find-us\">\n        <div class=\"n_container\">\n        <div class=\"how-to-find-us__items\">\n            <div class=\"how-to-find-us__item\">\n                <h2>Bulmak <span>biz!<\/span><\/h2>\n                <p>M\u00fc\u015fterilere yard\u0131mc\u0131 olmaktan her zaman mutluluk duyar\u0131z.<br> Bizimle \u015fahsen ileti\u015fime ge\u00e7ebilir, arayabilir veya mesaj g\u00f6nderebilirsiniz.<br> Size uygun y\u00f6ntemi se\u00e7in, uzmanlar\u0131m\u0131z her an size dan\u0131\u015fmanl\u0131k yapacakt\u0131r.<\/p>\n                <ul class=\"how-to-find-us__list\">\n                    <li class=\"tel\"><a href=\"tel:+90 (549) 528 70 51\">+90 (549) 528 70 51<\/a><\/li>\n                    <li class=\"email\"><a href=\"mailto:info@uptrendhomes.ru\">info@uptrendhomes.ru<\/a><\/li>\n                    <li class=\"address\">Mahmutlar Mahallesi, Vatan Caddesi, Toros 2 Sitesi<br> No. 5\/E 07450 Antalya, Alanya<\/li>\n                <\/ul>\n                <ul class=\"how-to-find-us__social\">\n                    <li class=\"fb\"><a href=\"https:\/\/www.facebook.com\/UPTRENDHOMES1?mibextid=LQQJ4d\" target=\"_blank\"><\/a><\/li>\n                    <li class=\"yt\"><a href=\"https:\/\/www.youtube.com\/@uptrendhomes\" target=\"_blank\"><\/a><\/li>\n                    <li class=\"is\"><a href=\"https:\/\/www.instagram.com\/uptrendhomes\/?igsh=MTA0ZW1mb3l5anljMA%3D%3D\" target=\"_blank\"><\/a><\/li>\n                <\/ul>\n            <\/div>\n            <div class=\"how-to-find-us__item\">\n                <div class=\"how-to-find-us__wrap-map\">\n                    <iframe src=\"https:\/\/www.google.com\/maps\/embed?pb=!1m18!1m12!1m3!1d6414.930395570422!2d32.08213470100961!3d36.494631135912925!2m3!1f0!2f0!3f0!3m2!1i1024!2i768!4f13.1!3m3!1m2!1s0x14dc9bdf0be2f187%3A0x5c532a434907cf94!2sUPTREND%20HOMES!5e0!3m2!1sru!2sua!4v1749663267555!5m2!1sru!2sua\" width=\"600\" height=\"450\" style=\"border:0;\" allowfullscreen=\"\" loading=\"lazy\" referrerpolicy=\"no-referrer-when-downgrade\"><\/iframe>\n                <\/div>\n            <\/div>\n        <\/div>\n\n    <\/div>\n<\/section><\/div>\n\t\t\t\t<\/div>\n\t\t\t\t<\/div>\n\t\t\t\t\t<\/div>\n\t\t<\/div>\n\t\t\t\t\t<\/div>\n\t\t<\/section>\n\t\t\t\t<\/div>","protected":false},"excerpt":{"rendered":"","protected":false},"author":13,"featured_media":0,"parent":0,"menu_order":0,"comment_status":"closed","ping_status":"closed","template":"elementor_header_footer","meta":{"_acf_changed":false,"om_disable_all_campaigns":false,"inline_featured_image":false,"_monsterinsights_skip_tracking":false,"_monsterinsights_sitenote_active":false,"_monsterinsights_sitenote_note":"","_monsterinsights_sitenote_category":0,"footnotes":""},"class_list":["post-31405","page","type-page","status-publish","hentry"],"acf":[],"aioseo_notices":[],"_links":{"self":[{"href":"https:\/\/uptrendhomesgroup.com\/tr\/wp-json\/wp\/v2\/pages\/31405","targetHints":{"allow":["GET"]}}],"collection":[{"href":"https:\/\/uptrendhomesgroup.com\/tr\/wp-json\/wp\/v2\/pages"}],"about":[{"href":"https:\/\/uptrendhomesgroup.com\/tr\/wp-json\/wp\/v2\/types\/page"}],"author":[{"embeddable":true,"href":"https:\/\/uptrendhomesgroup.com\/tr\/wp-json\/wp\/v2\/users\/13"}],"replies":[{"embeddable":true,"href":"https:\/\/uptrendhomesgroup.com\/tr\/wp-json\/wp\/v2\/comments?post=31405"}],"version-history":[{"count":80,"href":"https:\/\/uptrendhomesgroup.com\/tr\/wp-json\/wp\/v2\/pages\/31405\/revisions"}],"predecessor-version":[{"id":39091,"href":"https:\/\/uptrendhomesgroup.com\/tr\/wp-json\/wp\/v2\/pages\/31405\/revisions\/39091"}],"wp:attachment":[{"href":"https:\/\/uptrendhomesgroup.com\/tr\/wp-json\/wp\/v2\/media?parent=31405"}],"curies":[{"name":"wp","href":"https:\/\/api.w.org\/{rel}","templated":true}]}}