{"id":31430,"date":"2023-10-08T22:22:18","date_gmt":"2023-10-08T19:22:18","guid":{"rendered":"https:\/\/uptrendhomesgroup.com\/?page_id=31430"},"modified":"2024-01-26T16:18:58","modified_gmt":"2024-01-26T13:18:58","slug":"internetten-emlak-nasil-satin-alinir","status":"publish","type":"page","link":"https:\/\/uptrendhomesgroup.com\/tr\/internetten-emlak-nasil-satin-alinir\/","title":{"rendered":"\u0130nternetten Emlak Nas\u0131l Sat\u0131n Al\u0131n\u0131r ?"},"content":{"rendered":"<div data-elementor-type=\"wp-page\" data-elementor-id=\"31430\" class=\"elementor elementor-31430\">\n\t\t\t\t\t\t<section class=\"elementor-section elementor-top-section elementor-element elementor-element-9e77698 elementor-section-boxed elementor-section-height-default elementor-section-height-default\" data-id=\"9e77698\" data-element_type=\"section\">\n\t\t\t\t\t\t<div class=\"elementor-container elementor-column-gap-default\">\n\t\t\t\t\t<div class=\"elementor-column elementor-col-100 elementor-top-column elementor-element elementor-element-1c779eb\" data-id=\"1c779eb\" data-element_type=\"column\">\n\t\t\t<div class=\"elementor-widget-wrap elementor-element-populated\">\n\t\t\t\t\t\t<div class=\"elementor-element elementor-element-222f86c elementor-widget elementor-widget-text-editor\" data-id=\"222f86c\" data-element_type=\"widget\" data-widget_type=\"text-editor.default\">\n\t\t\t\t<div class=\"elementor-widget-container\">\n\t\t\t<style>\/*! elementor - v3.20.0 - 13-03-2024 *\/\n.elementor-widget-text-editor.elementor-drop-cap-view-stacked .elementor-drop-cap{background-color:#69727d;color:#fff}.elementor-widget-text-editor.elementor-drop-cap-view-framed .elementor-drop-cap{color:#69727d;border:3px solid;background-color:transparent}.elementor-widget-text-editor:not(.elementor-drop-cap-view-default) .elementor-drop-cap{margin-top:8px}.elementor-widget-text-editor:not(.elementor-drop-cap-view-default) .elementor-drop-cap-letter{width:1em;height:1em}.elementor-widget-text-editor .elementor-drop-cap{float:left;text-align:center;line-height:1;font-size:50px}.elementor-widget-text-editor .elementor-drop-cap-letter{display:inline-block}<\/style>\t\t\t\t<h1>T\u00fcrkiye&#039;de online gayrimenkul sat\u0131n almak. B\u00f6yle bir anla\u015fman\u0131n riskleri ve \u00f6d\u00fclleri nelerdir?<\/h1>\n<p>&nbsp;<\/p>\n<h2>Bir m\u00fclk se\u00e7mek ve bir s\u00f6zle\u015fme imzalamak<\/h2>\n<p>&nbsp;<\/p>\n<p>\u00d6ncelikle bir m\u00fclk se\u00e7meniz ve ard\u0131ndan \u00fc\u00e7l\u00fc bir anla\u015fma yapman\u0131z gerekir. S\u00f6zle\u015fme sat\u0131c\u0131, al\u0131c\u0131 ve s\u00f6zle\u015fme kapsam\u0131ndaki t\u00fcm y\u00fck\u00fcml\u00fcl\u00fcklerin yerine getirilmesinin garant\u00f6r\u00fc olan emlak acentesi aras\u0131nda imzalan\u0131r.<\/p>\n<p>Al\u0131m sat\u0131m s\u00f6zle\u015fmesi iki dilde (T\u00fcrk\u00e7e ve al\u0131c\u0131n\u0131n ana dilinde) haz\u0131rlanmal\u0131d\u0131r. Belge i\u015flemin t\u00fcm ayr\u0131nt\u0131lar\u0131n\u0131 belirtir.<\/p>\n<p>\u00d6rne\u011fin, ikincil gayrimenkulden bahsediyorsak, s\u00f6zle\u015fme daire veya evde bulunan her \u015feyi (mobilya, ev aletleri vb.) belirtecektir.<\/p>\n<p>Ve m\u00fclk in\u015faat a\u015famas\u0131ndaysa, s\u00f6zle\u015fme m\u00fclk\u00fcn hangi bi\u00e7imde devredilece\u011fini (in\u015faat malzemeleri, bitirme t\u00fcr\u00fc vb.) Ayr\u0131ca projenin son tarihini ve zamans\u0131z i\u015fletmeye alma durumunda cezalar\u0131 belirtir.<\/p>\n<p>&nbsp;<\/p>\n<p>Sat\u0131c\u0131 ve acentenin imza ve m\u00fch\u00fcrlerini i\u00e7eren s\u00f6zle\u015fmenin taranm\u0131\u015f bir kopyas\u0131 al\u0131c\u0131ya g\u00f6nderilir. Al\u0131c\u0131 da s\u00f6zle\u015fmenin her sayfas\u0131n\u0131 imzalay\u0131p taray\u0131p elektronik ortamda acenteye g\u00f6nderir.<\/p>\n<p>&nbsp;<\/p>\n<p>S\u00f6zle\u015fme m\u00fclk\u00fcn \u00f6deme plan\u0131n\u0131 belirtir. \u0130kincil piyasada konut sat\u0131n almaktan bahsediyorsak, o zaman al\u0131c\u0131, rezervasyon yaparken depozito tutar\u0131n\u0131 sat\u0131c\u0131n\u0131n s\u00f6zle\u015fmede belirtilen ayr\u0131nt\u0131lar\u0131na g\u00f6re g\u00f6nderir. Bu g\u00fcvenli bir i\u015flemin garantisidir.<\/p>\n<p>Al\u0131c\u0131 tam \u00f6demeyi yapt\u0131ktan sonra bir tapu senedi (TAPU) alacakt\u0131r. M\u00fclk in\u015faat halindeyse, \u00f6deme ertelenebilir ve bir \u00f6deme plan\u0131 belirlenir. Bu durumda, tapu senetleri tam \u00f6demeden sonra da tescil edilir.<\/p>\n<p>&nbsp;<\/p>\n<h2>TAPU&#039;nun gayrimenkul m\u00fclkiyetini elde etme<\/h2>\n<p>Se\u00e7enek 1. Al\u0131c\u0131 t\u00fcm belgeleri tamamlamak i\u00e7in bizzat T\u00fcrkiye&#039;ye gelebilir. Genellikle bu s\u00fcre\u00e7 5-10 i\u015f g\u00fcn\u00fc s\u00fcrer.<\/p>\n<p>Se\u00e7enek 2. Uzun s\u00fcre gelme imkan\u0131n\u0131z yoksa Uptrend evlerinden \u00e7al\u0131\u015fma turu hizmetinden yararlanabilirsiniz. Tipik olarak \u00e7al\u0131\u015fma gezisinin s\u00fcresi 3-5 g\u00fcnd\u00fcr. Bu s\u00fcre uygun bir m\u00fclk\u00fc g\u00f6r\u00fcnt\u00fcleyip se\u00e7mek ve Uptrend evleri i\u00e7in vekaletname b\u0131rakmak i\u00e7in yeterlidir. B\u00f6yle bir vekaletname, al\u0131c\u0131n\u0131n ki\u015fisel varl\u0131\u011f\u0131 olmadan gerekli t\u00fcm belgeleri al\u0131c\u0131 ad\u0131na haz\u0131rlama hakk\u0131n\u0131 verir.<\/p>\n<p>Se\u00e7enek 3. Al\u0131c\u0131n\u0131n T\u00fcrkiye&#039;ye bizzat u\u00e7ma imkan\u0131 yoksa, \u00fclkenizdeki T\u00fcrk konsoloslu\u011fu veya b\u00fcy\u00fckel\u00e7ili\u011finden vekaletname d\u00fczenleyebilirsiniz. Uptrend evleri bir vekaletname haz\u0131rlamak i\u00e7in gerekli t\u00fcm bilgileri sa\u011flayacakt\u0131r. Ayr\u0131ca ajans\u0131n, belgenin haz\u0131rlanmas\u0131nda yard\u0131mc\u0131 olacak konsolosluk terc\u00fcmanlar\u0131n\u0131n ileti\u015fim numaralar\u0131 da bulunmaktad\u0131r.<\/p>\n<p>&nbsp;<\/p>\n<p>Gayrimenkul al\u0131c\u0131s\u0131n\u0131n yaln\u0131zca konsolosluktan randevu almas\u0131 ve belirlenen saatte gelmesi yeterli olacakt\u0131r. Vekaletname metni terc\u00fcman ile birlikte kararla\u015ft\u0131r\u0131l\u0131r ve vekaletname QR kod arac\u0131l\u0131\u011f\u0131yla T\u00fcrk noter sistemine aktar\u0131l\u0131r. Uptrend Homes, T\u00fcrkiye&#039;deki herhangi bir noterden vekaletnamenin asl\u0131n\u0131 al\u0131r ve ard\u0131ndan gayrimenkul al\u0131m\u0131 i\u00e7in gerekli t\u00fcm belgeleri i\u015flemeye ba\u015flar.<\/p>\n<p>B\u00f6ylece al\u0131c\u0131n\u0131n T\u00fcrkiye&#039;ye gelmesine, \u00e7e\u015fitli makamlara gitmesine ve b\u00fcrokratik engelleri a\u015fmas\u0131na gerek kalm\u0131yor. \u015eirketimizin uzmanlar\u0131 m\u00fclk\u00fcn incelemesini kendileri organize edecek, belgeleri kadastro departman\u0131na sunacak, vergileri \u00f6deyecek, al\u0131c\u0131 ad\u0131na m\u00fclkiyet alacak ve ayr\u0131ca su ve elektrik saya\u00e7lar\u0131n\u0131 kaydedecek.<\/p>\n<p>&nbsp;<\/p>\n<p>Al\u0131c\u0131n\u0131n bu acentelik hizmetleri i\u00e7in \u00f6deme yapmas\u0131na gerek yoktur \u00e7\u00fcnk\u00fc bu hizmetler t\u00fcm Uptrend evleri m\u00fc\u015fterilerine \u00fccretsiz refakat hizmetinin bir par\u00e7as\u0131 olarak sa\u011flanmaktad\u0131r.<\/p>\n<p>&nbsp;<\/p>\n<h2>Ve g\u00fcvenlik hakk\u0131nda birka\u00e7 kelime daha!<\/h2>\n<p>&nbsp;<\/p>\n<p>D\u00fczg\u00fcn haz\u0131rlanm\u0131\u015f bir s\u00f6zle\u015fme, i\u015flemin mutlak \u015feffafl\u0131\u011f\u0131n\u0131n sa\u011flanmas\u0131nda \u00f6nemli bir rol oynar. Yasal gerekliliklere uyumu sa\u011flayan, s\u00fcreci basit ve g\u00fcvenli hale getiren t\u00fcm detaylar\u0131, taraflar\u0131n y\u00fck\u00fcml\u00fcl\u00fcklerini ve detaylar\u0131 kaydeder ve dikkate al\u0131r. Me\u015fgul olanlar, u\u00e7maya vakti olmayanlar ve b\u00fcrokrasiden ka\u00e7\u0131nmak isteyenler, g\u00fcvenilir bir ortak arac\u0131l\u0131\u011f\u0131yla i\u015flem ger\u00e7ekle\u015ftirmenin rahatl\u0131\u011f\u0131n\u0131 takdir edeceklerdir.<\/p>\n<p>&nbsp;<\/p>\n<p>Uptrend Homes, 13 y\u0131l\u0131 a\u015fk\u0131n s\u00fcredir T\u00fcrk emlak piyasas\u0131nda faaliyet g\u00f6steriyor ve Kuzey K\u0131br\u0131s&#039;ta da yeni bir ofis a\u00e7\u0131ld\u0131. \u015eirketin itibar\u0131 kusursuzdur ve y\u0131llar ge\u00e7tik\u00e7e geli\u015fmektedir. Bu nedenle m\u00fc\u015fterilerimiz bize kendileri d\u00f6n\u00fcyor ve \u015firketi, gayrimenkul i\u015flemlerinde g\u00fcvenilir ve g\u00fcvenilir bir ortak olarak arkada\u015flar\u0131na ve tan\u0131d\u0131klar\u0131na tavsiye ediyorlar.<\/p>\n<p>&nbsp;<\/p>\t\t\t\t\t\t<\/div>\n\t\t\t\t<\/div>\n\t\t\t\t<div class=\"elementor-element elementor-element-793a5c7 elementor-widget elementor-widget-video\" data-id=\"793a5c7\" data-element_type=\"widget\" data-settings=\"{&quot;youtube_url&quot;:&quot;https:\\\/\\\/www.youtube.com\\\/watch?v=bfSQ6AmfVvE&amp;t=828s &quot;,&quot;video_type&quot;:&quot;youtube&quot;,&quot;controls&quot;:&quot;yes&quot;}\" data-widget_type=\"video.default\">\n\t\t\t\t<div class=\"elementor-widget-container\">\n\t\t\t<style>\/*! elementor - v3.20.0 - 13-03-2024 *\/\n.elementor-widget-video .elementor-widget-container{overflow:hidden;transform:translateZ(0)}.elementor-widget-video .elementor-wrapper{aspect-ratio:var(--video-aspect-ratio)}.elementor-widget-video .elementor-wrapper iframe,.elementor-widget-video .elementor-wrapper video{height:100%;width:100%;display:flex;border:none;background-color:#000}@supports not (aspect-ratio:1\/1){.elementor-widget-video .elementor-wrapper{position:relative;overflow:hidden;height:0;padding-bottom:calc(100% \/ var(--video-aspect-ratio))}.elementor-widget-video .elementor-wrapper iframe,.elementor-widget-video .elementor-wrapper video{position:absolute;top:0;right:0;bottom:0;left:0}}.elementor-widget-video .elementor-open-inline .elementor-custom-embed-image-overlay{position:absolute;top:0;right:0;bottom:0;left:0;background-size:cover;background-position:50%}.elementor-widget-video .elementor-custom-embed-image-overlay{cursor:pointer;text-align:center}.elementor-widget-video .elementor-custom-embed-image-overlay:hover .elementor-custom-embed-play i{opacity:1}.elementor-widget-video .elementor-custom-embed-image-overlay img{display:block;width:100%;aspect-ratio:var(--video-aspect-ratio);-o-object-fit:cover;object-fit:cover;-o-object-position:center center;object-position:center center}@supports not (aspect-ratio:1\/1){.elementor-widget-video .elementor-custom-embed-image-overlay{position:relative;overflow:hidden;height:0;padding-bottom:calc(100% \/ var(--video-aspect-ratio))}.elementor-widget-video .elementor-custom-embed-image-overlay img{position:absolute;top:0;right:0;bottom:0;left:0}}.elementor-widget-video .e-hosted-video .elementor-video{-o-object-fit:cover;object-fit:cover}.e-con-inner>.elementor-widget-video,.e-con>.elementor-widget-video{width:var(--container-widget-width);--flex-grow:var(--container-widget-flex-grow)}<\/style>\t\t<div class=\"elementor-wrapper elementor-open-inline\">\n\t\t\t<div class=\"elementor-video\"><\/div>\t\t<\/div>\n\t\t\t\t<\/div>\n\t\t\t\t<\/div>\n\t\t\t\t\t<\/div>\n\t\t<\/div>\n\t\t\t\t\t<\/div>\n\t\t<\/section>\n\t\t\t\t<\/div>","protected":false},"excerpt":{"rendered":"<p>T\u00fcrkiye&#039;de online gayrimenkul sat\u0131n almak. B\u00f6yle bir anla\u015fman\u0131n riskleri ve \u00f6d\u00fclleri nelerdir?  Bir m\u00fclk se\u00e7mek ve bir s\u00f6zle\u015fme imzalamak \u00d6ncelikle bir m\u00fclk se\u00e7meniz ve ard\u0131ndan \u00fc\u00e7l\u00fc bir anla\u015fma yapman\u0131z gerekir. S\u00f6zle\u015fme sat\u0131c\u0131, al\u0131c\u0131 ve s\u00f6zle\u015fme kapsam\u0131ndaki t\u00fcm y\u00fck\u00fcml\u00fcl\u00fcklerin yerine getirilmesinin garant\u00f6r\u00fc olan emlak acentesi aras\u0131nda imzalan\u0131r. Al\u0131m sat\u0131m s\u00f6zle\u015fmesi iki dilde (T\u00fcrk\u00e7e ve al\u0131c\u0131n\u0131n ana dilinde) haz\u0131rlanmal\u0131d\u0131r. ...<\/p>","protected":false},"author":13,"featured_media":0,"parent":0,"menu_order":0,"comment_status":"closed","ping_status":"closed","template":"elementor_header_footer","meta":{"_acf_changed":false,"om_disable_all_campaigns":false,"inline_featured_image":false,"_monsterinsights_skip_tracking":false,"_monsterinsights_sitenote_active":false,"_monsterinsights_sitenote_note":"","_monsterinsights_sitenote_category":0,"footnotes":""},"class_list":["post-31430","page","type-page","status-publish","hentry"],"acf":[],"aioseo_notices":[],"_links":{"self":[{"href":"https:\/\/uptrendhomesgroup.com\/tr\/wp-json\/wp\/v2\/pages\/31430","targetHints":{"allow":["GET"]}}],"collection":[{"href":"https:\/\/uptrendhomesgroup.com\/tr\/wp-json\/wp\/v2\/pages"}],"about":[{"href":"https:\/\/uptrendhomesgroup.com\/tr\/wp-json\/wp\/v2\/types\/page"}],"author":[{"embeddable":true,"href":"https:\/\/uptrendhomesgroup.com\/tr\/wp-json\/wp\/v2\/users\/13"}],"replies":[{"embeddable":true,"href":"https:\/\/uptrendhomesgroup.com\/tr\/wp-json\/wp\/v2\/comments?post=31430"}],"version-history":[{"count":31,"href":"https:\/\/uptrendhomesgroup.com\/tr\/wp-json\/wp\/v2\/pages\/31430\/revisions"}],"predecessor-version":[{"id":37509,"href":"https:\/\/uptrendhomesgroup.com\/tr\/wp-json\/wp\/v2\/pages\/31430\/revisions\/37509"}],"wp:attachment":[{"href":"https:\/\/uptrendhomesgroup.com\/tr\/wp-json\/wp\/v2\/media?parent=31430"}],"curies":[{"name":"wp","href":"https:\/\/api.w.org\/{rel}","templated":true}]}}