{"id":34452,"date":"2024-01-10T15:23:08","date_gmt":"2024-01-10T12:23:08","guid":{"rendered":"https:\/\/uptrendhomesgroup.com\/?page_id=34452"},"modified":"2026-01-15T16:22:28","modified_gmt":"2026-01-15T13:22:28","slug":"residence-permit-in-northern-cyprus","status":"publish","type":"page","link":"https:\/\/uptrendhomesgroup.com\/tr\/residence-permit-in-northern-cyprus\/","title":{"rendered":"Kuzey K\u0131br\u0131s&#039;ta oturma izni"},"content":{"rendered":"<h2 style=\"text-align: justify;\"><img fetchpriority=\"high\" decoding=\"async\" class=\"wp-image-41431 alignleft\" src=\"https:\/\/uptrendhomesgroup.com\/wp-content\/uploads\/2026\/01\/severnyj-kipr-1024x683.jpg\" alt=\"\" width=\"546\" height=\"364\" srcset=\"https:\/\/uptrendhomesgroup.com\/wp-content\/uploads\/2026\/01\/severnyj-kipr-1024x683.jpg 1024w, https:\/\/uptrendhomesgroup.com\/wp-content\/uploads\/2026\/01\/severnyj-kipr-300x200.jpg 300w, https:\/\/uptrendhomesgroup.com\/wp-content\/uploads\/2026\/01\/severnyj-kipr-768x512.jpg 768w, https:\/\/uptrendhomesgroup.com\/wp-content\/uploads\/2026\/01\/severnyj-kipr-1536x1025.jpg 1536w, https:\/\/uptrendhomesgroup.com\/wp-content\/uploads\/2026\/01\/severnyj-kipr-18x12.jpg 18w, https:\/\/uptrendhomesgroup.com\/wp-content\/uploads\/2026\/01\/severnyj-kipr-105x70.jpg 105w, https:\/\/uptrendhomesgroup.com\/wp-content\/uploads\/2026\/01\/severnyj-kipr.jpg 1557w\" sizes=\"(max-width: 546px) 100vw, 546px\" \/>2026 y\u0131l\u0131nda Kuzey K\u0131br\u0131s&#039;ta oturma izni nas\u0131l al\u0131n\u0131r?<\/h2>\n<p style=\"text-align: justify;\">Kuzey K\u0131br\u0131s, g\u00fczel pitoresk do\u011fas\u0131, e\u015fsiz k\u00fclt\u00fcr\u00fc ve \u0131l\u0131man Akdeniz iklimi ile muhte\u015fem bir \u00fclkedir. B\u00f6lge ya\u015fam ve yat\u0131r\u0131m a\u00e7\u0131s\u0131ndan caziptir ve ilgi giderek artmaktad\u0131r. Bir\u00e7ok ki\u015fi adaya ta\u015f\u0131nmay\u0131 d\u00fc\u015f\u00fcn\u00fcyor \u00e7\u00fcnk\u00fc burada oturma izni almak olduk\u00e7a kolay.<\/p>\n<p style=\"text-align: justify;\">Kuzey K\u0131br\u0131s&#039;ta oturma izni alman\u0131n ba\u015fl\u0131ca yollar\u0131na bakal\u0131m.<\/p>\n<p style=\"text-align: justify;\">Kuzey K\u0131br\u0131s&#039;ta oturma izni almak, gayrimenkul sat\u0131n al\u0131nmas\u0131 veya kiralanmas\u0131n\u0131n yan\u0131 s\u0131ra yerel bir \u00fcniversiteye kabul edilmesi ko\u015fuluyla m\u00fcmk\u00fcn olur.<\/p>\n<p style=\"text-align: justify;\">Kuzey K\u0131br\u0131s&#039;ta oturma izni alma s\u00fcreci, yetkililerin bu konudaki sadakatine ra\u011fmen pek \u00e7ok inceli\u011fi b\u00fcnyesinde bar\u0131nd\u0131r\u0131yor. Bu, i\u015flemin kendi ba\u015f\u0131n\u0131za uygulanmas\u0131n\u0131 olduk\u00e7a zorla\u015ft\u0131r\u0131r. Oturma izni al\u0131rken yap\u0131lan hatalar\u0131n ciddi para cezalar\u0131na yol a\u00e7abilece\u011fini vurgulamak \u00f6nemlidir, bu nedenle bir acenteden nitelikli yard\u0131m al\u0131nmas\u0131 tavsiye edilir.<\/p>\n<h2 style=\"text-align: center;\">\u00d6\u011frenciler i\u00e7in oturma izni<\/h2>\n<p style=\"text-align: justify;\">Bu oturma izni t\u00fcr\u00fc sadece \u00fcniversite \u00f6\u011frencilerine de\u011fil ayn\u0131 zamanda \u00fcniversitede \u0130ngilizce \u00f6\u011fretmenli\u011fi gibi \u00e7e\u015fitli kurslara devam eden \u00f6\u011frencilere de verilmektedir. En az 50% dersine kat\u0131lma kural\u0131na uymak \u00f6nemlidir ancak devam\u0131n azalt\u0131lmas\u0131, hatta tamamen ortadan kald\u0131r\u0131lmas\u0131 konusunda \u00f6\u011fretmenle anla\u015fmak m\u00fcmk\u00fcnd\u00fcr.<\/p>\n<p style=\"text-align: justify;\">Bu oturma izni t\u00fcr\u00fc 1 y\u0131la kadar ge\u00e7erlidir, banka hesab\u0131nda belirli bir tutar\u0131n yat\u0131r\u0131lmas\u0131n\u0131 gerektirmez ve adada \u00e7al\u0131\u015fma hakk\u0131 sa\u011flar. Edinme s\u00fcreci h\u0131zl\u0131d\u0131r - yaln\u0131zca bir ay i\u00e7inde ve bu s\u00fcre zarf\u0131nda adadan ayr\u0131labilirsiniz. Toplam maliyet 1200 ila 1500 euro aras\u0131nda de\u011fi\u015fmektedir.<\/p>\n<h2 style=\"text-align: center;\">Belgelerin teslimi i\u00e7in prosed\u00fcr<\/h2>\n<p style=\"text-align: justify;\">Evraklar \u0130\u00e7i\u015fleri Bakanl\u0131\u011f\u0131 uygulamas\u0131 \u00fczerinden online olarak g\u00f6nderilebilmektedir.<\/p>\n<p style=\"text-align: justify;\">Bunu yapmak i\u00e7in, a\u015fa\u011f\u0131daki belgeleri ekleyerek kay\u0131t olman\u0131z ve bir form doldurman\u0131z gerekir:<\/p>\n<p style=\"text-align: justify;\">- pasaportun bir kopyas\u0131;<\/p>\n<p style=\"text-align: justify;\">\u2014 6 ayl\u0131k veya 1 y\u0131ll\u0131k s\u00fcreli kira s\u00f6zle\u015fmesi;<\/p>\n<p style=\"text-align: justify;\">- \u0130l\u00e7e muhtar\u0131ndan al\u0131nm\u0131\u015f belge. Banka hesab\u0131 a\u00e7mak i\u00e7in de belgeye ihtiya\u00e7 duyulaca\u011f\u0131ndan 2 n\u00fcsha talep etmeniz gerekmektedir;<\/p>\n<p style=\"text-align: justify;\">- Hesab\u0131n\u0131zda en az 26.500 ABD Dolar\u0131 bulundu\u011funu g\u00f6steren banka ekstresi;<\/p>\n<p style=\"text-align: justify;\">\u2014 Daire kira vergisinin \u00f6dendi\u011fine dair belge (belgenin tescili gerekmez). Yakla\u015f\u0131k maliyet \u2013 30 avro.<\/p>\n<p style=\"text-align: justify;\">Bu prosed\u00fcrleri tamamlad\u0131ktan sonra sistem, belgelerinizi kontrol etmek i\u00e7in polisle bir randevu ayarlayacakt\u0131r.<\/p>\n<p style=\"text-align: justify;\">Daha sonra bir sonraki a\u015fama ba\u015flayacak: t\u0131bbi testlerin al\u0131nmas\u0131 ve \u00f6denmesi.<\/p>\n<p style=\"text-align: justify;\">150 Euro (sigorta dahil) \u00f6dedikten sonra HIV ve hepatit testlerine girmeniz gerekecek.<\/p>\n<p style=\"text-align: justify;\">2-3 hafta i\u00e7inde oturma izni verilmesi i\u00e7in 30 avroluk devlet \u00fccretini \u00f6demeniz i\u00e7in bir ba\u011flant\u0131 alacaks\u0131n\u0131z. Oturma izni verilmesi i\u00e7in toplam bekleme s\u00fcresi yakla\u015f\u0131k 2-3 ayd\u0131r ve bu s\u00fcre zarf\u0131nda adadan ayr\u0131lamazs\u0131n\u0131z. Belgelerin nihai do\u011frulamas\u0131ndan \u00f6nce acil olarak yola \u00e7\u0131kman\u0131z gerekiyorsa, uygun izni almak i\u00e7in g\u00f6\u00e7 hizmeti departman\u0131yla ileti\u015fime ge\u00e7ebilirsiniz.<\/p>\n<p style=\"text-align: justify;\">Oturma izni \u00e7evrimi\u00e7i olarak d\u00fczenlenecektir ve taray\u0131c\u0131dan tamamlanm\u0131\u015f bir belge olarak indirilebilecektir.<\/p>\n<h2 style=\"text-align: center;\">Gayrimenkul sahipli\u011fine dayal\u0131 oturma izni<\/h2>\n<p style=\"text-align: justify;\">Gayrimenkul sahibi olmak suretiyle oturma izni almak, birka\u00e7 \u00f6nemli nokta haricinde, kiralama esas\u0131na g\u00f6re benzer ad\u0131mlar\u0131 i\u00e7ermektedir. Bu durumda halihaz\u0131rda oturulmaya haz\u0131r bir m\u00fclk\u00fcn sat\u0131n al\u0131nmas\u0131na ili\u015fkin bir s\u00f6zle\u015fme sa\u011flanmas\u0131 gerekmektedir. 30% pe\u015finat\u0131n\u0131n \u00f6denmesine ili\u015fkin anla\u015fmalar\u0131n veya in\u015faat halindeki gayrimenkul al\u0131m\u0131na ili\u015fkin anla\u015fmalar\u0131n dikkate al\u0131nmad\u0131\u011f\u0131n\u0131 unutmamak \u00f6nemlidir. Ayr\u0131ca sab\u0131ka kayd\u0131 bulunmad\u0131\u011f\u0131na dair bir sertifika da sunmal\u0131s\u0131n\u0131z. Potansiyel oturma izni sahibinin en az 13.000 ABD dolar\u0131 tutar\u0131nda bir banka hesab\u0131na sahip olmas\u0131 gerekir.<\/p>\n<div class=\"video-container\"><iframe title=\"\u0413\u0438\u0440\u043d\u0435, \u042d\u0441\u0435\u043d\u0442\u0435\u043f\u0435, \u0427\u0430\u0442\u0430\u043b\u043a\u043e\u0439, \u0410\u043b\u0441\u0430\u043d\u0434\u0436\u0430\u043a, \u041b\u0430\u043f\u0442\u0430. \u041e\u0441\u043e\u0431\u0435\u043d\u043d\u043e\u0441\u0442\u0438 \u0436\u0438\u0437\u043d\u0438 \u043d\u0430 \u0441\u0435\u0432\u0435\u0440\u043d\u043e\u043c \u043f\u043e\u0431\u0435\u0440\u0435\u0436\u044c\u0435 \u041a\u0438\u043f\u0440\u0430 \u0441\u0435\u0433\u043e\u0434\u043d\u044f.\" width=\"1200\" height=\"675\" src=\"https:\/\/www.youtube.com\/embed\/h8PfsGJLR10?feature=oembed\" frameborder=\"0\" allow=\"accelerometer; autoplay; clipboard-write; encrypted-media; gyroscope; picture-in-picture; web-share\" referrerpolicy=\"strict-origin-when-cross-origin\" allowfullscreen><\/iframe><\/div>","protected":false},"excerpt":{"rendered":"<p>\u041a\u0430\u043a \u043f\u043e\u043b\u0443\u0447\u0438\u0442\u044c \u0412\u041d\u0416 \u043d\u0430 \u0421\u0435\u0432\u0435\u0440\u043d\u043e\u043c \u041a\u0438\u043f\u0440\u0435 \u0432 2026 \u0433\u043e\u0434\u0443? \u0421\u0435\u0432\u0435\u0440\u043d\u044b\u0439 \u041a\u0438\u043f\u0440 \u2014 \u0443\u0434\u0438\u0432\u0438\u0442\u0435\u043b\u044c\u043d\u0430\u044f \u0441\u0442\u0440\u0430\u043d\u0430 \u0441 \u043a\u0440\u0430\u0441\u0438\u0432\u043e\u0439 \u0436\u0438\u0432\u043e\u043f\u0438\u0441\u043d\u043e\u0439 \u043f\u0440\u0438\u0440\u043e\u0434\u043e\u0439, \u0443\u043d\u0438\u043a\u0430\u043b\u044c\u043d\u043e\u0439 \u043a\u0443\u043b\u044c\u0442\u0443\u0440\u043e\u0439 \u0438 \u043c\u044f\u0433\u043a\u0438\u043c \u0441\u0440\u0435\u0434\u0438\u0437\u0435\u043c\u043d\u043e\u043c\u043e\u0440\u0441\u043a\u0438\u043c \u043a\u043b\u0438\u043c\u0430\u0442\u043e\u043c. \u042d\u0442\u043e\u0442 \u0440\u0430\u0439\u043e\u043d \u043f\u0440\u0438\u0432\u043b\u0435\u043a\u0430\u0442\u0435\u043b\u0435\u043d \u0434\u043b\u044f \u043f\u0440\u043e\u0436\u0438\u0432\u0430\u043d\u0438\u044f \u0438 \u0438\u043d\u0432\u0435\u0441\u0442\u0438\u0446\u0438\u0439, \u0438 \u043f\u043e\u043b\u044c\u0437\u0443\u0435\u0442\u0441\u044f \u043f\u043e\u0432\u044b\u0448\u0435\u043d\u043d\u044b\u043c \u0438\u043d\u0442\u0435\u0440\u0435\u0441\u043e\u043c. \u041c\u043d\u043e\u0433\u0438\u0435 \u0440\u0430\u0441\u0441\u043c\u0430\u0442\u0440\u0438\u0432\u0430\u044e\u0442 \u0432\u043e\u0437\u043c\u043e\u0436\u043d\u043e\u0441\u0442\u044c \u043f\u0435\u0440\u0435\u0435\u0437\u0434\u0430 \u043d\u0430 \u043e\u0441\u0442\u0440\u043e\u0432, \u0432\u0435\u0434\u044c \u043f\u043e\u043b\u0443\u0447\u0438\u0442\u044c \u0432\u0438\u0434 \u043d\u0430 \u0436\u0438\u0442\u0435\u043b\u044c\u0441\u0442\u0432\u043e \u0437\u0434\u0435\u0441\u044c \u0434\u043e\u0441\u0442\u0430\u0442\u043e\u0447\u043d\u043e \u043b\u0435\u0433\u043a\u043e. \u0414\u0430\u0432\u0430\u0439\u0442\u0435 \u0440\u0430\u0441\u0441\u043c\u043e\u0442\u0440\u0438\u043c \u043e\u0441\u043d\u043e\u0432\u043d\u044b\u0435 \u0441\u043f\u043e\u0441\u043e\u0431\u044b \u043f\u043e\u043b\u0443\u0447\u0435\u043d\u0438\u044f \u0432\u0438\u0434\u0430 \u043d\u0430 \u0436\u0438\u0442\u0435\u043b\u044c\u0441\u0442\u0432\u043e \u043d\u0430 \u0421\u0435\u0432\u0435\u0440\u043d\u043e\u043c \u041a\u0438\u043f\u0440\u0435. \u041f\u043e\u043b\u0443\u0447\u0435\u043d\u0438\u0435 \u0412\u041d\u0416 \u043d\u0430 \u0421\u0435\u0432\u0435\u0440\u043d\u043e\u043c &#8230;<\/p>","protected":false},"author":13,"featured_media":0,"parent":0,"menu_order":0,"comment_status":"closed","ping_status":"closed","template":"","meta":{"_acf_changed":false,"om_disable_all_campaigns":false,"inline_featured_image":false,"_monsterinsights_skip_tracking":false,"_monsterinsights_sitenote_active":false,"_monsterinsights_sitenote_note":"","_monsterinsights_sitenote_category":0,"footnotes":""},"class_list":["post-34452","page","type-page","status-publish","hentry"],"acf":[],"aioseo_notices":[],"_links":{"self":[{"href":"https:\/\/uptrendhomesgroup.com\/tr\/wp-json\/wp\/v2\/pages\/34452","targetHints":{"allow":["GET"]}}],"collection":[{"href":"https:\/\/uptrendhomesgroup.com\/tr\/wp-json\/wp\/v2\/pages"}],"about":[{"href":"https:\/\/uptrendhomesgroup.com\/tr\/wp-json\/wp\/v2\/types\/page"}],"author":[{"embeddable":true,"href":"https:\/\/uptrendhomesgroup.com\/tr\/wp-json\/wp\/v2\/users\/13"}],"replies":[{"embeddable":true,"href":"https:\/\/uptrendhomesgroup.com\/tr\/wp-json\/wp\/v2\/comments?post=34452"}],"version-history":[{"count":29,"href":"https:\/\/uptrendhomesgroup.com\/tr\/wp-json\/wp\/v2\/pages\/34452\/revisions"}],"predecessor-version":[{"id":41434,"href":"https:\/\/uptrendhomesgroup.com\/tr\/wp-json\/wp\/v2\/pages\/34452\/revisions\/41434"}],"wp:attachment":[{"href":"https:\/\/uptrendhomesgroup.com\/tr\/wp-json\/wp\/v2\/media?parent=34452"}],"curies":[{"name":"wp","href":"https:\/\/api.w.org\/{rel}","templated":true}]}}