{"id":50538,"date":"2026-05-10T17:06:54","date_gmt":"2026-05-10T14:06:54","guid":{"rendered":"https:\/\/uptrendhomesgroup.com\/?page_id=50538"},"modified":"2026-05-13T07:45:20","modified_gmt":"2026-05-13T04:45:20","slug":"turkey","status":"publish","type":"page","link":"https:\/\/uptrendhomesgroup.com\/tr\/satilik\/turkey\/","title":{"rendered":"T\u00fcrkiye&#039;de daire veya ev sat\u0131n al\u0131n"},"content":{"rendered":"<p class=\"text-balance text-4xl font-bold tracking-tight text-foreground md:text-5xl\" style=\"text-align: justify;\">G\u00fcne\u015fin alt\u0131nda bir ya\u015fam hayal ediyor veya sermayenizi s\u00fcrekli olarak koruyacak ve b\u00fcy\u00fctecek bir varl\u0131k m\u0131 ar\u0131yorsunuz? Uptrend Homes Group katalo\u011funda, T\u00fcrkiye&#039;nin \u00f6nde gelen geli\u015ftiricilerinden onayl\u0131 daireler, modern konutlar ve \u00f6zel villalar bulunmaktad\u0131r. Geli\u015ftiricilerle do\u011frudan \u00e7al\u0131\u015farak, \u00f6zel fiyatland\u0131rma, uygun taksit planlar\u0131 ve i\u015flem i\u00e7in tam yasal destek sunuyoruz. \u0130lk g\u00f6r\u00fc\u015fmeden anahtarlar\u0131n teslimine kadar t\u00fcm organizasyonel konular\u0131 biz hallediyoruz. Bir talep g\u00f6nderin ve uzmanlar\u0131m\u0131z b\u00fct\u00e7enize ve ya\u015fam tarz\u0131n\u0131za m\u00fckemmel \u015fekilde uyan ki\u015fiselle\u015ftirilmi\u015f bir gayrimenkul se\u00e7imi haz\u0131rlas\u0131n.<\/p>","protected":false},"excerpt":{"rendered":"<p>\u041c\u0435\u0447\u0442\u0430\u0435\u0442\u0435 \u043e \u0436\u0438\u0437\u043d\u0438 \u043f\u043e\u0434 \u0442\u0451\u043f\u043b\u044b\u043c \u0441\u043e\u043b\u043d\u0446\u0435\u043c \u0438\u043b\u0438 \u0438\u0449\u0435\u0442\u0435 \u0430\u043a\u0442\u0438\u0432, \u043a\u043e\u0442\u043e\u0440\u044b\u0439 \u0441\u0442\u0430\u0431\u0438\u043b\u044c\u043d\u043e \u0441\u043e\u0445\u0440\u0430\u043d\u044f\u0435\u0442 \u0438 \u043f\u0440\u0438\u0443\u043c\u043d\u043e\u0436\u0430\u0435\u0442 \u043a\u0430\u043f\u0438\u0442\u0430\u043b? \u0412 \u043a\u0430\u0442\u0430\u043b\u043e\u0433\u0435 Uptrend Homes Group \u0441\u043e\u0431\u0440\u0430\u043d\u044b \u043f\u0440\u043e\u0432\u0435\u0440\u0435\u043d\u043d\u044b\u0435 \u0430\u043f\u0430\u0440\u0442\u0430\u043c\u0435\u043d\u0442\u044b, \u0441\u043e\u0432\u0440\u0435\u043c\u0435\u043d\u043d\u044b\u0435 \u0440\u0435\u0437\u0438\u0434\u0435\u043d\u0446\u0438\u0438 \u0438 \u0447\u0430\u0441\u0442\u043d\u044b\u0435 \u0432\u0438\u043b\u043b\u044b \u0432 \u0422\u0443\u0440\u0446\u0438\u0438 \u043e\u0442 \u0432\u0435\u0434\u0443\u0449\u0438\u0445 \u0434\u0435\u0432\u0435\u043b\u043e\u043f\u0435\u0440\u043e\u0432. \u041c\u044b \u0440\u0430\u0431\u043e\u0442\u0430\u0435\u043c \u043d\u0430\u043f\u0440\u044f\u043c\u0443\u044e \u0441 \u0437\u0430\u0441\u0442\u0440\u043e\u0439\u0449\u0438\u043a\u0430\u043c\u0438, \u043f\u0440\u0435\u0434\u043b\u0430\u0433\u0430\u044f \u0438\u0441\u043a\u043b\u044e\u0447\u0438\u0442\u0435\u043b\u044c\u043d\u043e \u043f\u0440\u044f\u043c\u044b\u0435 \u0446\u0435\u043d\u044b, \u043a\u043e\u043c\u0444\u043e\u0440\u0442\u043d\u0443\u044e \u0440\u0430\u0441\u0441\u0440\u043e\u0447\u043a\u0443 \u0438 \u043f\u043e\u043b\u043d\u043e\u0435 \u044e\u0440\u0438\u0434\u0438\u0447\u0435\u0441\u043a\u043e\u0435 \u0441\u043e\u043f\u0440\u043e\u0432\u043e\u0436\u0434\u0435\u043d\u0438\u0435 \u0441\u0434\u0435\u043b\u043a\u0438. \u041e\u0442 \u043f\u0435\u0440\u0432\u043e\u0433\u043e \u0437\u0432\u043e\u043d\u043a\u0430 \u0434\u043e \u043f\u0435\u0440\u0435\u0434\u0430\u0447\u0438 \u043a\u043b\u044e\u0447\u0435\u0439 \u2014 \u043c\u044b \u0431\u0435\u0440\u0451\u043c \u043d\u0430 \u0441\u0435\u0431\u044f \u0432\u0441\u0435 \u043e\u0440\u0433\u0430\u043d\u0438\u0437\u0430\u0446\u0438\u043e\u043d\u043d\u044b\u0435 \u0432\u043e\u043f\u0440\u043e\u0441\u044b. \u041e\u0441\u0442\u0430\u0432\u044c\u0442\u0435 &#8230;<\/p>","protected":false},"author":13,"featured_media":50484,"parent":31117,"menu_order":0,"comment_status":"closed","ping_status":"closed","template":"page-hub-country.php","meta":{"_acf_changed":false,"om_disable_all_campaigns":false,"inline_featured_image":false,"_monsterinsights_skip_tracking":false,"_monsterinsights_sitenote_active":false,"_monsterinsights_sitenote_note":"","_monsterinsights_sitenote_category":0,"footnotes":""},"wf_page_folders":[463],"class_list":["post-50538","page","type-page","status-publish","has-post-thumbnail","hentry"],"acf":[],"aioseo_notices":[],"_links":{"self":[{"href":"https:\/\/uptrendhomesgroup.com\/tr\/wp-json\/wp\/v2\/pages\/50538","targetHints":{"allow":["GET"]}}],"collection":[{"href":"https:\/\/uptrendhomesgroup.com\/tr\/wp-json\/wp\/v2\/pages"}],"about":[{"href":"https:\/\/uptrendhomesgroup.com\/tr\/wp-json\/wp\/v2\/types\/page"}],"author":[{"embeddable":true,"href":"https:\/\/uptrendhomesgroup.com\/tr\/wp-json\/wp\/v2\/users\/13"}],"replies":[{"embeddable":true,"href":"https:\/\/uptrendhomesgroup.com\/tr\/wp-json\/wp\/v2\/comments?post=50538"}],"version-history":[{"count":4,"href":"https:\/\/uptrendhomesgroup.com\/tr\/wp-json\/wp\/v2\/pages\/50538\/revisions"}],"predecessor-version":[{"id":50963,"href":"https:\/\/uptrendhomesgroup.com\/tr\/wp-json\/wp\/v2\/pages\/50538\/revisions\/50963"}],"up":[{"embeddable":true,"href":"https:\/\/uptrendhomesgroup.com\/tr\/wp-json\/wp\/v2\/pages\/31117"}],"wp:featuredmedia":[{"embeddable":true,"href":"https:\/\/uptrendhomesgroup.com\/tr\/wp-json\/wp\/v2\/media\/50484"}],"wp:attachment":[{"href":"https:\/\/uptrendhomesgroup.com\/tr\/wp-json\/wp\/v2\/media?parent=50538"}],"wp:term":[{"taxonomy":"wf_page_folders","embeddable":true,"href":"https:\/\/uptrendhomesgroup.com\/tr\/wp-json\/wp\/v2\/wf_page_folders?post=50538"}],"curies":[{"name":"wp","href":"https:\/\/api.w.org\/{rel}","templated":true}]}}