{"id":50540,"date":"2026-05-10T17:08:50","date_gmt":"2026-05-10T14:08:50","guid":{"rendered":"https:\/\/uptrendhomesgroup.com\/?page_id=50540"},"modified":"2026-05-15T07:30:48","modified_gmt":"2026-05-15T04:30:48","slug":"alanya","status":"publish","type":"page","link":"https:\/\/uptrendhomesgroup.com\/tr\/satilik\/turkey\/alanya\/","title":{"rendered":"Alanya&#039;da gayrimenkul sat\u0131n al\u0131n"},"content":{"rendered":"<p style=\"text-align: justify;\">Turkuaz sular\u0131n manzaras\u0131na uyanmay\u0131 ve ak\u015famlar\u0131 \u0131l\u0131k deniz meltemi alt\u0131nda \u00f6zel teras\u0131n\u0131zda vakit ge\u00e7irmeyi mi hayal ediyorsunuz? Uptrend Homes Group katalo\u011funda, Alanya&#039;da \u00f6nde gelen T\u00fcrk geli\u015ftiricilerden onayl\u0131 daireler, apartmanlar, modern konutlar ve \u00f6zel villalar bulunmaktad\u0131r. Geli\u015ftiricilerle do\u011frudan \u00e7al\u0131\u015farak, \u00f6zel fiyatland\u0131rma, uygun taksit planlar\u0131 ve tam yasal destek sunuyoruz. \u0130lk g\u00f6r\u00fc\u015fmeden anahtarlar\u0131n teslimine kadar t\u00fcm organizasyon ve evrak i\u015flerini biz hallediyoruz. Bir talep g\u00f6nderin ve uzmanlar\u0131m\u0131z b\u00fct\u00e7enize, planlad\u0131\u011f\u0131n\u0131z yerle\u015fime ve ya\u015fam tarz\u0131n\u0131za m\u00fckemmel \u015fekilde uyan ki\u015fiselle\u015ftirilmi\u015f bir gayrimenkul se\u00e7imi haz\u0131rlayacakt\u0131r.<\/p>","protected":false},"excerpt":{"rendered":"<p>\u041c\u0435\u0447\u0442\u0430\u0435\u0442\u0435 \u043f\u0440\u043e\u0441\u044b\u043f\u0430\u0442\u044c\u0441\u044f \u0441 \u0432\u0438\u0434\u043e\u043c \u043d\u0430 \u0431\u0438\u0440\u044e\u0437\u043e\u0432\u0443\u044e \u0432\u043e\u0434\u0443 \u0438 \u043f\u0440\u043e\u0432\u043e\u0434\u0438\u0442\u044c \u0432\u0435\u0447\u0435\u0440\u0430 \u043d\u0430 \u0441\u043e\u0431\u0441\u0442\u0432\u0435\u043d\u043d\u043e\u0439 \u0442\u0435\u0440\u0440\u0430\u0441\u0435 \u043f\u043e\u0434 \u0442\u0451\u043f\u043b\u044b\u043c \u043c\u043e\u0440\u0441\u043a\u0438\u043c \u0431\u0440\u0438\u0437\u043e\u043c? \u0412 \u043a\u0430\u0442\u0430\u043b\u043e\u0433\u0435 Uptrend Homes Group \u0441\u043e\u0431\u0440\u0430\u043d\u044b \u043f\u0440\u043e\u0432\u0435\u0440\u0435\u043d\u043d\u044b\u0435 \u0430\u043f\u0430\u0440\u0442\u0430\u043c\u0435\u043d\u0442\u044b, \u043a\u0432\u0430\u0440\u0442\u0438\u0440\u044b, \u0441\u043e\u0432\u0440\u0435\u043c\u0435\u043d\u043d\u044b\u0435 \u0440\u0435\u0437\u0438\u0434\u0435\u043d\u0446\u0438\u0438 \u0438 \u0447\u0430\u0441\u0442\u043d\u044b\u0435 \u0432\u0438\u043b\u043b\u044b \u0432 \u0410\u043b\u0430\u043d\u044c\u0435 \u043e\u0442 \u0432\u0435\u0434\u0443\u0449\u0438\u0445 \u0442\u0443\u0440\u0435\u0446\u043a\u0438\u0445 \u0434\u0435\u0432\u0435\u043b\u043e\u043f\u0435\u0440\u043e\u0432. \u041c\u044b \u0440\u0430\u0431\u043e\u0442\u0430\u0435\u043c \u043d\u0430\u043f\u0440\u044f\u043c\u0443\u044e \u0441 \u0437\u0430\u0441\u0442\u0440\u043e\u0439\u0449\u0438\u043a\u0430\u043c\u0438, \u043f\u0440\u0435\u0434\u043b\u0430\u0433\u0430\u044f \u0438\u0441\u043a\u043b\u044e\u0447\u0438\u0442\u0435\u043b\u044c\u043d\u043e \u043f\u0440\u044f\u043c\u044b\u0435 \u0446\u0435\u043d\u044b, \u043a\u043e\u043c\u0444\u043e\u0440\u0442\u043d\u0443\u044e \u0440\u0430\u0441\u0441\u0440\u043e\u0447\u043a\u0443 \u0438 \u043f\u043e\u043b\u043d\u043e\u0435 \u044e\u0440\u0438\u0434\u0438\u0447\u0435\u0441\u043a\u043e\u0435 \u0441\u043e\u043f\u0440\u043e\u0432\u043e\u0436\u0434\u0435\u043d\u0438\u0435 \u0441\u0434\u0435\u043b\u043a\u0438. \u041e\u0442 \u043f\u0435\u0440\u0432\u043e\u0433\u043e \u0437\u0432\u043e\u043d\u043a\u0430 \u0434\u043e \u043f\u0435\u0440\u0435\u0434\u0430\u0447\u0438 \u043a\u043b\u044e\u0447\u0435\u0439 \u2014 \u043c\u044b \u0431\u0435\u0440\u0451\u043c \u043d\u0430 \u0441\u0435\u0431\u044f &#8230;<\/p>","protected":false},"author":13,"featured_media":50483,"parent":50538,"menu_order":0,"comment_status":"closed","ping_status":"closed","template":"page-hub-city.php","meta":{"_acf_changed":false,"om_disable_all_campaigns":false,"inline_featured_image":false,"_monsterinsights_skip_tracking":false,"_monsterinsights_sitenote_active":false,"_monsterinsights_sitenote_note":"","_monsterinsights_sitenote_category":0,"footnotes":""},"wf_page_folders":[464],"class_list":["post-50540","page","type-page","status-publish","has-post-thumbnail","hentry"],"acf":[],"aioseo_notices":[],"_links":{"self":[{"href":"https:\/\/uptrendhomesgroup.com\/tr\/wp-json\/wp\/v2\/pages\/50540","targetHints":{"allow":["GET"]}}],"collection":[{"href":"https:\/\/uptrendhomesgroup.com\/tr\/wp-json\/wp\/v2\/pages"}],"about":[{"href":"https:\/\/uptrendhomesgroup.com\/tr\/wp-json\/wp\/v2\/types\/page"}],"author":[{"embeddable":true,"href":"https:\/\/uptrendhomesgroup.com\/tr\/wp-json\/wp\/v2\/users\/13"}],"replies":[{"embeddable":true,"href":"https:\/\/uptrendhomesgroup.com\/tr\/wp-json\/wp\/v2\/comments?post=50540"}],"version-history":[{"count":4,"href":"https:\/\/uptrendhomesgroup.com\/tr\/wp-json\/wp\/v2\/pages\/50540\/revisions"}],"predecessor-version":[{"id":51175,"href":"https:\/\/uptrendhomesgroup.com\/tr\/wp-json\/wp\/v2\/pages\/50540\/revisions\/51175"}],"up":[{"embeddable":true,"href":"https:\/\/uptrendhomesgroup.com\/tr\/wp-json\/wp\/v2\/pages\/50538"}],"wp:featuredmedia":[{"embeddable":true,"href":"https:\/\/uptrendhomesgroup.com\/tr\/wp-json\/wp\/v2\/media\/50483"}],"wp:attachment":[{"href":"https:\/\/uptrendhomesgroup.com\/tr\/wp-json\/wp\/v2\/media?parent=50540"}],"wp:term":[{"taxonomy":"wf_page_folders","embeddable":true,"href":"https:\/\/uptrendhomesgroup.com\/tr\/wp-json\/wp\/v2\/wf_page_folders?post=50540"}],"curies":[{"name":"wp","href":"https:\/\/api.w.org\/{rel}","templated":true}]}}