{"id":50673,"date":"2026-05-12T13:06:59","date_gmt":"2026-05-12T10:06:59","guid":{"rendered":"https:\/\/uptrendhomesgroup.com\/?page_id=50673"},"modified":"2026-05-12T13:06:59","modified_gmt":"2026-05-12T10:06:59","slug":"istambul","status":"publish","type":"page","link":"https:\/\/uptrendhomesgroup.com\/tr\/satilik\/turkey\/istambul\/","title":{"rendered":"\u0130stanbul"},"content":{"rendered":"<p>\u0130stanbul&#039;da gayrimenkul sat\u0131n almak<\/p>\n<p>Yeni \u015fehir ekleme testi<\/p>","protected":false},"excerpt":{"rendered":"<p>\u0130stanbul&#039;da gayrimenkul sat\u0131n almak: Yeni bir \u015fehir eklemeyi test edin<\/p>","protected":false},"author":13,"featured_media":50674,"parent":50538,"menu_order":0,"comment_status":"closed","ping_status":"closed","template":"page-hub-city.php","meta":{"_acf_changed":false,"om_disable_all_campaigns":false,"inline_featured_image":false,"_monsterinsights_skip_tracking":false,"_monsterinsights_sitenote_active":false,"_monsterinsights_sitenote_note":"","_monsterinsights_sitenote_category":0,"footnotes":""},"wf_page_folders":[463],"class_list":["post-50673","page","type-page","status-publish","has-post-thumbnail","hentry"],"acf":[],"aioseo_notices":[],"_links":{"self":[{"href":"https:\/\/uptrendhomesgroup.com\/tr\/wp-json\/wp\/v2\/pages\/50673","targetHints":{"allow":["GET"]}}],"collection":[{"href":"https:\/\/uptrendhomesgroup.com\/tr\/wp-json\/wp\/v2\/pages"}],"about":[{"href":"https:\/\/uptrendhomesgroup.com\/tr\/wp-json\/wp\/v2\/types\/page"}],"author":[{"embeddable":true,"href":"https:\/\/uptrendhomesgroup.com\/tr\/wp-json\/wp\/v2\/users\/13"}],"replies":[{"embeddable":true,"href":"https:\/\/uptrendhomesgroup.com\/tr\/wp-json\/wp\/v2\/comments?post=50673"}],"version-history":[{"count":2,"href":"https:\/\/uptrendhomesgroup.com\/tr\/wp-json\/wp\/v2\/pages\/50673\/revisions"}],"predecessor-version":[{"id":50676,"href":"https:\/\/uptrendhomesgroup.com\/tr\/wp-json\/wp\/v2\/pages\/50673\/revisions\/50676"}],"up":[{"embeddable":true,"href":"https:\/\/uptrendhomesgroup.com\/tr\/wp-json\/wp\/v2\/pages\/50538"}],"wp:featuredmedia":[{"embeddable":true,"href":"https:\/\/uptrendhomesgroup.com\/tr\/wp-json\/wp\/v2\/media\/50674"}],"wp:attachment":[{"href":"https:\/\/uptrendhomesgroup.com\/tr\/wp-json\/wp\/v2\/media?parent=50673"}],"wp:term":[{"taxonomy":"wf_page_folders","embeddable":true,"href":"https:\/\/uptrendhomesgroup.com\/tr\/wp-json\/wp\/v2\/wf_page_folders?post=50673"}],"curies":[{"name":"wp","href":"https:\/\/api.w.org\/{rel}","templated":true}]}}