{"id":51190,"date":"2026-05-15T08:45:53","date_gmt":"2026-05-15T05:45:53","guid":{"rendered":"https:\/\/uptrendhomesgroup.com\/?page_id=51190"},"modified":"2026-05-15T08:50:20","modified_gmt":"2026-05-15T05:50:20","slug":"kleopatra","status":"publish","type":"page","link":"https:\/\/uptrendhomesgroup.com\/tr\/satilik\/turkey\/alanya\/kleopatra\/","title":{"rendered":"Alanya&#039;n\u0131n merkezinde, Kleoptra Plaj\u0131 yak\u0131nlar\u0131nda gayrimenkul sat\u0131n al\u0131n."},"content":{"rendered":"<p>Alanya&#039;n\u0131n merkezinde, \u00fcnl\u00fc Kleopatra Plaj\u0131&#039;na be\u015f dakikal\u0131k y\u00fcr\u00fcme mesafesinde bir daire sat\u0131n almay\u0131 m\u0131 hayal ediyorsunuz? Uptrend Homes Group, Alanya&#039;n\u0131n merkezinde, g\u00fcvenilir geli\u015ftiricilerden se\u00e7kin m\u00fclkler sunuyor: \u015f\u0131k st\u00fcdyolar, panoramik manzaral\u0131 daireler ve denize, ma\u011fazalara ve restoranlara y\u00fcr\u00fcme mesafesinde geni\u015f \u00e7at\u0131 kat\u0131 daireler. S\u0131f\u0131r kar marj\u0131yla do\u011frudan fiyatland\u0131rma, tam yasal destek ve yat\u0131r\u0131mc\u0131lar i\u00e7in y\u00f6netilen kiralama program\u0131 sunuyoruz. Bir talep g\u00f6nderin, b\u00fct\u00e7enize ve ya\u015fam tarz\u0131n\u0131za uygun, tatil beldesinin kalbinde m\u00fckemmel evi bulal\u0131m.<\/p>\n<p>&nbsp;<\/p>","protected":false},"excerpt":{"rendered":"<p>\u041c\u0435\u0447\u0442\u0430\u0435\u0442\u0435 \u043a\u0443\u043f\u0438\u0442\u044c \u043a\u0432\u0430\u0440\u0442\u0438\u0440\u0443 \u0432 \u0446\u0435\u043d\u0442\u0440\u0435 \u0410\u043b\u0430\u043d\u044c\u0438 \u0438 \u0432\u044b\u0439\u0442\u0438 \u043d\u0430 \u0437\u043d\u0430\u043c\u0435\u043d\u0438\u0442\u044b\u0439 \u043f\u043b\u044f\u0436 \u041a\u043b\u0435\u043e\u043f\u0430\u0442\u0440\u0430 \u0437\u0430 \u043f\u044f\u0442\u044c \u043c\u0438\u043d\u0443\u0442? \u0412 \u043a\u0430\u0442\u0430\u043b\u043e\u0433\u0435 Uptrend Homes Group \u2014 \u044d\u043a\u0441\u043a\u043b\u044e\u0437\u0438\u0432\u043d\u0430\u044f \u043d\u0435\u0434\u0432\u0438\u0436\u0438\u043c\u043e\u0441\u0442\u044c \u0432 \u0446\u0435\u043d\u0442\u0440\u0435 \u0410\u043b\u0430\u043d\u044c\u0438 \u043e\u0442 \u043f\u0440\u043e\u0432\u0435\u0440\u0435\u043d\u043d\u044b\u0445 \u0437\u0430\u0441\u0442\u0440\u043e\u0439\u0449\u0438\u043a\u043e\u0432: \u0441\u0442\u0438\u043b\u044c\u043d\u044b\u0435 \u0441\u0442\u0443\u0434\u0438\u0438, \u0430\u043f\u0430\u0440\u0442\u0430\u043c\u0435\u043d\u0442\u044b \u0441 \u043f\u0430\u043d\u043e\u0440\u0430\u043c\u043d\u044b\u043c \u0432\u0438\u0434\u043e\u043c \u0438 \u043f\u0440\u043e\u0441\u0442\u043e\u0440\u043d\u044b\u0435 \u043f\u0435\u043d\u0442\u0445\u0430\u0443\u0441\u044b \u0432 \u0448\u0430\u0433\u043e\u0432\u043e\u0439 \u0434\u043e\u0441\u0442\u0443\u043f\u043d\u043e\u0441\u0442\u0438 \u043e\u0442 \u043c\u043e\u0440\u044f, \u043c\u0430\u0433\u0430\u0437\u0438\u043d\u043e\u0432 \u0438 \u0440\u0435\u0441\u0442\u043e\u0440\u0430\u043d\u043e\u0432. \u041f\u0440\u044f\u043c\u044b\u0435 \u0446\u0435\u043d\u044b \u0431\u0435\u0437 \u043d\u0430\u0446\u0435\u043d\u043e\u043a, \u043f\u043e\u043b\u043d\u043e\u0435 \u044e\u0440\u0438\u0434\u0438\u0447\u0435\u0441\u043a\u043e\u0435 \u0441\u043e\u043f\u0440\u043e\u0432\u043e\u0436\u0434\u0435\u043d\u0438\u0435 \u0441\u0434\u0435\u043b\u043a\u0438 \u0438 \u043f\u0440\u043e\u0433\u0440\u0430\u043c\u043c\u0430 \u0443\u043f\u0440\u0430\u0432\u043b\u044f\u0435\u043c\u043e\u0439 \u0430\u0440\u0435\u043d\u0434\u044b \u0434\u043b\u044f \u0438\u043d\u0432\u0435\u0441\u0442\u043e\u0440\u043e\u0432. \u041e\u0441\u0442\u0430\u0432\u044c\u0442\u0435 \u0437\u0430\u044f\u0432\u043a\u0443 \u2014 \u0438 &#8230;<\/p>","protected":false},"author":13,"featured_media":51192,"parent":50540,"menu_order":0,"comment_status":"closed","ping_status":"closed","template":"page-hub-district.php","meta":{"_acf_changed":false,"om_disable_all_campaigns":false,"inline_featured_image":false,"_monsterinsights_skip_tracking":false,"_monsterinsights_sitenote_active":false,"_monsterinsights_sitenote_note":"","_monsterinsights_sitenote_category":0,"footnotes":""},"wf_page_folders":[464],"class_list":["post-51190","page","type-page","status-publish","has-post-thumbnail","hentry"],"acf":[],"aioseo_notices":[],"_links":{"self":[{"href":"https:\/\/uptrendhomesgroup.com\/tr\/wp-json\/wp\/v2\/pages\/51190","targetHints":{"allow":["GET"]}}],"collection":[{"href":"https:\/\/uptrendhomesgroup.com\/tr\/wp-json\/wp\/v2\/pages"}],"about":[{"href":"https:\/\/uptrendhomesgroup.com\/tr\/wp-json\/wp\/v2\/types\/page"}],"author":[{"embeddable":true,"href":"https:\/\/uptrendhomesgroup.com\/tr\/wp-json\/wp\/v2\/users\/13"}],"replies":[{"embeddable":true,"href":"https:\/\/uptrendhomesgroup.com\/tr\/wp-json\/wp\/v2\/comments?post=51190"}],"version-history":[{"count":3,"href":"https:\/\/uptrendhomesgroup.com\/tr\/wp-json\/wp\/v2\/pages\/51190\/revisions"}],"predecessor-version":[{"id":51196,"href":"https:\/\/uptrendhomesgroup.com\/tr\/wp-json\/wp\/v2\/pages\/51190\/revisions\/51196"}],"up":[{"embeddable":true,"href":"https:\/\/uptrendhomesgroup.com\/tr\/wp-json\/wp\/v2\/pages\/50540"}],"wp:featuredmedia":[{"embeddable":true,"href":"https:\/\/uptrendhomesgroup.com\/tr\/wp-json\/wp\/v2\/media\/51192"}],"wp:attachment":[{"href":"https:\/\/uptrendhomesgroup.com\/tr\/wp-json\/wp\/v2\/media?parent=51190"}],"wp:term":[{"taxonomy":"wf_page_folders","embeddable":true,"href":"https:\/\/uptrendhomesgroup.com\/tr\/wp-json\/wp\/v2\/wf_page_folders?post=51190"}],"curies":[{"name":"wp","href":"https:\/\/api.w.org\/{rel}","templated":true}]}}