{"id":51197,"date":"2026-05-15T09:05:35","date_gmt":"2026-05-15T06:05:35","guid":{"rendered":"https:\/\/uptrendhomesgroup.com\/?page_id=51197"},"modified":"2026-05-15T09:22:57","modified_gmt":"2026-05-15T06:22:57","slug":"oba","status":"publish","type":"page","link":"https:\/\/uptrendhomesgroup.com\/tr\/satilik\/turkey\/alanya\/oba\/","title":{"rendered":"Oba b\u00f6lgesinde bir daire veya ev sat\u0131n al\u0131n."},"content":{"rendered":"<p>Oba&#039;da bir daire sat\u0131n almay\u0131 ve Alanya \u015fehir merkezine sadece be\u015f dakika uzakl\u0131kta, sakin bir b\u00f6lgede ya\u015famay\u0131 m\u0131 hayal ediyorsunuz? Uptrend Homes Group, g\u00fcvenilir geli\u015ftiricilerden Oba&#039;da onaylanm\u0131\u015f gayrimenkuller sunuyor: iyi geli\u015fmi\u015f altyap\u0131ya sahip, aile dostu bir mahallede, \u015firin st\u00fcdyolar, ayd\u0131nl\u0131k deniz kenar\u0131 daireler ve geni\u015f villalar. Gizli \u00fccretler olmadan do\u011frudan fiyatland\u0131rma, tam yasal destek ve gelir elde etmek isteyenler i\u00e7in y\u00f6netilen bir kiralama program\u0131 sunuyoruz. Bir talep g\u00f6nderin, b\u00fct\u00e7enize ve T\u00fcrk k\u0131y\u0131lar\u0131nda ya\u015fama hayallerinize uygun m\u00fckemmel evi bulal\u0131m.<\/p>\n<p>&nbsp;<\/p>","protected":false},"excerpt":{"rendered":"<p>\u041c\u0435\u0447\u0442\u0430\u0435\u0442\u0435 \u043a\u0443\u043f\u0438\u0442\u044c \u043a\u0432\u0430\u0440\u0442\u0438\u0440\u0443 \u0432 \u0440\u0430\u0439\u043e\u043d\u0435 \u041e\u0431\u0430 \u0438 \u0436\u0438\u0442\u044c \u0432 \u0442\u0438\u0448\u0438\u043d\u0435, \u043d\u043e \u0432 \u043f\u044f\u0442\u0438 \u043c\u0438\u043d\u0443\u0442\u0430\u0445 \u043e\u0442 \u0446\u0435\u043d\u0442\u0440\u0430 \u0410\u043b\u0430\u043d\u044c\u0438? \u0412 \u043a\u0430\u0442\u0430\u043b\u043e\u0433\u0435 Uptrend Homes Group \u2014 \u043f\u0440\u043e\u0432\u0435\u0440\u0435\u043d\u043d\u0430\u044f \u043d\u0435\u0434\u0432\u0438\u0436\u0438\u043c\u043e\u0441\u0442\u044c \u0432 \u041e\u0431\u0430 \u043e\u0442 \u043d\u0430\u0434\u0451\u0436\u043d\u044b\u0445 \u0437\u0430\u0441\u0442\u0440\u043e\u0439\u0449\u0438\u043a\u043e\u0432: \u0443\u044e\u0442\u043d\u044b\u0435 \u0441\u0442\u0443\u0434\u0438\u0438, \u0441\u0432\u0435\u0442\u043b\u044b\u0435 \u0430\u043f\u0430\u0440\u0442\u0430\u043c\u0435\u043d\u0442\u044b \u0443 \u043c\u043e\u0440\u044f \u0438 \u043f\u0440\u043e\u0441\u0442\u043e\u0440\u043d\u044b\u0435 \u0432\u0438\u043b\u043b\u044b \u0432 \u0441\u0435\u043c\u0435\u0439\u043d\u043e\u043c \u0440\u0430\u0439\u043e\u043d\u0435 \u0441 \u0440\u0430\u0437\u0432\u0438\u0442\u043e\u0439 \u0438\u043d\u0444\u0440\u0430\u0441\u0442\u0440\u0443\u043a\u0442\u0443\u0440\u043e\u0439. \u041f\u0440\u044f\u043c\u044b\u0435 \u0446\u0435\u043d\u044b \u0431\u0435\u0437 \u0441\u043a\u0440\u044b\u0442\u044b\u0445 \u043d\u0430\u0446\u0435\u043d\u043e\u043a, \u043f\u043e\u043b\u043d\u043e\u0435 \u044e\u0440\u0438\u0434\u0438\u0447\u0435\u0441\u043a\u043e\u0435 \u0441\u043e\u043f\u0440\u043e\u0432\u043e\u0436\u0434\u0435\u043d\u0438\u0435 \u0441\u0434\u0435\u043b\u043a\u0438 \u0438 \u043f\u0440\u043e\u0433\u0440\u0430\u043c\u043c\u0430 \u0443\u043f\u0440\u0430\u0432\u043b\u044f\u0435\u043c\u043e\u0439 \u0430\u0440\u0435\u043d\u0434\u044b \u0434\u043b\u044f \u0442\u0435\u0445, \u043a\u0442\u043e \u0445\u043e\u0447\u0435\u0442 \u043f\u043e\u043b\u0443\u0447\u0430\u0442\u044c \u0434\u043e\u0445\u043e\u0434. &#8230;<\/p>","protected":false},"author":13,"featured_media":51204,"parent":50540,"menu_order":0,"comment_status":"closed","ping_status":"closed","template":"page-hub-district.php","meta":{"_acf_changed":false,"om_disable_all_campaigns":false,"inline_featured_image":false,"_monsterinsights_skip_tracking":false,"_monsterinsights_sitenote_active":false,"_monsterinsights_sitenote_note":"","_monsterinsights_sitenote_category":0,"footnotes":""},"wf_page_folders":[464],"class_list":["post-51197","page","type-page","status-publish","has-post-thumbnail","hentry"],"acf":[],"aioseo_notices":[],"_links":{"self":[{"href":"https:\/\/uptrendhomesgroup.com\/tr\/wp-json\/wp\/v2\/pages\/51197","targetHints":{"allow":["GET"]}}],"collection":[{"href":"https:\/\/uptrendhomesgroup.com\/tr\/wp-json\/wp\/v2\/pages"}],"about":[{"href":"https:\/\/uptrendhomesgroup.com\/tr\/wp-json\/wp\/v2\/types\/page"}],"author":[{"embeddable":true,"href":"https:\/\/uptrendhomesgroup.com\/tr\/wp-json\/wp\/v2\/users\/13"}],"replies":[{"embeddable":true,"href":"https:\/\/uptrendhomesgroup.com\/tr\/wp-json\/wp\/v2\/comments?post=51197"}],"version-history":[{"count":5,"href":"https:\/\/uptrendhomesgroup.com\/tr\/wp-json\/wp\/v2\/pages\/51197\/revisions"}],"predecessor-version":[{"id":51205,"href":"https:\/\/uptrendhomesgroup.com\/tr\/wp-json\/wp\/v2\/pages\/51197\/revisions\/51205"}],"up":[{"embeddable":true,"href":"https:\/\/uptrendhomesgroup.com\/tr\/wp-json\/wp\/v2\/pages\/50540"}],"wp:featuredmedia":[{"embeddable":true,"href":"https:\/\/uptrendhomesgroup.com\/tr\/wp-json\/wp\/v2\/media\/51204"}],"wp:attachment":[{"href":"https:\/\/uptrendhomesgroup.com\/tr\/wp-json\/wp\/v2\/media?parent=51197"}],"wp:term":[{"taxonomy":"wf_page_folders","embeddable":true,"href":"https:\/\/uptrendhomesgroup.com\/tr\/wp-json\/wp\/v2\/wf_page_folders?post=51197"}],"curies":[{"name":"wp","href":"https:\/\/api.w.org\/{rel}","templated":true}]}}