{"id":5701,"date":"2015-02-17T15:14:31","date_gmt":"2015-02-17T15:14:31","guid":{"rendered":"http:\/\/demo2.wpresidence.net\/?page_id=5701"},"modified":"2015-02-17T15:14:31","modified_gmt":"2015-02-17T15:14:31","slug":"agents-list-sidebar-right-2","status":"publish","type":"page","link":"https:\/\/uptrendhomesgroup.com\/tr\/agents-list-sidebar-right-2\/","title":{"rendered":"Emlak\u00e7\u0131lar Listesi \u2014 Sa\u011f Kenar \u00c7ubu\u011fu"},"content":{"rendered":"<p>Kendimizi k\u00fc\u00e7\u00fck ama m\u00fckemmel bir \u015fekilde olu\u015fturulmu\u015f bir kiralama ve y\u00f6netim acentesi olarak d\u00fc\u015f\u00fcnmeyi seviyoruz. \u00c7al\u0131\u015farak b\u00fcy\u00fck bir acenteden bekledi\u011finiz tan\u0131n\u0131rl\u0131\u011f\u0131, bilgiyi ve uzmanl\u0131\u011f\u0131 elde edersiniz, ancak yaln\u0131zca 100% m\u00fc\u015fteri ve kirac\u0131 odakl\u0131, daha k\u00fc\u00e7\u00fck bir i\u015fletmeden alaca\u011f\u0131n\u0131z hizmeti al\u0131rs\u0131n\u0131z.<\/p>\n<p>\u0130ster New York b\u00f6lgesinde sat\u0131l\u0131k m\u00fclk, ister kiral\u0131k m\u00fclk ar\u0131yor olun, WP Residence aramay\u0131 kolayla\u015ft\u0131r\u0131r. \u0130deal villan\u0131z\u0131, m\u00fcstakil evinizi veya dairenizi bulmak i\u00e7in benzersiz co\u011frafi konum haritalama \u00f6zelli\u011fimizi kullan\u0131n ve do\u011frudan sahipleriyle ileti\u015fime ge\u00e7in. Hayalinizdeki evi sadece birka\u00e7 saniyede bulman\u0131za yard\u0131mc\u0131 olaca\u011f\u0131z.<\/p>","protected":false},"excerpt":{"rendered":"<p>Kendimizi k\u00fc\u00e7\u00fck ama m\u00fckemmel bir \u015fekilde olu\u015fturulmu\u015f bir kiralama ve y\u00f6netim acentesi olarak d\u00fc\u015f\u00fcnmeyi seviyoruz. \u00c7al\u0131\u015ft\u0131\u011f\u0131n\u0131zda b\u00fcy\u00fck bir acenteden bekledi\u011finiz g\u00f6r\u00fcn\u00fcrl\u00fc\u011f\u00fc, bilgiyi ve uzmanl\u0131\u011f\u0131 elde edersiniz, ancak yaln\u0131zca 100% m\u00fc\u015fteri ve kirac\u0131 odakl\u0131, daha k\u00fc\u00e7\u00fck bir i\u015fletmeden alaca\u011f\u0131n\u0131z hizmeti al\u0131rs\u0131n\u0131z. \u0130ster New York b\u00f6lgesinde sat\u0131l\u0131k m\u00fclk, ister kiral\u0131k m\u00fclk ar\u0131yor olun, \u2026<\/p>","protected":false},"author":13,"featured_media":0,"parent":0,"menu_order":0,"comment_status":"open","ping_status":"open","template":"agents_list.php","meta":{"_acf_changed":false,"om_disable_all_campaigns":false,"inline_featured_image":false,"_monsterinsights_skip_tracking":false,"_monsterinsights_sitenote_active":false,"_monsterinsights_sitenote_note":"","_monsterinsights_sitenote_category":0,"footnotes":""},"class_list":["post-5701","page","type-page","status-publish","hentry"],"acf":[],"aioseo_notices":[],"_links":{"self":[{"href":"https:\/\/uptrendhomesgroup.com\/tr\/wp-json\/wp\/v2\/pages\/5701","targetHints":{"allow":["GET"]}}],"collection":[{"href":"https:\/\/uptrendhomesgroup.com\/tr\/wp-json\/wp\/v2\/pages"}],"about":[{"href":"https:\/\/uptrendhomesgroup.com\/tr\/wp-json\/wp\/v2\/types\/page"}],"author":[{"embeddable":true,"href":"https:\/\/uptrendhomesgroup.com\/tr\/wp-json\/wp\/v2\/users\/13"}],"replies":[{"embeddable":true,"href":"https:\/\/uptrendhomesgroup.com\/tr\/wp-json\/wp\/v2\/comments?post=5701"}],"version-history":[{"count":0,"href":"https:\/\/uptrendhomesgroup.com\/tr\/wp-json\/wp\/v2\/pages\/5701\/revisions"}],"wp:attachment":[{"href":"https:\/\/uptrendhomesgroup.com\/tr\/wp-json\/wp\/v2\/media?parent=5701"}],"curies":[{"name":"wp","href":"https:\/\/api.w.org\/{rel}","templated":true}]}}