{"id":645,"date":"2014-05-30T10:28:05","date_gmt":"2014-05-30T10:28:05","guid":{"rendered":"http:\/\/wpresidence.net\/?page_id=645"},"modified":"2014-05-30T10:28:05","modified_gmt":"2014-05-30T10:28:05","slug":"properties-list-sidebar-left","status":"publish","type":"page","link":"https:\/\/uptrendhomesgroup.com\/tr\/properties-list-sidebar-left\/","title":{"rendered":"\u00d6zellikler Listesi - Sol Kenar \u00c7ubu\u011fu"},"content":{"rendered":"<p><strong>Lorem Ipsum<\/strong> basit\u00e7e bask\u0131 ve dizgi end\u00fcstrisinin sahte metnidir. Lorem Ipsum, bilinmeyen bir yaz\u0131c\u0131n\u0131n bir yaz\u0131 galerisi al\u0131p kar\u0131\u015ft\u0131rarak bir yaz\u0131 \u00f6rne\u011fi kitab\u0131 yapt\u0131\u011f\u0131 1500&#039;lerden beri end\u00fcstrinin standart sahte metni olmu\u015ftur. Sadece be\u015f y\u00fczy\u0131l\u0131 de\u011fil, ayn\u0131 zamanda elektronik dizgiye ge\u00e7i\u015fi de atlatm\u0131\u015f ve temelde de\u011fi\u015fmeden kalm\u0131\u015ft\u0131r. 1960&#039;larda Lorem Ipsum pasajlar\u0131 i\u00e7eren Letraset sayfalar\u0131n\u0131n piyasaya s\u00fcr\u00fclmesiyle ve daha yak\u0131n zamanda Aldus PageMaker gibi masa\u00fcst\u00fc yay\u0131nc\u0131l\u0131k yaz\u0131l\u0131mlar\u0131n\u0131n Lorem Ipsum s\u00fcr\u00fcmlerini i\u00e7ermesiyle pop\u00fcler hale gelmi\u015ftir.<\/p>","protected":false},"excerpt":{"rendered":"<p>Lorem Ipsum, basit\u00e7e bask\u0131 ve dizgi end\u00fcstrisinin sahte metnidir. Lorem Ipsum, bilinmeyen bir yaz\u0131c\u0131n\u0131n bir yaz\u0131 galerisini al\u0131p kar\u0131\u015ft\u0131rarak bir yaz\u0131 \u00f6rne\u011fi kitab\u0131 yapt\u0131\u011f\u0131 1500&#039;lerden beri end\u00fcstrinin standart sahte metni olmu\u015ftur. Sadece be\u015f y\u00fczy\u0131l\u0131 de\u011fil, ayn\u0131 zamanda elektronik dizgiye ge\u00e7i\u015fi de atlatm\u0131\u015f ve temelde de\u011fi\u015fmeden kalm\u0131\u015ft\u0131r. ...<\/p>","protected":false},"author":13,"featured_media":0,"parent":0,"menu_order":0,"comment_status":"open","ping_status":"open","template":"property_list.php","meta":{"_acf_changed":false,"om_disable_all_campaigns":false,"inline_featured_image":false,"_monsterinsights_skip_tracking":false,"_monsterinsights_sitenote_active":false,"_monsterinsights_sitenote_note":"","_monsterinsights_sitenote_category":0,"footnotes":""},"class_list":["post-645","page","type-page","status-publish","hentry"],"acf":[],"aioseo_notices":[],"_links":{"self":[{"href":"https:\/\/uptrendhomesgroup.com\/tr\/wp-json\/wp\/v2\/pages\/645","targetHints":{"allow":["GET"]}}],"collection":[{"href":"https:\/\/uptrendhomesgroup.com\/tr\/wp-json\/wp\/v2\/pages"}],"about":[{"href":"https:\/\/uptrendhomesgroup.com\/tr\/wp-json\/wp\/v2\/types\/page"}],"author":[{"embeddable":true,"href":"https:\/\/uptrendhomesgroup.com\/tr\/wp-json\/wp\/v2\/users\/13"}],"replies":[{"embeddable":true,"href":"https:\/\/uptrendhomesgroup.com\/tr\/wp-json\/wp\/v2\/comments?post=645"}],"version-history":[{"count":0,"href":"https:\/\/uptrendhomesgroup.com\/tr\/wp-json\/wp\/v2\/pages\/645\/revisions"}],"wp:attachment":[{"href":"https:\/\/uptrendhomesgroup.com\/tr\/wp-json\/wp\/v2\/media?parent=645"}],"curies":[{"name":"wp","href":"https:\/\/api.w.org\/{rel}","templated":true}]}}