{"id":7747,"date":"2015-11-04T10:23:09","date_gmt":"2015-11-04T10:23:09","guid":{"rendered":"http:\/\/wpresidence.net\/?page_id=7747"},"modified":"2015-11-04T10:23:09","modified_gmt":"2015-11-04T10:23:09","slug":"agents-shortcode","status":"publish","type":"page","link":"https:\/\/uptrendhomesgroup.com\/ua\/agents-shortcode\/","title":{"rendered":"Agents List Shortcodes"},"content":{"rendered":"<p>[vc_row][vc_column][vc_column_text]<\/p>\n<h1>List Agents<\/h1>\n<p>You can add agents to any page using 2 shortcodes, list agents or featured agent. List Agents allows you publish a list of agents using also their category. For example you can publish only agents assigned to a city or area. Agents category is managed from admin and these can be assigned to agents if agents are added from admin.[\/vc_column_text][\/vc_column][\/vc_row][vc_row css=&#187;.vc_custom_1507791585904{margin-top: 45px !important;margin-bottom: 45px !important;}&#187;][vc_column]<div class=\"article_container bottom-estate_agent nobutton \" ><h2 class=\"shortcode_title\">Our Agents in New York<\/h2>\r\n<div class=\" ccvagnet col-md-4 listing_wrapper\">         \r\n    <div class=\"agent_unit\" data-link=\"https:\/\/uptrendhomesgroup.com\/ua\/agents\/mubin-ozdemir\/\">\r\n        <div class=\"agent-unit-img-wrapper\">\r\n                  \r\n            \r\n            \r\n         \r\n            <img fetchpriority=\"high\" decoding=\"async\" width=\"524\" height=\"328\" src=\"https:\/\/uptrendhomesgroup.com\/wp-content\/uploads\/2023\/10\/276c226092f2752cf551cd3bd3615766-524x328.jpg\" class=\"lazyload img-responsive wp-post-image\" alt=\"\" \/>        <\/div>    \r\n            \r\n\r\n        <h4> <a href=\"https:\/\/uptrendhomesgroup.com\/ua\/agents\/mubin-ozdemir\/\">M\u00fcbin \u00d6zdemir<\/a><\/h4>\r\n        <div class=\"agent_position\">Yaz\u0131l\u0131mc\u0131<\/div><div class=\"agent_card_content\"><\/div>\r\n     \r\n       \r\n        <div class=\"agent_unit_social agent_list\">\r\n        \r\n               \r\n               <div class=\"agent_unit_phone\"><a href=\"tel:05385065546\" rel=\"noopener\" ><i class=\"fas fa-phone\"><\/i><\/a><\/div><div class=\"agent_unit_email\"><a href=\"mailto:uptrenexcel@gmail.com\" rel=\"noopener\" ><i class=\"fas fa-envelope\"><\/i><\/a><\/div>           \r\n        <\/div>\r\n    <\/div>\r\n<\/div>   \r\n<!-- <\/div>    -->\r\n<div class=\" ccvagnet col-md-4 listing_wrapper\">         \r\n    <div class=\"agent_unit\" data-link=\"https:\/\/uptrendhomesgroup.com\/ua\/agents\/uptrend-homes\/\">\r\n        <div class=\"agent-unit-img-wrapper\">\r\n                  \r\n            \r\n            \r\n         \r\n            <img decoding=\"async\" width=\"314\" height=\"180\" src=\"https:\/\/uptrendhomesgroup.com\/wp-content\/uploads\/2024\/01\/Adsiz-tasarim-2-1.png\" class=\"lazyload img-responsive wp-post-image\" alt=\"\" srcset=\"https:\/\/uptrendhomesgroup.com\/wp-content\/uploads\/2024\/01\/Adsiz-tasarim-2-1.png 314w, https:\/\/uptrendhomesgroup.com\/wp-content\/uploads\/2024\/01\/Adsiz-tasarim-2-1-300x172.png 300w, https:\/\/uptrendhomesgroup.com\/wp-content\/uploads\/2024\/01\/Adsiz-tasarim-2-1-18x10.png 18w, https:\/\/uptrendhomesgroup.com\/wp-content\/uploads\/2024\/01\/Adsiz-tasarim-2-1-143x83.png 143w\" sizes=\"(max-width: 314px) 100vw, 314px\" \/>        <\/div>    \r\n            \r\n\r\n        <h4> <a href=\"https:\/\/uptrendhomesgroup.com\/ua\/agents\/uptrend-homes\/\">Uptrend Homes<\/a><\/h4>\r\n        <div class=\"agent_position\"><\/div><div class=\"agent_card_content\"><\/div>\r\n     \r\n       \r\n        <div class=\"agent_unit_social agent_list\">\r\n        \r\n               \r\n               <div class=\"agent_unit_phone\"><a href=\"tel:+90 (549) 528 70 51\" rel=\"noopener\" ><i class=\"fas fa-phone\"><\/i><\/a><\/div><div class=\"agent_unit_email\"><a href=\"mailto:infouptrendhomes@gmail.com\" rel=\"noopener\" ><i class=\"fas fa-envelope\"><\/i><\/a><\/div>           \r\n        <\/div>\r\n    <\/div>\r\n<\/div>   \r\n<!-- <\/div>    --><\/div>[\/vc_column][\/vc_row][vc_row][vc_column][vc_column_text]<\/p>\n<h2>Featured Agents<\/h2>\n<p>[\/vc_column_text][\/vc_column][\/vc_row][vc_row][vc_column width=&#187;1\/3&#8243;][\/vc_column][vc_column width=&#187;1\/3&#8243;][\/vc_column][vc_column width=&#187;1\/3&#8243;][\/vc_column][\/vc_row]<\/p>\n","protected":false},"excerpt":{"rendered":"<p>[vc_row][vc_column][vc_column_text] List Agents You can add agents to any page using 2 shortcodes, list agents or featured agent. List Agents allows you publish a list of agents using also their category. For example you can publish only agents assigned to a city or area. Agents category is managed from admin and these can be assigned to agents if agents are added from admin.[\/vc_column_text][\/vc_column][\/vc_row][vc_row css=&#187;.vc_custom_1507791585904{margin-top: &#8230;<\/p>\n","protected":false},"author":13,"featured_media":0,"parent":0,"menu_order":0,"comment_status":"closed","ping_status":"closed","template":"","meta":{"_acf_changed":false,"om_disable_all_campaigns":false,"inline_featured_image":false,"_monsterinsights_skip_tracking":false,"_monsterinsights_sitenote_active":false,"_monsterinsights_sitenote_note":"","_monsterinsights_sitenote_category":0,"footnotes":""},"class_list":["post-7747","page","type-page","status-publish","hentry"],"acf":[],"aioseo_notices":[],"_links":{"self":[{"href":"https:\/\/uptrendhomesgroup.com\/ua\/wp-json\/wp\/v2\/pages\/7747","targetHints":{"allow":["GET"]}}],"collection":[{"href":"https:\/\/uptrendhomesgroup.com\/ua\/wp-json\/wp\/v2\/pages"}],"about":[{"href":"https:\/\/uptrendhomesgroup.com\/ua\/wp-json\/wp\/v2\/types\/page"}],"author":[{"embeddable":true,"href":"https:\/\/uptrendhomesgroup.com\/ua\/wp-json\/wp\/v2\/users\/13"}],"replies":[{"embeddable":true,"href":"https:\/\/uptrendhomesgroup.com\/ua\/wp-json\/wp\/v2\/comments?post=7747"}],"version-history":[{"count":0,"href":"https:\/\/uptrendhomesgroup.com\/ua\/wp-json\/wp\/v2\/pages\/7747\/revisions"}],"wp:attachment":[{"href":"https:\/\/uptrendhomesgroup.com\/ua\/wp-json\/wp\/v2\/media?parent=7747"}],"curies":[{"name":"wp","href":"https:\/\/api.w.org\/{rel}","templated":true}]}}